{"id":712,"date":"2016-02-23T22:49:06","date_gmt":"2016-02-24T01:49:06","guid":{"rendered":"http:\/\/www.filacp.org\/sitio\/?page_id=712"},"modified":"2025-09-12T11:30:50","modified_gmt":"2025-09-12T14:30:50","slug":"historia-de-la-filacp","status":"publish","type":"page","link":"https:\/\/www.filacp.org\/web26\/historia-de-la-filacp\/","title":{"rendered":"Historia de la FILACP"},"content":{"rendered":"\t\t<div data-elementor-type=\"wp-page\" data-elementor-id=\"712\" class=\"elementor elementor-712\">\n\t\t\t\t\t\t<section class=\"elementor-section elementor-top-section elementor-element elementor-element-544ad545 elementor-section-full_width elementor-section-height-default elementor-section-height-default\" data-id=\"544ad545\" data-element_type=\"section\">\n\t\t\t\t\t\t<div class=\"elementor-container elementor-column-gap-default\">\n\t\t\t\t\t<div class=\"elementor-column elementor-col-100 elementor-top-column elementor-element elementor-element-6f0a8223\" data-id=\"6f0a8223\" data-element_type=\"column\">\n\t\t\t<div class=\"elementor-widget-wrap elementor-element-populated\">\n\t\t\t\t\t\t<div class=\"elementor-element elementor-element-2df025af elementor-widget elementor-widget-text-editor\" data-id=\"2df025af\" data-element_type=\"widget\" data-widget_type=\"text-editor.default\">\n\t\t\t\t<div class=\"elementor-widget-container\">\n\t\t\t\t\t\t\t\t\t<p>Un grupo peque\u00f1o pero selecto de cirujanos pl\u00e1sticos, asumieron la tarea de organizar la Sociedad de Cirug\u00eda Pl\u00e1stica Latinoamericana: los Drs. Oscar Ivanissevich, Lelio Zeno, H\u00e9ctor Marino y Ernesto Malbec, de Argentina; Antonio Prudente, Rebello Neto y Linneu Silveira, de Brasil; Enrique Apolo y Pedro Pedemonte, de Uruguay; Jos\u00e9 V\u00e9lez Diez de Canseco de Per\u00fa; y Emilio Aldunate Phillips y Rafael Urzua Casas-Cordero, de Chile. La Sociedad fue constituida en Sao Paulo, Brasil en Julio, 1940.<\/p><p>El primer congreso de esta nueva sociedad se celebr\u00f3 en R\u00edo de Janeiro y Sao Paulo, del 6 al 12 de julio de 1941, bajo la presidencia del Dr. Antonio Prudente. \u00a0En esa \u00e9poca los Congresos se realizaban en dos ciudades diferentes del mismo pa\u00eds debido a que la transportaci\u00f3n era muy limitada para llegar de distintos pa\u00edses y poder juntar a los cirujanos pl\u00e1sticos de Iberoam\u00e9rica, por tal motivo se eleg\u00edan dos ciudades importantes de cada pa\u00eds anfitri\u00f3n.<\/p><p>Los t\u00f3picos oficiales fueron \u201cTratamiento de Heridas\u201d por el Prof. Lelio Zeno y el Dr. Antonio Prudente, e \u201cInclusiones en Cirug\u00eda Pl\u00e1stica\u201d por los Drs. Ernesto Malbec y Rebello Neto.<\/p><p>El II Congreso se celebr\u00f3 en Buenos Aires y Rosario, el 18 y el 24 de Octubre de 1942, presidido por el Dr. Lelio Zeno. Los temas tratados fueron \u201cLabio y paladar leporino\u201d y \u201cGrandes perdidas de tejidos de la cara\u201d.<\/p><p>El III Congreso tuvo lugar en Chile , en la ciudades de Santiago y Vi\u00f1a del Mar el 22 y 26 de Octubre de 1944, hace exactamente 70 a\u00f1os.<\/p><p>El Presidente fue el Prof. Johow, con el Dr. Rene Artigas como Secretario. Debido a la gran dificultad existente en aquellas fechas para realizar los largos desplazamientos, se acord\u00f3 celebrar los congresos regionales cada 2 a\u00f1os, uno en el Cono Norte y otro en el Cono Sur de una forma simult\u00e1nea con el Congreso General de la Sociedad que tambi\u00e9n tendr\u00eda un car\u00e1cter bianual.<\/p><p>En 1965, la Sociedad Argentina invit\u00f3 a las sociedades de cirug\u00eda pl\u00e1stica Espa\u00f1ola y Portuguesa al primer congreso Ibero &#8211; americano, presidido por los Drs. Ernesto Malbec, Norberto Spera y H\u00e9ctor la Ruffa. \u00a0Los Drs. Benito Vilar \u00a0Sancho y Ulrich Hinderer representaban a Espa\u00f1a.<\/p><p>El Dr. Hinderer entonces propuso que la Sociedad Espa\u00f1ola celebrase un segundo Congreso Ibero &#8211; Americano en Espa\u00f1a en 1971, el cual tuvo lugar en C\u00f3rdoba y fue presidido por los Dres. Jos\u00e9 Cabrera y Ulrich Hinderer.<\/p><p>En este congreso, los Dres. Benito Vilar Sancho y Mario Gonz\u00e1lez Ulloa prepararon un manifiesto que fue firmado por los representantes de los pa\u00edses ibero latinoamericanos, expresando el deseo de crear una Federaci\u00f3n.<\/p><p>En 1972, durante la celebraci\u00f3n del XII Congreso de la Sociedad Latinoamericana en Brasil y bajo la presidencia del Dr. Ricardo Baroudi, Espa\u00f1a y Portugal confirmaron su inter\u00e9s de unirse al grupo Latinoamericano en base a los lazos culturales que hermanaban a los pa\u00edses representados por las Sociedades cient\u00edficas de la futura Federaci\u00f3n.<\/p><p>Durante el XIII congreso, celebrado en 1974 en Caracas, Venezuela, el proyecto fue aprobado un\u00e1nimemente, y la Federaci\u00f3n Ibero-Latinoamericana de Cirug\u00eda Pl\u00e1stica y Reconstructiva fue constituida por todas las Sociedades Nacionales de Cirug\u00eda Pl\u00e1stica de Latinoam\u00e9rica y la pen\u00ednsula ib\u00e9rica. Aqu\u00ed nace oficialmente la FILACP.<\/p><p>Los principales objetivos marcados desde el nacimiento de la FILACP, y encomendados al primer Secretario General, Dr. Xavier Ojeda (M\u00e9xico) fueron:<\/p>\t\t\t\t\t\t\t\t<\/div>\n\t\t\t\t<\/div>\n\t\t\t\t<div class=\"elementor-element elementor-element-e4cb9e4 elementor-widget elementor-widget-text-editor\" data-id=\"e4cb9e4\" data-element_type=\"widget\" data-widget_type=\"text-editor.default\">\n\t\t\t\t<div class=\"elementor-widget-container\">\n\t\t\t\t\t\t\t\t\t<p style=\"text-align: center;\"><em><strong>Asistir en la formaci\u00f3n de sociedades nacionales.<br \/><\/strong><\/em><em><strong>Celebrar congresos cada dos a\u00f1os.<br \/><\/strong><\/em><em><strong>Promover sus papeles cient\u00edficos a trav\u00e9s de su \u00f3rgano oficial.<br \/><\/strong><\/em><em><strong>Promover preparaci\u00f3n post-graduado.<br \/><\/strong><\/em><em><strong>Cuidar la \u00e9tica de sus miembros.<br \/><\/strong><\/em><em><strong>Crear una Fundaci\u00f3n Educacional.<br \/><\/strong><\/em><em><strong>Instituir un Premio Internacional para Residentes.<\/strong><\/em><\/p>\t\t\t\t\t\t\t\t<\/div>\n\t\t\t\t<\/div>\n\t\t\t\t<div class=\"elementor-element elementor-element-1dab629 elementor-widget elementor-widget-text-editor\" data-id=\"1dab629\" data-element_type=\"widget\" data-widget_type=\"text-editor.default\">\n\t\t\t\t<div class=\"elementor-widget-container\">\n\t\t\t\t\t\t\t\t\t<p>Todos estos objetivos fundacionales siguen siendo cumplidos hasta la actualidad.<\/p><p>Tambi\u00e9n, antes de la fundaci\u00f3n de la FILACP, hab\u00eda dos revistas de nuestra especialidad publicadas en espa\u00f1ol: la Revista Latinoamericana, editada primero por el Dr. Mario Gonz\u00e1lez Ulloa, de M\u00e9xico y despu\u00e9s por los Drs. Duarte Cordoso, Brasil y Tito Tulio Roa, Colombia; y la Revista Espa\u00f1ola de Cirug\u00eda Pl\u00e1stica, promovida por el Dr. Rafael de la Plaza y dirigida por los Drs. Ulrich Hinderer y Juan Quetglas, Espa\u00f1a.<\/p><p>Tanto los editores como sus sociedades respectivas optaron por sacrificar sus intereses personales y aceptaron plenamente suspender la edici\u00f3n de sus revistas para refundirlas en una sola encargada en un futuro de ser el \u00f3rgano de difusi\u00f3n de la Federaci\u00f3n: \u201cCirug\u00eda Pl\u00e1stica Ibero Latinoamericana\u201d.<\/p><p>El primer n\u00famero se public\u00f3 en Enero 1975, y con cuatro n\u00fameros por a\u00f1o, actualmente sigue hoy bajo la direcci\u00f3n de la Dra. Mar\u00eda del Mar Vaquero, colaboradora directa del \u00a0Dr. Quetglas, el cual ha sido el alma de la Revista.<\/p><p>El cargo de Secretario General ten\u00eda una duraci\u00f3n de 4 a\u00f1os y fue ocupado por Drs. Xavier Ojeda (M\u00e9xico); Fortunato Benaim (Argentina); Rafael Soto-Matos (Venezuela); Jorge Bracho ( Ecuador); Liacyr Ribeiro ( Brasil); Rafael de la Plaza (Espa\u00f1a); Manuel Garc\u00eda Velasco (M\u00e9xico); Manuela Berrocal Revueltas (Colombia).<\/p><p>A partir de 2006, el Consejo Directivo, integrado por los 22 Presidentes de las Sociedades Nacionales Miembros, decide que la duraci\u00f3n en el cargo en la Secretar\u00eda General ser\u00e1 de 2 a\u00f1os y se cambia la denominaci\u00f3n de Secretario General por la de Presidente de la FILACP, cargo que ha sido ocupado por los Drs. Wilfredo Calder\u00f3n (Chile); R\u00f3mulo Guerrero (Ecuador); Jos\u00e9 Tariki (Brasil); Reinaldo Kube Le\u00f3n (Venezuela); Julio Kirschbaum (Per\u00fa) y actualmente el Dr. Guillermo V\u00e1zquez (Argentina) en el per\u00edodo 2016-2018.<\/p><p>Cada uno de ellos ha impuesto un sello de vitalidad y progreso en la FILACP.<\/p><p>Durante la Presidencia del Dr. Jos\u00e9 Tariki, se produce la adquisici\u00f3n de una sede en un lugar estrat\u00e9gico, desde el punto de vista financiero y de conectividad para el beneficio de todos los pa\u00edses que conforman la FILACP .<\/p><p>La ciudad de Panam\u00e1 fue la elegida y con la ayuda desinteresada de la empresa Silimed que colabor\u00f3 econ\u00f3micamente, se pudo concretar el sue\u00f1o tan anhelado que era tener la Sede propia.<\/p><p>La misma fue inaugurada durante el Congreso Regional Centroamericano y del Caribe que se realiz\u00f3 en Panam\u00e1 del 30 de octubre al 1ro. de noviembre de 2013, bajo la presidencia del Dr. Reinaldo Kube.<\/p><p>La Fundaci\u00f3n Educacional se ha encargado con \u00e9xito de la promoci\u00f3n de la ense\u00f1anza de la cirug\u00eda pl\u00e1stica en todos sus ramas y aspectos. Su primer Director fue el Dr. Felipe Coiffman, de Colombia, quien lleg\u00f3 a ser el Editor del libro de texto Ibero Latinoamericano \u201cTexto de Cirug\u00eda Pl\u00e1stica, Reconstructiva y Est\u00e9tica\u201d. Una cuarta edici\u00f3n excelente en seis vol\u00famenes ha sido publicado recientemente y constituye el exponente mayor de la cirug\u00eda pl\u00e1stica en el idioma espa\u00f1ol.<\/p><p>Los Congresos y sus Presidentes, Desde la creaci\u00f3n de la FILACP, cada dos a\u00f1o, se realiza el Congreso Bienal de la Federaci\u00f3n Ibero latinoamericana de Cirug\u00eda Pl\u00e1stica, evento que re\u00fane todas las sociedades miembros en un grandioso intercambio cient\u00edfico y social que ha ido creando la hermandad de los cirujanos pl\u00e1sticos de Ibero Latinoam\u00e9rica.<\/p><p>El 1er Congreso FILACP se realiz\u00f3 en el a\u00f1o 1976, en la Ciudad de Quito, Ecuador, el Dr. Jorge Bracho fue el presidente del Comit\u00e9 Organizador. El segundo se realiz\u00f3 en 1978 en Guadalajara, M\u00e9xico, fue presidido por el Dr. Jos\u00e9 Guerrerosantos; El III Congreso FILACP se realiz\u00f3 en 1980, en Valencia, Espa\u00f1a (Dr. Vicente Mirabet); el IV n 1982, \u00a0Buenos Aires, Argentina (Dr. Julio Frontera Vaca); El V en 1984, Asunci\u00f3n, Paraguay (Dr. Doralvo Franco); el VI en 1986, San Juan, Puerto Rico (Dr. Vargas Busquets); el VII en 1988, Cartagena de Indias, Colombia (Dr. Felipe Coiffman); el VIII en 1990, Guatemala, Guatemala (Dr. Arreaga de Le\u00f3n), el IX en 1992, Lisboa, Portugal (Dra. Mar\u00eda Julia Amaral);\u00a0 el X en 1994, Vi\u00f1a del Mar, Chile (Dr. Gustavo Alfaro); el XI en 1996, Rio de Janeiro, Brasil (Dr. Farid Hakme), el XII en 1998, Santo Domingo, Rep\u00fablica Dominicana (Dr. Luis Espaillat Moya); el XIII en 2000, Lima, Per\u00fa (Dr. Carlos Navarro), el XIV en 2002, Canc\u00fan, M\u00e9xico (Dr. Xavier Ojeda), el XV en 2004, Sevilla, Espa\u00f1a (Dr. Jos\u00e9 Sainz Arregui), el XVI en 2006, Buenos Aires, Argentina (Dr. Horacio Garc\u00eda Igarza), el XVII en 2008, Quito, Ecuador (Dr. Marcelo Salas), XVIII en 2010, Panam\u00e1, Panam\u00e1 (Dr. Ricardo D\u00edaz Guill\u00e9n), el XIX en 2012, Medell\u00edn, Colombia (Dr. Francisco Le\u00f3n Hern\u00e1ndez), el XX en 2014, Canc\u00fan, M\u00e9xico (Dr. Fernando Molina); el XXI el 2016 Punta del Este, Uruguay (Dr. Gonzalo Fossati); el XXII en el a\u00f1o 2018 en la Ciudad de Lima, (Dr. Gustavo N\u00fa\u00f1ez). EL XXIII estaba pautado para realizarse en abril del 2020 en Punta Cana, Republica Dominicana, sin embargo, el evento se suspendi\u00f3 por la declaraci\u00f3n de Pandemia del COVID 19. El Congreso fue reasignado para el mes de septiembre del 2021 y fue presidido por el Dr. Aniceto Rodr\u00edguez. EL XXIV congreso se realizo en Nuevo Vallarta, M\u00e9xico y fue presidido por el Dr. Arturo Ram\u00edrez.<\/p><p>En abril del 2024, se realizo la versi\u00f3n XXV de este congreso, con el cual se celebr\u00f3 el 50 aniversario de la FILACP, en la ciudad de Buenos Aires, Argentina estuvo presidido por el Dr. Daniel Matteo.<\/p><p>Cada congreso ha demostrado el desarrollo destacado de la cirug\u00eda pl\u00e1stica Ibero Latinoamericana alimentado por sus pioneros desde 1940, el cual hoy ocupa un lugar importante en este campo en todo el mundo.<\/p>\t\t\t\t\t\t\t\t<\/div>\n\t\t\t\t<\/div>\n\t\t\t\t<section class=\"elementor-section elementor-inner-section elementor-element elementor-element-ca09ea9 elementor-section-full_width elementor-section-height-default elementor-section-height-default\" data-id=\"ca09ea9\" data-element_type=\"section\">\n\t\t\t\t\t\t<div class=\"elementor-container elementor-column-gap-no\">\n\t\t\t\t\t<div class=\"elementor-column elementor-col-50 elementor-inner-column elementor-element elementor-element-e72c5a0\" data-id=\"e72c5a0\" data-element_type=\"column\">\n\t\t\t<div class=\"elementor-widget-wrap elementor-element-populated\">\n\t\t\t\t\t\t<div class=\"elementor-element elementor-element-7e3ccd2 elementor-widget elementor-widget-text-editor\" data-id=\"7e3ccd2\" data-element_type=\"widget\" data-widget_type=\"text-editor.default\">\n\t\t\t\t<div class=\"elementor-widget-container\">\n\t\t\t\t\t\t\t\t\t<p>El pr\u00f3ximo Congreso Ibero Latinoamericano se realizar\u00e1 en la hermosa ciudad de Panam\u00e1, del 21 al 24 de abril del 2026, el presidente del comit\u00e9 organizador es el Dr. Luis Pickard-Ami.<\/p><p>En la actualidad la Federaci\u00f3n Iberolatinoamericana de Cirug\u00eda Pl\u00e1stica est\u00e1 conformada por m\u00e1s de 6.000 cirujanos pl\u00e1sticos acreditados de los 22 pa\u00edses que la conforman. Sus pilares son: la Defensa de la Especialidad, La educaci\u00f3n m\u00e9dica continua, La Fundaci\u00f3n Docente, la Seguridad de los pacientes y la participaci\u00f3n en los programas M\u00e9dicos Sociales que involucren a la especialidad.<\/p>\t\t\t\t\t\t\t\t<\/div>\n\t\t\t\t<\/div>\n\t\t\t\t<div class=\"elementor-element elementor-element-367a3d3 e-transform elementor-widget elementor-widget-heading\" data-id=\"367a3d3\" data-element_type=\"widget\" data-settings=\"{&quot;_transform_rotate_3d&quot;:&quot;yes&quot;,&quot;_transform_rotateZ_effect&quot;:{&quot;unit&quot;:&quot;px&quot;,&quot;size&quot;:&quot;&quot;,&quot;sizes&quot;:[]},&quot;_transform_rotateZ_effect_tablet&quot;:{&quot;unit&quot;:&quot;deg&quot;,&quot;size&quot;:&quot;&quot;,&quot;sizes&quot;:[]},&quot;_transform_rotateZ_effect_mobile&quot;:{&quot;unit&quot;:&quot;deg&quot;,&quot;size&quot;:&quot;&quot;,&quot;sizes&quot;:[]},&quot;_transform_rotateX_effect&quot;:{&quot;unit&quot;:&quot;px&quot;,&quot;size&quot;:&quot;&quot;,&quot;sizes&quot;:[]},&quot;_transform_rotateX_effect_tablet&quot;:{&quot;unit&quot;:&quot;deg&quot;,&quot;size&quot;:&quot;&quot;,&quot;sizes&quot;:[]},&quot;_transform_rotateX_effect_mobile&quot;:{&quot;unit&quot;:&quot;deg&quot;,&quot;size&quot;:&quot;&quot;,&quot;sizes&quot;:[]},&quot;_transform_rotateY_effect&quot;:{&quot;unit&quot;:&quot;px&quot;,&quot;size&quot;:&quot;&quot;,&quot;sizes&quot;:[]},&quot;_transform_rotateY_effect_tablet&quot;:{&quot;unit&quot;:&quot;deg&quot;,&quot;size&quot;:&quot;&quot;,&quot;sizes&quot;:[]},&quot;_transform_rotateY_effect_mobile&quot;:{&quot;unit&quot;:&quot;deg&quot;,&quot;size&quot;:&quot;&quot;,&quot;sizes&quot;:[]},&quot;_transform_perspective_effect&quot;:{&quot;unit&quot;:&quot;px&quot;,&quot;size&quot;:&quot;&quot;,&quot;sizes&quot;:[]},&quot;_transform_perspective_effect_tablet&quot;:{&quot;unit&quot;:&quot;px&quot;,&quot;size&quot;:&quot;&quot;,&quot;sizes&quot;:[]},&quot;_transform_perspective_effect_mobile&quot;:{&quot;unit&quot;:&quot;px&quot;,&quot;size&quot;:&quot;&quot;,&quot;sizes&quot;:[]}}\" data-widget_type=\"heading.default\">\n\t\t\t\t<div class=\"elementor-widget-container\">\n\t\t\t\t\t<h2 class=\"elementor-heading-title elementor-size-default\">La FILACP es sin\u00f3nimo a nivel mundial de seriedad, responsabilidad y profesionalismo acreditado.<\/h2>\t\t\t\t<\/div>\n\t\t\t\t<\/div>\n\t\t\t\t\t<\/div>\n\t\t<\/div>\n\t\t\t\t<div class=\"elementor-column elementor-col-50 elementor-inner-column elementor-element elementor-element-bcef193\" data-id=\"bcef193\" data-element_type=\"column\">\n\t\t\t<div class=\"elementor-widget-wrap elementor-element-populated\">\n\t\t\t\t\t\t<div class=\"elementor-element elementor-element-0917fe8 elementor-widget elementor-widget-video\" data-id=\"0917fe8\" data-element_type=\"widget\" data-settings=\"{&quot;youtube_url&quot;:&quot;https:\\\/\\\/youtu.be\\\/kZMKzgmbvOk&quot;,&quot;mute&quot;:&quot;yes&quot;,&quot;video_type&quot;:&quot;youtube&quot;,&quot;controls&quot;:&quot;yes&quot;}\" data-widget_type=\"video.default\">\n\t\t\t\t<div class=\"elementor-widget-container\">\n\t\t\t\t\t\t\t<div class=\"elementor-wrapper elementor-open-inline\">\n\t\t\t<div class=\"elementor-video\"><\/div>\t\t<\/div>\n\t\t\t\t\t\t<\/div>\n\t\t\t\t<\/div>\n\t\t\t\t\t<\/div>\n\t\t<\/div>\n\t\t\t\t\t<\/div>\n\t\t<\/section>\n\t\t\t\t\t<\/div>\n\t\t<\/div>\n\t\t\t\t\t<\/div>\n\t\t<\/section>\n\t\t\t\t<\/div>\n\t\t","protected":false},"excerpt":{"rendered":"<p>Un grupo peque\u00f1o pero selecto de cirujanos pl\u00e1sticos, asumieron la tarea de organizar la Sociedad de Cirug\u00eda Pl\u00e1stica Latinoamericana: los Drs. Oscar Ivanissevich, Lelio Zeno, H\u00e9ctor Marino y Ernesto Malbec, de Argentina; Antonio Prudente, Rebello Neto y Linneu Silveira, de Brasil; Enrique Apolo y Pedro Pedemonte, de Uruguay; Jos\u00e9 V\u00e9lez Diez de Canseco de Per\u00fa; [&hellip;]<\/p>\n","protected":false},"author":1,"featured_media":0,"parent":0,"menu_order":0,"comment_status":"closed","ping_status":"closed","template":"elementor_theme","meta":{"ocean_post_layout":"","ocean_both_sidebars_style":"","ocean_both_sidebars_content_width":0,"ocean_both_sidebars_sidebars_width":0,"ocean_sidebar":"","ocean_second_sidebar":"","ocean_disable_margins":"enable","ocean_add_body_class":"","ocean_shortcode_before_top_bar":"","ocean_shortcode_after_top_bar":"","ocean_shortcode_before_header":"","ocean_shortcode_after_header":"","ocean_has_shortcode":"","ocean_shortcode_after_title":"","ocean_shortcode_before_footer_widgets":"","ocean_shortcode_after_footer_widgets":"","ocean_shortcode_before_footer_bottom":"","ocean_shortcode_after_footer_bottom":"","ocean_display_top_bar":"default","ocean_display_header":"default","ocean_header_style":"","ocean_center_header_left_menu":"","ocean_custom_header_template":"","ocean_custom_logo":0,"ocean_custom_retina_logo":0,"ocean_custom_logo_max_width":0,"ocean_custom_logo_tablet_max_width":0,"ocean_custom_logo_mobile_max_width":0,"ocean_custom_logo_max_height":0,"ocean_custom_logo_tablet_max_height":0,"ocean_custom_logo_mobile_max_height":0,"ocean_header_custom_menu":"","ocean_menu_typo_font_family":"","ocean_menu_typo_font_subset":"","ocean_menu_typo_font_size":0,"ocean_menu_typo_font_size_tablet":0,"ocean_menu_typo_font_size_mobile":0,"ocean_menu_typo_font_size_unit":"px","ocean_menu_typo_font_weight":"","ocean_menu_typo_font_weight_tablet":"","ocean_menu_typo_font_weight_mobile":"","ocean_menu_typo_transform":"","ocean_menu_typo_transform_tablet":"","ocean_menu_typo_transform_mobile":"","ocean_menu_typo_line_height":0,"ocean_menu_typo_line_height_tablet":0,"ocean_menu_typo_line_height_mobile":0,"ocean_menu_typo_line_height_unit":"","ocean_menu_typo_spacing":0,"ocean_menu_typo_spacing_tablet":0,"ocean_menu_typo_spacing_mobile":0,"ocean_menu_typo_spacing_unit":"","ocean_menu_link_color":"","ocean_menu_link_color_hover":"","ocean_menu_link_color_active":"","ocean_menu_link_background":"","ocean_menu_link_hover_background":"","ocean_menu_link_active_background":"","ocean_menu_social_links_bg":"","ocean_menu_social_hover_links_bg":"","ocean_menu_social_links_color":"","ocean_menu_social_hover_links_color":"","ocean_disable_title":"default","ocean_disable_heading":"default","ocean_post_title":"","ocean_post_subheading":"","ocean_post_title_style":"","ocean_post_title_background_color":"","ocean_post_title_background":0,"ocean_post_title_bg_image_position":"","ocean_post_title_bg_image_attachment":"","ocean_post_title_bg_image_repeat":"","ocean_post_title_bg_image_size":"","ocean_post_title_height":0,"ocean_post_title_bg_overlay":0.5,"ocean_post_title_bg_overlay_color":"","ocean_disable_breadcrumbs":"default","ocean_breadcrumbs_color":"","ocean_breadcrumbs_separator_color":"","ocean_breadcrumbs_links_color":"","ocean_breadcrumbs_links_hover_color":"","ocean_display_footer_widgets":"default","ocean_display_footer_bottom":"default","ocean_custom_footer_template":"","footnotes":""},"class_list":["post-712","page","type-page","status-publish","hentry","entry"],"_links":{"self":[{"href":"https:\/\/www.filacp.org\/web26\/wp-json\/wp\/v2\/pages\/712","targetHints":{"allow":["GET"]}}],"collection":[{"href":"https:\/\/www.filacp.org\/web26\/wp-json\/wp\/v2\/pages"}],"about":[{"href":"https:\/\/www.filacp.org\/web26\/wp-json\/wp\/v2\/types\/page"}],"author":[{"embeddable":true,"href":"https:\/\/www.filacp.org\/web26\/wp-json\/wp\/v2\/users\/1"}],"replies":[{"embeddable":true,"href":"https:\/\/www.filacp.org\/web26\/wp-json\/wp\/v2\/comments?post=712"}],"version-history":[{"count":0,"href":"https:\/\/www.filacp.org\/web26\/wp-json\/wp\/v2\/pages\/712\/revisions"}],"wp:attachment":[{"href":"https:\/\/www.filacp.org\/web26\/wp-json\/wp\/v2\/media?parent=712"}],"curies":[{"name":"wp","href":"https:\/\/api.w.org\/{rel}","templated":true}]}}