{"id":5054,"date":"2021-07-24T18:56:02","date_gmt":"2021-07-24T21:56:02","guid":{"rendered":"https:\/\/www.filacp.org\/web\/?page_id=5054"},"modified":"2026-04-15T12:47:42","modified_gmt":"2026-04-15T15:47:42","slug":"registro-de-miembro","status":"publish","type":"page","link":"https:\/\/www.filacp.org\/web26\/registro-de-miembro\/","title":{"rendered":"Crear Cuenta"},"content":{"rendered":"\t\t<div data-elementor-type=\"wp-page\" data-elementor-id=\"5054\" class=\"elementor elementor-5054\">\n\t\t\t\t\t\t<section class=\"elementor-section elementor-top-section elementor-element elementor-element-e34ba52 elementor-section-content-middle elementor-section-full_width elementor-section-height-default elementor-section-height-default\" data-id=\"e34ba52\" data-element_type=\"section\">\n\t\t\t\t\t\t<div class=\"elementor-container elementor-column-gap-default\">\n\t\t\t\t\t<div class=\"elementor-column elementor-col-100 elementor-top-column elementor-element elementor-element-2a1cdeb\" data-id=\"2a1cdeb\" data-element_type=\"column\">\n\t\t\t<div class=\"elementor-widget-wrap elementor-element-populated\">\n\t\t\t\t\t\t<div class=\"elementor-element elementor-element-4b0780a elementor-widget elementor-widget-text-editor\" data-id=\"4b0780a\" data-element_type=\"widget\" data-widget_type=\"text-editor.default\">\n\t\t\t\t<div class=\"elementor-widget-container\">\n\t\t\t\t\t\t\t\t\t<p>La creaci\u00f3n de la cuenta le dar\u00e1 acceso libre como usuario solo a las \u00faltimas videoconferencias realizadas por la FILACP, para visualizar la videoteca completa tiene que ser miembro, para ello podr\u00e1 solicitar su membres\u00eda dentro de su cuenta una vez creada.<\/p>\t\t\t\t\t\t\t\t<\/div>\n\t\t\t\t<\/div>\n\t\t\t\t<div class=\"elementor-element elementor-element-5806dcc elementor-widget elementor-widget-shortcode\" data-id=\"5806dcc\" data-element_type=\"widget\" data-widget_type=\"shortcode.default\">\n\t\t\t\t<div class=\"elementor-widget-container\">\n\t\t\t\t\t\t\t<div class=\"elementor-shortcode\">        <form enctype=\"multipart\/form-data\" method=\"post\" id=\"wppb-register-user\" class=\"wppb-user-forms wppb-register-user wppb-user-logged-out\" action=\"https:\/\/www.filacp.org\/web26\/wp-json\/wp\/v2\/pages\/5054\">\n\t\t\t<ul><li class=\"wppb-form-field wppb-default-last-name pbpl-class\" id=\"wppb-form-element-4\">\n\t\t\t<label for=\"last_name\">Apellido<span class=\"wppb-required\" title=\"Campo requerido\">*<\/span><\/label>\n\t\t\t<input class=\"text-input default_field_lastname \" name=\"last_name\" maxlength=\"70\" type=\"text\" id=\"last_name\" value=\"\"  required placeholder = \"Apellido*\"\/><\/li><li class=\"wppb-form-field wppb-default-first-name pbpl-class\" id=\"wppb-form-element-3\">\n\t\t\t<label for=\"first_name\">Nombre<span class=\"wppb-required\" title=\"Campo requerido\">*<\/span><\/label>\n\t\t\t<input class=\"text-input default_field_firstname \" name=\"first_name\" maxlength=\"70\" type=\"text\" id=\"first_name\" value=\"\"  required placeholder = \"Nombre*\" \/><\/li><li class=\"wppb-form-field wppb-input pbpl-class\" id=\"wppb-form-element-17\">\n\t\t\t\t<label for=\"pais\">Pa\u00eds<span class=\"wppb-required\" title=\"Campo requerido\">*<\/span><\/label>\n\t\t\t\t<input class=\"extra_field_input \" name=\"pais\" maxlength=\"70\" type=\"text\" id=\"pais\" value=\"\"  required placeholder = \"Pa\u00eds*\"\/><\/li><li class=\"wppb-form-field wppb-input pbpl-class\" id=\"wppb-form-element-18\">\n\t\t\t\t<label for=\"telefono\">Tel\u00e9fono<span class=\"wppb-required\" title=\"Campo requerido\">*<\/span><\/label>\n\t\t\t\t<input class=\"extra_field_input \" name=\"telefono\" maxlength=\"70\" type=\"text\" id=\"telefono\" value=\"\"  required placeholder = \"Tel\u00e9fono*\"\/><\/li><li class=\"wppb-form-field wppb-default-e-mail pbpl-class\" id=\"wppb-form-element-8\">\n\t\t\t<label for=\"email\">E-mail<span class=\"wppb-required\" title=\"Campo requerido\">*<\/span><\/label>\n\t\t\t<input class=\"text-input default_field_email \" name=\"email\" maxlength=\"70\" type=\"email\" id=\"email\" value=\"\"  required placeholder = \"E-mail*\" \/><\/li><li class=\"wppb-form-field wppb-select pbpl-class\" id=\"wppb-form-element-19\">\n\t\t\t\t<label for=\"categoria\">Categor\u00eda<span class=\"wppb-required\" title=\"Campo requerido\">*<\/span><\/label>\n\t\t\t\t<select name=\"categoria\" id=\"categoria\" class=\"custom_field_select\"  required ><option value=\"\" class=\"custom_field_select_option \" disabled selected>Categor\u00eda*<\/option><option value=\"Cirujano Pl\u00e1stico\" class=\"custom_field_select_option \" >Cirujano Pl\u00e1stico<\/option><option value=\"M\u00e9dico Residente\" class=\"custom_field_select_option \" >M\u00e9dico Residente<\/option><option value=\"M\u00e9dico No Especialista\" class=\"custom_field_select_option \" >M\u00e9dico No Especialista<\/option>\n\t\t\t\t<\/select><\/li><li class=\"wppb-form-field wppb-input pbpl-class\" id=\"wppb-form-element-20\">\n\t\t\t\t<label for=\"colegiatura\">N\u00fam de Colegiatura de M\u00e9dico<\/label>\n\t\t\t\t<input class=\"extra_field_input \" name=\"colegiatura\" maxlength=\"70\" type=\"text\" id=\"colegiatura\" value=\"\" placeholder = \"N\u00fam de Colegiatura de M\u00e9dico\"\/><\/li><li class=\"wppb-form-field wppb-select pbpl-class\" id=\"wppb-form-element-21\">\n\t\t\t\t<label for=\"miembrofilacp\">Es Miembro de la FILACP<span class=\"wppb-required\" title=\"Campo requerido\">*<\/span><\/label>\n\t\t\t\t<select name=\"miembrofilacp\" id=\"miembrofilacp\" class=\"custom_field_select\"  required ><option value=\"\" class=\"custom_field_select_option \" disabled selected>Es Miembro de la FILACP*<\/option><option value=\"NO\" class=\"custom_field_select_option \" >NO<\/option><option value=\"SI\" class=\"custom_field_select_option \" >SI<\/option>\n\t\t\t\t<\/select><\/li><li class=\"wppb-form-field wppb-select pbpl-class\" id=\"wppb-form-element-15\">\n\t\t\t\t<label for=\"sociedad\">Sociedad Cient\u00edfica a la Cual Pertenece<span class=\"wppb-required\" title=\"Campo requerido\">*<\/span><\/label>\n\t\t\t\t<select name=\"sociedad\" id=\"sociedad\" class=\"custom_field_select\"  required ><option value=\"\" class=\"custom_field_select_option \" disabled selected>Sociedad Cient\u00edfica a la Cual Pertenece*<\/option><option value=\"Sociedad Argentina de Cirug\u00eda Pl\u00e1stica Est\u00e9tica y Reparadora\" class=\"custom_field_select_option \" >Sociedad Argentina de Cirug\u00eda Pl\u00e1stica Est\u00e9tica y Reparadora<\/option><option value=\"Sociedad Boliviana de Cirug\u00eda Pl\u00e1stica Est\u00e9tica y Reconstructiva\" class=\"custom_field_select_option \" >Sociedad Boliviana de Cirug\u00eda Pl\u00e1stica Est\u00e9tica y Reconstructiva<\/option><option value=\"Sociedad Brasileira de Cirurg\u00eda Pl\u00e1stica\" class=\"custom_field_select_option \" >Sociedad Brasileira de Cirurg\u00eda Pl\u00e1stica<\/option><option value=\"Sociedad Cubana de Cirug\u00eda Pl\u00e1stica y Caumatolog\u00eda\" class=\"custom_field_select_option \" >Sociedad Cubana de Cirug\u00eda Pl\u00e1stica y Caumatolog\u00eda<\/option><option value=\"Sociedad Colombiana de Cirug\u00eda Pl\u00e1stica Est\u00e9tica y Reconstructiva\" class=\"custom_field_select_option \" >Sociedad Colombiana de Cirug\u00eda Pl\u00e1stica Est\u00e9tica y Reconstructiva<\/option><option value=\"Asociaci\u00f3n Costarricense de Cirug\u00eda Pl\u00e1stica Est\u00e9tica y Reconstructiva\" class=\"custom_field_select_option \" >Asociaci\u00f3n Costarricense de Cirug\u00eda Pl\u00e1stica Est\u00e9tica y Reconstructiva<\/option><option value=\"Sociedad Chilena de Cirug\u00eda Pl\u00e1stica\" class=\"custom_field_select_option \" >Sociedad Chilena de Cirug\u00eda Pl\u00e1stica<\/option><option value=\"Sociedad Ecuatoriana de Cirug\u00eda Pl\u00e1stica Est\u00e9tica y Reconstructiva\" class=\"custom_field_select_option \" >Sociedad Ecuatoriana de Cirug\u00eda Pl\u00e1stica Est\u00e9tica y Reconstructiva<\/option><option value=\"Sociedad de Cirug\u00eda Pl\u00e1stica Est\u00e9tica y Reconstructiva de El Salvador\" class=\"custom_field_select_option \" >Sociedad de Cirug\u00eda Pl\u00e1stica Est\u00e9tica y Reconstructiva de El Salvador<\/option><option value=\"Sociedad Espa\u00f1ola de Cirug\u00eda Pl\u00e1stica Reparadora y Est\u00e9tica\" class=\"custom_field_select_option \" >Sociedad Espa\u00f1ola de Cirug\u00eda Pl\u00e1stica Reparadora y Est\u00e9tica<\/option><option value=\"Asociaci\u00f3n de Cirujanos Pl\u00e1sticos Est\u00e9ticos y Reconstructivos de Guatemala\" class=\"custom_field_select_option \" >Asociaci\u00f3n de Cirujanos Pl\u00e1sticos Est\u00e9ticos y Reconstructivos de Guatemala<\/option><option value=\"Sociedad Hondure\u00f1a de Cirug\u00eda Pl\u00e1stica Est\u00e9tica y Reparadora\" class=\"custom_field_select_option \" >Sociedad Hondure\u00f1a de Cirug\u00eda Pl\u00e1stica Est\u00e9tica y Reparadora<\/option><option value=\"Asociaci\u00f3n Mexicana de Cirug\u00eda Pl\u00e1stica Est\u00e9tica y Reconstructiva\" class=\"custom_field_select_option \" >Asociaci\u00f3n Mexicana de Cirug\u00eda Pl\u00e1stica Est\u00e9tica y Reconstructiva<\/option><option value=\"Asociaci\u00f3n Nicarag\u00fcense de Cirug\u00eda Pl\u00e1stica\" class=\"custom_field_select_option \" >Asociaci\u00f3n Nicarag\u00fcense de Cirug\u00eda Pl\u00e1stica<\/option><option value=\"Asociaci\u00f3n Paname\u00f1a de Cirug\u00eda Pl\u00e1stica Est\u00e9tica y Reconstructiva\" class=\"custom_field_select_option \" >Asociaci\u00f3n Paname\u00f1a de Cirug\u00eda Pl\u00e1stica Est\u00e9tica y Reconstructiva<\/option><option value=\"Sociedad Paraguaya de Cirug\u00eda Pl\u00e1stica Reconstructiva y Est\u00e9tica\" class=\"custom_field_select_option \" >Sociedad Paraguaya de Cirug\u00eda Pl\u00e1stica Reconstructiva y Est\u00e9tica<\/option><option value=\"Sociedad Peruana de Cirug\u00eda Pl\u00e1stica Reconstructiva y Est\u00e9tica\" class=\"custom_field_select_option \" >Sociedad Peruana de Cirug\u00eda Pl\u00e1stica Reconstructiva y Est\u00e9tica<\/option><option value=\"Sociedade Portuguesa de Cirurg\u00eda Pl\u00e1stica Reconstrutiva e Est\u00e9tica\" class=\"custom_field_select_option \" >Sociedade Portuguesa de Cirurg\u00eda Pl\u00e1stica Reconstrutiva e Est\u00e9tica<\/option><option value=\"Sociedad de Cirug\u00eda Pl\u00e1stica Est\u00e9tica y Reparadora de Puerto Rico\" class=\"custom_field_select_option \" >Sociedad de Cirug\u00eda Pl\u00e1stica Est\u00e9tica y Reparadora de Puerto Rico<\/option><option value=\"Sociedad Dominicana de Cirug\u00eda Pl\u00e1stica Reconstructiva y Est\u00e9tica\" class=\"custom_field_select_option \" >Sociedad Dominicana de Cirug\u00eda Pl\u00e1stica Reconstructiva y Est\u00e9tica<\/option><option value=\"Sociedad de Cirug\u00eda Pl\u00e1stica Reparadora y Est\u00e9tica del Uruguay\" class=\"custom_field_select_option \" >Sociedad de Cirug\u00eda Pl\u00e1stica Reparadora y Est\u00e9tica del Uruguay<\/option><option value=\"Sociedad Venezolana de Cirug\u00eda Pl\u00e1stica Reconstructiva Est\u00e9tica y Maxilofacial\" class=\"custom_field_select_option \" >Sociedad Venezolana de Cirug\u00eda Pl\u00e1stica Reconstructiva Est\u00e9tica y Maxilofacial<\/option>\n\t\t\t\t<\/select><\/li><li class=\"wppb-form-field wppb-input pbpl-class\" id=\"wppb-form-element-22\">\n\t\t\t\t<label for=\"instagram\">Instagram<\/label>\n\t\t\t\t<input class=\"extra_field_input \" name=\"instagram\" maxlength=\"70\" type=\"text\" id=\"instagram\" value=\"\" placeholder = \"Instagram\"\/><\/li><li class=\"wppb-form-field wppb-select pbpl-class\" id=\"wppb-form-element-26\">\n\t\t\t\t<label for=\"autorizo\">Autorizo el uso de mis datos por la FILACP<span class=\"wppb-required\" title=\"Campo requerido\">*<\/span><\/label>\n\t\t\t\t<select name=\"autorizo\" id=\"autorizo\" class=\"custom_field_select\"  required ><option value=\"\" class=\"custom_field_select_option \" disabled selected>Autorizo el uso de mis datos por la FILACP*<\/option><option value=\"NO\" class=\"custom_field_select_option \" >NO<\/option><option value=\"SI\" class=\"custom_field_select_option \" >SI<\/option>\n\t\t\t\t<\/select><\/li><li class=\"wppb-form-field wppb-heading pbpl-class\" id=\"wppb-form-element-16\"><h3 class=\"extra_field_heading\">DATOS PARA CREAR SU ACCESO:<\/h3><span class=\"wppb-description-delimiter\"><\/span><\/li><li class=\"wppb-form-field wppb-default-username pbpl-class\" id=\"wppb-form-element-2\">\n\t\t\t<label for=\"username\">Nombre de Usuario<span class=\"wppb-required\" title=\"Campo requerido\">*<\/span><\/label>\n\t\t\t<input class=\"text-input default_field_username \" name=\"username\" maxlength=\"70\" type=\"text\" id=\"username\" value=\"\"   required placeholder = \"Nombre de Usuario*\"\/><span class=\"wppb-description-delimiter\"><i class=\"fas fa-arrow-up\"><\/i> Escriba un nombre de fantas\u00eda, le servir\u00e1 luego para poder ingresar.<\/span><\/li><li class=\"wppb-form-field wppb-default-password pbpl-class\" id=\"wppb-form-element-12\">\n\t\t\t<label for=\"passw1\">Contrase\u00f1a<span class=\"wppb-required\" title=\"Campo requerido\">*<\/span><\/label>\n\t\t\t<input class=\"text-input \" name=\"passw1\" maxlength=\"70\" type=\"password\" id=\"passw1\" value=\"\" autocomplete=\"off\"  required placeholder = \"Contrase\u00f1a*\"\/><span class=\"wppb-description-delimiter\"><i class=\"fas fa-arrow-up\"><\/i> Escriba una contrase\u00f1a, le servir\u00e1 luego para poder ingresar.  <\/span><\/li><li class=\"wppb-form-field wppb-recaptcha pbpl-class\" id=\"wppb-form-element-25\"><label for=\"recaptcha_response_field\">Captcha<span class=\"wppb-required\" title=\"Campo requerido\">*<\/span><\/label><div id=\"wppb-recaptcha-element-pb_register1\" class=\"wppb-recaptcha-element \"><\/div><\/li><\/ul><ul><li class=\"wppb-form-field wppb-send-credentials-checkbox\"><label for=\"send_credentials_via_email\"><input id=\"send_credentials_via_email\" type=\"checkbox\" name=\"send_credentials_via_email\" value=\"sending\"\/>Enviar estas credenciales via email.<\/label><\/li><\/ul>\t\t\t<p class=\"form-submit\"  >\n\t\t\t\t                \t\t\t\t<input name=\"register\" type=\"submit\" id=\"register\" class=\"submit button\" value=\"Registrar\" \/>\n                \t\t\t\t<input name=\"action\" type=\"hidden\" id=\"action\" value=\"register\" \/>\n\t\t\t\t<input name=\"form_name\" type=\"hidden\" id=\"form_name\" value=\"unspecified\" \/>\n\t\t\t\t<input type=\"hidden\" name=\"wppb_referer_url\" value=\"\"\/>\t\t\t<\/p><!-- .form-submit -->\n\t\t\t<input type=\"hidden\" id=\"register_unspecified_nonce_field\" name=\"register_unspecified_nonce_field\" value=\"827a5b5cd1\" \/><input type=\"hidden\" name=\"_wp_http_referer\" value=\"\/web26\/wp-json\/wp\/v2\/pages\/5054\" \/>\t\t<\/form>\n\t\t<\/div>\n\t\t\t\t\t\t<\/div>\n\t\t\t\t<\/div>\n\t\t\t\t\t<\/div>\n\t\t<\/div>\n\t\t\t\t\t<\/div>\n\t\t<\/section>\n\t\t\t\t<\/div>\n\t\t","protected":false},"excerpt":{"rendered":"<p>La creaci\u00f3n de la cuenta le dar\u00e1 acceso libre como usuario solo a las \u00faltimas videoconferencias realizadas por la FILACP, para visualizar la videoteca completa tiene que ser miembro, para ello podr\u00e1 solicitar su membres\u00eda dentro de su cuenta una vez creada.<\/p>\n","protected":false},"author":1,"featured_media":0,"parent":0,"menu_order":0,"comment_status":"closed","ping_status":"closed","template":"","meta":{"ocean_post_layout":"","ocean_both_sidebars_style":"","ocean_both_sidebars_content_width":0,"ocean_both_sidebars_sidebars_width":0,"ocean_sidebar":"0","ocean_second_sidebar":"0","ocean_disable_margins":"enable","ocean_add_body_class":"","ocean_shortcode_before_top_bar":"","ocean_shortcode_after_top_bar":"","ocean_shortcode_before_header":"","ocean_shortcode_after_header":"","ocean_has_shortcode":"","ocean_shortcode_after_title":"","ocean_shortcode_before_footer_widgets":"","ocean_shortcode_after_footer_widgets":"","ocean_shortcode_before_footer_bottom":"","ocean_shortcode_after_footer_bottom":"","ocean_display_top_bar":"default","ocean_display_header":"default","ocean_header_style":"","ocean_center_header_left_menu":"0","ocean_custom_header_template":"0","ocean_custom_logo":0,"ocean_custom_retina_logo":0,"ocean_custom_logo_max_width":0,"ocean_custom_logo_tablet_max_width":0,"ocean_custom_logo_mobile_max_width":0,"ocean_custom_logo_max_height":0,"ocean_custom_logo_tablet_max_height":0,"ocean_custom_logo_mobile_max_height":0,"ocean_header_custom_menu":"0","ocean_menu_typo_font_family":"0","ocean_menu_typo_font_subset":"","ocean_menu_typo_font_size":0,"ocean_menu_typo_font_size_tablet":0,"ocean_menu_typo_font_size_mobile":0,"ocean_menu_typo_font_size_unit":"px","ocean_menu_typo_font_weight":"","ocean_menu_typo_font_weight_tablet":"","ocean_menu_typo_font_weight_mobile":"","ocean_menu_typo_transform":"","ocean_menu_typo_transform_tablet":"","ocean_menu_typo_transform_mobile":"","ocean_menu_typo_line_height":0,"ocean_menu_typo_line_height_tablet":0,"ocean_menu_typo_line_height_mobile":0,"ocean_menu_typo_line_height_unit":"","ocean_menu_typo_spacing":0,"ocean_menu_typo_spacing_tablet":0,"ocean_menu_typo_spacing_mobile":0,"ocean_menu_typo_spacing_unit":"","ocean_menu_link_color":"","ocean_menu_link_color_hover":"","ocean_menu_link_color_active":"","ocean_menu_link_background":"","ocean_menu_link_hover_background":"","ocean_menu_link_active_background":"","ocean_menu_social_links_bg":"","ocean_menu_social_hover_links_bg":"","ocean_menu_social_links_color":"","ocean_menu_social_hover_links_color":"","ocean_disable_title":"default","ocean_disable_heading":"default","ocean_post_title":"","ocean_post_subheading":"","ocean_post_title_style":"","ocean_post_title_background_color":"","ocean_post_title_background":0,"ocean_post_title_bg_image_position":"","ocean_post_title_bg_image_attachment":"","ocean_post_title_bg_image_repeat":"","ocean_post_title_bg_image_size":"","ocean_post_title_height":0,"ocean_post_title_bg_overlay":0.5,"ocean_post_title_bg_overlay_color":"","ocean_disable_breadcrumbs":"default","ocean_breadcrumbs_color":"","ocean_breadcrumbs_separator_color":"","ocean_breadcrumbs_links_color":"","ocean_breadcrumbs_links_hover_color":"","ocean_display_footer_widgets":"default","ocean_display_footer_bottom":"default","ocean_custom_footer_template":"0","footnotes":""},"class_list":["post-5054","page","type-page","status-publish","hentry","entry"],"_links":{"self":[{"href":"https:\/\/www.filacp.org\/web26\/wp-json\/wp\/v2\/pages\/5054","targetHints":{"allow":["GET"]}}],"collection":[{"href":"https:\/\/www.filacp.org\/web26\/wp-json\/wp\/v2\/pages"}],"about":[{"href":"https:\/\/www.filacp.org\/web26\/wp-json\/wp\/v2\/types\/page"}],"author":[{"embeddable":true,"href":"https:\/\/www.filacp.org\/web26\/wp-json\/wp\/v2\/users\/1"}],"replies":[{"embeddable":true,"href":"https:\/\/www.filacp.org\/web26\/wp-json\/wp\/v2\/comments?post=5054"}],"version-history":[{"count":0,"href":"https:\/\/www.filacp.org\/web26\/wp-json\/wp\/v2\/pages\/5054\/revisions"}],"wp:attachment":[{"href":"https:\/\/www.filacp.org\/web26\/wp-json\/wp\/v2\/media?parent=5054"}],"curies":[{"name":"wp","href":"https:\/\/api.w.org\/{rel}","templated":true}]}}