{"id":3811,"date":"2021-03-06T17:35:51","date_gmt":"2021-03-06T20:35:51","guid":{"rendered":"https:\/\/www.filacp.org\/web\/?page_id=3811"},"modified":"2025-09-14T19:27:12","modified_gmt":"2025-09-14T22:27:12","slug":"fundacion-docente-servicios-acreditados","status":"publish","type":"page","link":"https:\/\/www.filacp.org\/web26\/fundacion-docente-servicios-acreditados\/","title":{"rendered":"Fundaci\u00f3n Docente: Servicios Acreditados"},"content":{"rendered":"\t\t<div data-elementor-type=\"wp-page\" data-elementor-id=\"3811\" class=\"elementor elementor-3811\">\n\t\t\t\t\t\t<section class=\"elementor-section elementor-top-section elementor-element elementor-element-7743732 elementor-section-full_width elementor-section-height-default elementor-section-height-default\" data-id=\"7743732\" data-element_type=\"section\">\n\t\t\t\t\t\t<div class=\"elementor-container elementor-column-gap-default\">\n\t\t\t\t\t<div class=\"elementor-column elementor-col-100 elementor-top-column elementor-element elementor-element-487799e\" data-id=\"487799e\" data-element_type=\"column\">\n\t\t\t<div class=\"elementor-widget-wrap elementor-element-populated\">\n\t\t\t\t\t\t<div class=\"elementor-element elementor-element-cc4aced elementor-icon-list--layout-inline elementor-align-right elementor-mobile-align-center elementor-list-item-link-full_width elementor-widget elementor-widget-icon-list\" data-id=\"cc4aced\" data-element_type=\"widget\" data-widget_type=\"icon-list.default\">\n\t\t\t\t<div class=\"elementor-widget-container\">\n\t\t\t\t\t\t\t<ul class=\"elementor-icon-list-items elementor-inline-items\">\n\t\t\t\t\t\t\t<li class=\"elementor-icon-list-item elementor-inline-item\">\n\t\t\t\t\t\t\t\t\t\t\t<a href=\"https:\/\/www.filacp.org\/web26\/fundacion-docente\/\">\n\n\t\t\t\t\t\t\t\t\t\t\t\t<span class=\"elementor-icon-list-icon\">\n\t\t\t\t\t\t\t<i aria-hidden=\"true\" class=\"fas fa-angle-right\"><\/i>\t\t\t\t\t\t<\/span>\n\t\t\t\t\t\t\t\t\t\t<span class=\"elementor-icon-list-text\">Directorio<\/span>\n\t\t\t\t\t\t\t\t\t\t\t<\/a>\n\t\t\t\t\t\t\t\t\t<\/li>\n\t\t\t\t\t\t\t\t<li class=\"elementor-icon-list-item elementor-inline-item\">\n\t\t\t\t\t\t\t\t\t\t\t<a href=\"https:\/\/www.filacp.org\/web26\/fundacion-docente-servicios-acreditados\/\">\n\n\t\t\t\t\t\t\t\t\t\t\t\t<span class=\"elementor-icon-list-icon\">\n\t\t\t\t\t\t\t<i aria-hidden=\"true\" class=\"fas fa-arrow-circle-down\"><\/i>\t\t\t\t\t\t<\/span>\n\t\t\t\t\t\t\t\t\t\t<span class=\"elementor-icon-list-text\">Servicios Acreditados<\/span>\n\t\t\t\t\t\t\t\t\t\t\t<\/a>\n\t\t\t\t\t\t\t\t\t<\/li>\n\t\t\t\t\t\t\t\t<li class=\"elementor-icon-list-item elementor-inline-item\">\n\t\t\t\t\t\t\t\t\t\t\t<a href=\"https:\/\/www.filacp.org\/web26\/fundacion-docente-reglamento-concurso-de-residentes\/\">\n\n\t\t\t\t\t\t\t\t\t\t\t\t<span class=\"elementor-icon-list-icon\">\n\t\t\t\t\t\t\t<i aria-hidden=\"true\" class=\"fas fa-angle-right\"><\/i>\t\t\t\t\t\t<\/span>\n\t\t\t\t\t\t\t\t\t\t<span class=\"elementor-icon-list-text\">Regl. Concurso Residentes<\/span>\n\t\t\t\t\t\t\t\t\t\t\t<\/a>\n\t\t\t\t\t\t\t\t\t<\/li>\n\t\t\t\t\t\t<\/ul>\n\t\t\t\t\t\t<\/div>\n\t\t\t\t<\/div>\n\t\t\t\t<div class=\"elementor-element elementor-element-0ec3a8e elementor-widget-divider--view-line elementor-widget elementor-widget-divider\" data-id=\"0ec3a8e\" data-element_type=\"widget\" data-widget_type=\"divider.default\">\n\t\t\t\t<div class=\"elementor-widget-container\">\n\t\t\t\t\t\t\t<div class=\"elementor-divider\">\n\t\t\t<span class=\"elementor-divider-separator\">\n\t\t\t\t\t\t<\/span>\n\t\t<\/div>\n\t\t\t\t\t\t<\/div>\n\t\t\t\t<\/div>\n\t\t\t\t\t<\/div>\n\t\t<\/div>\n\t\t\t\t\t<\/div>\n\t\t<\/section>\n\t\t\t\t<section class=\"elementor-section elementor-top-section elementor-element elementor-element-654229c elementor-section-full_width elementor-section-height-default elementor-section-height-default\" data-id=\"654229c\" data-element_type=\"section\">\n\t\t\t\t\t\t<div class=\"elementor-container elementor-column-gap-default\">\n\t\t\t\t\t<div class=\"elementor-column elementor-col-100 elementor-top-column elementor-element elementor-element-2ce8742\" data-id=\"2ce8742\" data-element_type=\"column\">\n\t\t\t<div class=\"elementor-widget-wrap elementor-element-populated\">\n\t\t\t\t\t\t<div class=\"elementor-element elementor-element-6d1ea85 elementor-widget elementor-widget-accordion\" data-id=\"6d1ea85\" data-element_type=\"widget\" data-widget_type=\"accordion.default\">\n\t\t\t\t<div class=\"elementor-widget-container\">\n\t\t\t\t\t\t\t<div class=\"elementor-accordion\">\n\t\t\t\t\t\t\t<div class=\"elementor-accordion-item\">\n\t\t\t\t\t<div id=\"elementor-tab-title-1141\" class=\"elementor-tab-title\" data-tab=\"1\" role=\"button\" aria-controls=\"elementor-tab-content-1141\" aria-expanded=\"false\">\n\t\t\t\t\t\t\t\t\t\t\t\t\t<span class=\"elementor-accordion-icon elementor-accordion-icon-left\" aria-hidden=\"true\">\n\t\t\t\t\t\t\t\t\t\t\t\t\t\t\t<span class=\"elementor-accordion-icon-closed\"><i class=\"fas fa-plus\"><\/i><\/span>\n\t\t\t\t\t\t\t\t<span class=\"elementor-accordion-icon-opened\"><i class=\"fas fa-minus\"><\/i><\/span>\n\t\t\t\t\t\t\t\t\t\t\t\t\t\t<\/span>\n\t\t\t\t\t\t\t\t\t\t\t\t<a class=\"elementor-accordion-title\" tabindex=\"0\">ARGENTINA<\/a>\n\t\t\t\t\t<\/div>\n\t\t\t\t\t<div id=\"elementor-tab-content-1141\" class=\"elementor-tab-content elementor-clearfix\" data-tab=\"1\" role=\"region\" aria-labelledby=\"elementor-tab-title-1141\"><p style=\"text-align: center;\">SERVICIOS ACREDITADOS DE FORMACI\u00d3N EN CIRUGIA PL\u00c1STICA EN ARGENTINA<\/p><h3><strong>UNIDADES DOCENTES DE LA CIUDAD DE BUENOS AIRES<\/strong><\/h3><p><strong>Hospital Brit\u00e1nico<\/strong><br \/>Jefe: Dr. Joaqu\u00edn Nazar Anchorena<br \/>+54 11 4309 6595<br \/><a href=\"mailto:hbcirugiaplastica@gmail.com\"><strong><span style=\"color: #1d9bc4;\">hbcirugiaplastica@gmail.com<\/span><\/strong><\/a><\/p><p><strong>Hospital Jos\u00e9 Mar\u00eda Ramos Mej\u00eda<\/strong><br \/>Jefe: Dra. Nora Petralli<br \/>+54 11 4931 1884<\/p><p><strong>Instituto de Quemados<\/strong><br \/>Jefe: Dr. Javier Viguie<br \/>+54 11 4923 3022 (Int.1205)<br \/><a href=\"mailto:cirug\u00edaplastica.hq@gmail.com\"><strong><span style=\"color: #1d9bc4;\">cirug\u00edaplastica.hq@gmail.com<\/span><\/strong><\/a><\/p><p><strong>Hospital Alem\u00e1n<\/strong><br \/>Jefe: Dr. Gustavo Eduardo Prezzavento<br \/>+54 11 48277000 (Int 2489 y 2176)<br \/><a href=\"mailto:ddi@hospitalaleman.com\"><strong><span style=\"color: #1d9bc4;\">ddi@hospitalaleman.com<\/span><\/strong><\/a><\/p><p><strong>Hospital Gral de Agudos Dr. Juan A. Fern\u00e1ndez<\/strong><br \/>Jefe: Dr. Gast\u00f3n Mendoza Figueroa<br \/>+54 9 11 56597398<br \/><a href=\"mailto:gastonmendozafigueroa@gmail.com\"><strong><span style=\"color: #1d9bc4;\">gastonmendozafigueroa@gmail.com<\/span><\/strong><\/a><\/p><p><strong>Sanatorio G\u00fcemes<\/strong><br \/>Jefe: Dr. Alejandro Beltrami<br \/>49598200 \/ 49598384<br \/><a href=\"mailto:departamentodocencia@fsg.org.ar\"><strong><span style=\"color: #1d9bc4;\">departamentodocencia@fsg.org.ar<\/span><\/strong><\/a><br \/><a href=\"mailto:abeltrami@sg.com.ar\"><strong><span style=\"color: #1d9bc4;\">abeltrami@sg.com.ar<\/span><\/strong><\/a><\/p><p><strong>Hospital Italiano de Buenos Aires<\/strong><br \/>Jefe: Dr. Horacio F. Mayer<br \/>+54 9 11 49590506<br \/><a href=\"mailto:laura.cetani@hospitalitaliano.org.ar\"><strong><span style=\"color: #1d9bc4;\">laura.cetani@hospitalitaliano.org.ar<\/span><\/strong><\/a><\/p><h3><strong>UNIDADES DOCENTES DE LA PROVINCIA DE BUENOS AIRES<\/strong><\/h3><p><strong>Hospital Austral &#8211; Servicio de Cirug\u00eda Pl\u00e1stica Est\u00e9tica y Reparadora<br \/><\/strong>Jefe: Dr. Rodolfo. Cucchiani<br \/>Tel: +5415491167667880<br \/>Mail: <a href=\"mailto:rcucchia@cas.austral.edu.ar\"><strong><span style=\"color: #1d9bc4;\">rcucchia@cas.austral.edu.ar<\/span><\/strong><\/a><\/p><p><strong>Hospital Eva Per\u00f3n \u00abex Castex\u00bb (San Mart\u00edn Bs As)<br \/><\/strong>Jefe: Dr. Hugo Benitez<br \/>Tel: +541147243000 int 3159<br \/>Mail:<a href=\"mailto:cirugiaplaticaevaperon@gmail.com\"><strong><span style=\"color: #1d9bc4;\"> cirugiaplaticaevaperon@gmail.com<\/span><\/strong><\/a><\/p><h3><strong>UNIDADES DOCENTES DE LA PROVINCIA DE SANTA FE (CIUDAD DE ROSARIO)<\/strong><\/h3><p><strong>Centro Quir\u00fargico de Rosario &#8211; Sanatorio de la Mujer<\/strong><br \/>Jefe: Dr. Guillermo Siemenszuck<br \/>Tel: +540341 4818710 \/ 4478700<br \/>Mail: <a href=\"mailto:info@centroquirurgicorosario.com\"><strong><span style=\"color: #1d9bc4;\">info@centroquirurgicorosario.com<\/span><\/strong><\/a><\/p><p><strong>Centro Formador Grupo Oro\u00f1o &#8211; Sanatorio Parque<br \/><\/strong>Jefe: Dr. Rodrigo Rossignol<br \/>Tel: +543415046628<br \/>Mail: <a href=\"mailto:rodrigo_rossignol@hotmail.com\"><strong><span style=\"color: #1d9bc4;\">rodrigo_rossignol@hotmail.com<\/span><\/strong><\/a><\/p><p><strong>Hospital de Emergencias Dr. Clemente \u00c1lvarez<br \/><\/strong>Jefe: Dr. Ariel Talarn<br \/>Tel: +540341 4808111 Int. 215<br \/>Mail: <a href=\"mailto:unidadquemadosheca@gmail.com\"><strong><span style=\"color: #1d9bc4;\">unidadquemadosheca@gmail.com<\/span><\/strong><\/a><\/p><p><strong>Hospital de Ni\u00f1os V\u00edctor J. Vilela<br \/><\/strong>Jefe: Dr. Ruben Medina<br \/>Tel: +5493415081985 \/ \u200e+5493415204037<br \/>Mail: <a href=\"mailto:docenciavilela3@gmail.com\"><strong><span style=\"color: #1d9bc4;\">docenciavilela3@gmail.com<\/span><\/strong><\/a><\/p><p><strong>Hospital Privado Rosario<br \/><\/strong>Jefe: Dr. Ernesto Moretti<br \/>Tel: +543413535000<\/p><h3><strong>UNIDADES DOCENTES DE LA PROVINCIA DEL CHACO (CIUDAD DE RESISTENCIA)<\/strong><\/h3><p><strong>Hospital Julio C. Perrando<br \/><\/strong>Jefe: Dra. Natalia Coto Perroni<br \/>Tel: +543624697690<br \/>Mail: <strong><span style=\"color: #1d9bc4;\"><a style=\"color: #1d9bc4;\" href=\"mailto:naticotto@hotmail.com\">naticotto@hotmail.com<\/a><\/span><\/strong><\/p><\/div>\n\t\t\t\t<\/div>\n\t\t\t\t\t\t\t<div class=\"elementor-accordion-item\">\n\t\t\t\t\t<div id=\"elementor-tab-title-1142\" class=\"elementor-tab-title\" data-tab=\"2\" role=\"button\" aria-controls=\"elementor-tab-content-1142\" aria-expanded=\"false\">\n\t\t\t\t\t\t\t\t\t\t\t\t\t<span class=\"elementor-accordion-icon elementor-accordion-icon-left\" aria-hidden=\"true\">\n\t\t\t\t\t\t\t\t\t\t\t\t\t\t\t<span class=\"elementor-accordion-icon-closed\"><i class=\"fas fa-plus\"><\/i><\/span>\n\t\t\t\t\t\t\t\t<span class=\"elementor-accordion-icon-opened\"><i class=\"fas fa-minus\"><\/i><\/span>\n\t\t\t\t\t\t\t\t\t\t\t\t\t\t<\/span>\n\t\t\t\t\t\t\t\t\t\t\t\t<a class=\"elementor-accordion-title\" tabindex=\"0\">BRASIL<\/a>\n\t\t\t\t\t<\/div>\n\t\t\t\t\t<div id=\"elementor-tab-content-1142\" class=\"elementor-tab-content elementor-clearfix\" data-tab=\"2\" role=\"region\" aria-labelledby=\"elementor-tab-title-1142\"><p style=\"text-align: center;\">SERVICIOS ACREDITADOS DE FORMACI\u00d3N EN CIRUGIA PL\u00c1STICA EN BRASIL<\/p><p style=\"text-align: center;\"><strong><span style=\"color: #0090b8;\"><a style=\"color: #0090b8;\" href=\"https:\/\/www.filacp.org\/web\/wp-content\/uploads\/ServiciosAcreditados-2021-Brasil.pdf\" target=\"_blank\" rel=\"noopener\">Ver Servicios Acreditados<\/a><\/span><\/strong><\/p><\/div>\n\t\t\t\t<\/div>\n\t\t\t\t\t\t\t<div class=\"elementor-accordion-item\">\n\t\t\t\t\t<div id=\"elementor-tab-title-1143\" class=\"elementor-tab-title\" data-tab=\"3\" role=\"button\" aria-controls=\"elementor-tab-content-1143\" aria-expanded=\"false\">\n\t\t\t\t\t\t\t\t\t\t\t\t\t<span class=\"elementor-accordion-icon elementor-accordion-icon-left\" aria-hidden=\"true\">\n\t\t\t\t\t\t\t\t\t\t\t\t\t\t\t<span class=\"elementor-accordion-icon-closed\"><i class=\"fas fa-plus\"><\/i><\/span>\n\t\t\t\t\t\t\t\t<span class=\"elementor-accordion-icon-opened\"><i class=\"fas fa-minus\"><\/i><\/span>\n\t\t\t\t\t\t\t\t\t\t\t\t\t\t<\/span>\n\t\t\t\t\t\t\t\t\t\t\t\t<a class=\"elementor-accordion-title\" tabindex=\"0\">ESPA\u00d1A<\/a>\n\t\t\t\t\t<\/div>\n\t\t\t\t\t<div id=\"elementor-tab-content-1143\" class=\"elementor-tab-content elementor-clearfix\" data-tab=\"3\" role=\"region\" aria-labelledby=\"elementor-tab-title-1143\"><p style=\"text-align: center;\">SERVICIOS ACREDITADOS DE FORMACI\u00d3N EN CIRUGIA PL\u00c1STICA EN ESPA\u00d1A<\/p><p style=\"text-align: center;\"><span style=\"color: #0090b8;\"><strong><a style=\"color: #0090b8;\" href=\"https:\/\/www.filacp.org\/web\/wp-content\/uploads\/ServiciosAcreditados-2021-Espana.pdf\" target=\"_blank\" rel=\"noopener\">Ver Servicios Acreditados<\/a><\/strong><\/span><\/p><\/div>\n\t\t\t\t<\/div>\n\t\t\t\t\t\t\t<div class=\"elementor-accordion-item\">\n\t\t\t\t\t<div id=\"elementor-tab-title-1144\" class=\"elementor-tab-title\" data-tab=\"4\" role=\"button\" aria-controls=\"elementor-tab-content-1144\" aria-expanded=\"false\">\n\t\t\t\t\t\t\t\t\t\t\t\t\t<span class=\"elementor-accordion-icon elementor-accordion-icon-left\" aria-hidden=\"true\">\n\t\t\t\t\t\t\t\t\t\t\t\t\t\t\t<span class=\"elementor-accordion-icon-closed\"><i class=\"fas fa-plus\"><\/i><\/span>\n\t\t\t\t\t\t\t\t<span class=\"elementor-accordion-icon-opened\"><i class=\"fas fa-minus\"><\/i><\/span>\n\t\t\t\t\t\t\t\t\t\t\t\t\t\t<\/span>\n\t\t\t\t\t\t\t\t\t\t\t\t<a class=\"elementor-accordion-title\" tabindex=\"0\">NICARAGUA<\/a>\n\t\t\t\t\t<\/div>\n\t\t\t\t\t<div id=\"elementor-tab-content-1144\" class=\"elementor-tab-content elementor-clearfix\" data-tab=\"4\" role=\"region\" aria-labelledby=\"elementor-tab-title-1144\"><p style=\"text-align: center;\">SERVICIOS ACREDITADOS DE FORMACI\u00d3N EN CIRUGIA PL\u00c1STICA EN NICARAGUA<\/p><p><strong>Hospital Fernando Velez Paiz, Managua<\/strong><br \/>Jefe del Servicio: Dra. Mar\u00eda Lilliemt Palma, Cel. +505 87965338<br \/>E-mail: <strong><span style=\"color: #0090b8;\"><a style=\"color: #0090b8;\" href=\"mailto:lilliemtpalma@yahoo.com\">lilliemtpalma@yahoo.com<\/a><\/span><\/strong><\/p><p><strong>Comit\u00e9 de Educaci\u00f3n M\u00e9dica Continua de la Asociaci\u00f3n<\/strong><br \/>Representante: Dr. Jos\u00e9 Dolores Brockmann, Cel +505 88527771<br \/>E-mail: <strong><span style=\"color: #0090b8;\"><a style=\"color: #0090b8;\" href=\"mailto:brockmanns@hotmail.com\">brockmanns@hotmail.com<\/a><\/span><\/strong><\/p><\/div>\n\t\t\t\t<\/div>\n\t\t\t\t\t\t\t<div class=\"elementor-accordion-item\">\n\t\t\t\t\t<div id=\"elementor-tab-title-1145\" class=\"elementor-tab-title\" data-tab=\"5\" role=\"button\" aria-controls=\"elementor-tab-content-1145\" aria-expanded=\"false\">\n\t\t\t\t\t\t\t\t\t\t\t\t\t<span class=\"elementor-accordion-icon elementor-accordion-icon-left\" aria-hidden=\"true\">\n\t\t\t\t\t\t\t\t\t\t\t\t\t\t\t<span class=\"elementor-accordion-icon-closed\"><i class=\"fas fa-plus\"><\/i><\/span>\n\t\t\t\t\t\t\t\t<span class=\"elementor-accordion-icon-opened\"><i class=\"fas fa-minus\"><\/i><\/span>\n\t\t\t\t\t\t\t\t\t\t\t\t\t\t<\/span>\n\t\t\t\t\t\t\t\t\t\t\t\t<a class=\"elementor-accordion-title\" tabindex=\"0\">PARAGUAY<\/a>\n\t\t\t\t\t<\/div>\n\t\t\t\t\t<div id=\"elementor-tab-content-1145\" class=\"elementor-tab-content elementor-clearfix\" data-tab=\"5\" role=\"region\" aria-labelledby=\"elementor-tab-title-1145\"><p style=\"text-align: center;\">SERVICIOS ACREDITADOS DE FORMACION EN CIRUGIA PLASTICA EN PARAGUAY<\/p><p><strong>Hospital de Cl\u00ednicas de la Universidad Nacional de Asunci\u00f3n<\/strong><br \/>Jefe de Servicio: Prof. Dr. Celso Aldana, Tel. +595 981 443744<\/p><p><strong>Hospital del Instituto de Previsi\u00f3n Social de la Universidad Cat\u00f3lica<\/strong><br \/>Jefe de Servicio: Dr. Osvaldo Aquino, Tel. +595 981 438440<\/p><\/div>\n\t\t\t\t<\/div>\n\t\t\t\t\t\t\t<div class=\"elementor-accordion-item\">\n\t\t\t\t\t<div id=\"elementor-tab-title-1146\" class=\"elementor-tab-title\" data-tab=\"6\" role=\"button\" aria-controls=\"elementor-tab-content-1146\" aria-expanded=\"false\">\n\t\t\t\t\t\t\t\t\t\t\t\t\t<span class=\"elementor-accordion-icon elementor-accordion-icon-left\" aria-hidden=\"true\">\n\t\t\t\t\t\t\t\t\t\t\t\t\t\t\t<span class=\"elementor-accordion-icon-closed\"><i class=\"fas fa-plus\"><\/i><\/span>\n\t\t\t\t\t\t\t\t<span class=\"elementor-accordion-icon-opened\"><i class=\"fas fa-minus\"><\/i><\/span>\n\t\t\t\t\t\t\t\t\t\t\t\t\t\t<\/span>\n\t\t\t\t\t\t\t\t\t\t\t\t<a class=\"elementor-accordion-title\" tabindex=\"0\">REP\u00daBLICA DOMINICANA<\/a>\n\t\t\t\t\t<\/div>\n\t\t\t\t\t<div id=\"elementor-tab-content-1146\" class=\"elementor-tab-content elementor-clearfix\" data-tab=\"6\" role=\"region\" aria-labelledby=\"elementor-tab-title-1146\"><p style=\"text-align: center;\">SERVICIOS ACREDITADOS DE FORMACION EN CIRUGIA PLASTICA EN REP\u00daBLICA DOMINICANA<\/p><p><strong>Hospital Salvador Bienvenido Gautier. Servicio Nacional de Salud.<\/strong><br \/>Residencia Nacional de Cirug\u00eda Pl\u00e1stica (RENACIP)<br \/>Jefe de Servicio: Dr. Severo Mercedes Acosta, Tel. (1 809) 919 6633<br \/>E-mail: <strong><span style=\"color: #0090b8;\"><a style=\"color: #0090b8;\" href=\"mailto:severo.m@codetel.net.do\">severo.m@codetel.net.do<\/a><\/span><\/strong><br \/>Coordinador de la Residencia: Dr. Giancarlo Guaschino, Tel. (1 809) 343 0095<br \/>E-mail:<strong><span style=\"color: #0090b8;\"> <a style=\"color: #0090b8;\" href=\"mailto:g3_giancarlo@hotmail.com\">g3_giancarlo@hotmail.com<\/a><\/span><\/strong><\/p><\/div>\n\t\t\t\t<\/div>\n\t\t\t\t\t\t\t<div class=\"elementor-accordion-item\">\n\t\t\t\t\t<div id=\"elementor-tab-title-1147\" class=\"elementor-tab-title\" data-tab=\"7\" role=\"button\" aria-controls=\"elementor-tab-content-1147\" aria-expanded=\"false\">\n\t\t\t\t\t\t\t\t\t\t\t\t\t<span class=\"elementor-accordion-icon elementor-accordion-icon-left\" aria-hidden=\"true\">\n\t\t\t\t\t\t\t\t\t\t\t\t\t\t\t<span class=\"elementor-accordion-icon-closed\"><i class=\"fas fa-plus\"><\/i><\/span>\n\t\t\t\t\t\t\t\t<span class=\"elementor-accordion-icon-opened\"><i class=\"fas fa-minus\"><\/i><\/span>\n\t\t\t\t\t\t\t\t\t\t\t\t\t\t<\/span>\n\t\t\t\t\t\t\t\t\t\t\t\t<a class=\"elementor-accordion-title\" tabindex=\"0\">URUGUAY<\/a>\n\t\t\t\t\t<\/div>\n\t\t\t\t\t<div id=\"elementor-tab-content-1147\" class=\"elementor-tab-content elementor-clearfix\" data-tab=\"7\" role=\"region\" aria-labelledby=\"elementor-tab-title-1147\"><p style=\"text-align: center;\">SERVICIOS ACREDITADOS DE FORMACI\u00d3N EN CIRUGIA PL\u00c1STICA EN URUGUAY<\/p><p><strong>Hospital de Cl\u00ednicas<\/strong><br \/>C\u00e1tedra de Cirug\u00eda Pl\u00e1stica Reparadora y Est\u00e9tica, Montevideo<br \/>Jefe del Servicio: Dr. Oscar Jacobo<\/p><p><strong>Hospital Pasteur<\/strong><br \/>Servicio de Cirug\u00eda Pl\u00e1stica y Microcirug\u00eda, Montevideo.<br \/>Jefe del Servicio: Dr. Gonzalo Fossati, Cel + 598 99690835<br \/>Email: <span style=\"color: #0090b8;\"><strong><a style=\"color: #0090b8;\" href=\"mailto:clinica-fossati@adinet.com.uy\">clinica-fossati@adinet.com.uy<\/a><\/strong><\/span><\/p><\/div>\n\t\t\t\t<\/div>\n\t\t\t\t\t\t\t\t<\/div>\n\t\t\t\t\t\t<\/div>\n\t\t\t\t<\/div>\n\t\t\t\t<div class=\"elementor-element elementor-element-c9e4ed1 elementor-widget elementor-widget-html\" data-id=\"c9e4ed1\" data-element_type=\"widget\" data-widget_type=\"html.default\">\n\t\t\t\t<div class=\"elementor-widget-container\">\n\t\t\t\t\t<script> \r\njQuery(document).ready(function($) { \r\nvar delay = 100; setTimeout(function() { \r\n$('.elementor-tab-title').removeClass('elementor-active');\r\n $('.elementor-tab-content').css('display', 'none'); }, delay); \r\n}); \r\n<\/script>\t\t\t\t<\/div>\n\t\t\t\t<\/div>\n\t\t\t\t\t<\/div>\n\t\t<\/div>\n\t\t\t\t\t<\/div>\n\t\t<\/section>\n\t\t\t\t<\/div>\n\t\t","protected":false},"excerpt":{"rendered":"<p>Directorio Servicios Acreditados Regl. Concurso Residentes ARGENTINA SERVICIOS ACREDITADOS DE FORMACI\u00d3N EN CIRUGIA PL\u00c1STICA EN ARGENTINA UNIDADES DOCENTES DE LA CIUDAD DE BUENOS AIRES Hospital Brit\u00e1nicoJefe: Dr. Joaqu\u00edn Nazar Anchorena+54 11 4309 6595hbcirugiaplastica@gmail.com Hospital Jos\u00e9 Mar\u00eda Ramos Mej\u00edaJefe: Dra. Nora Petralli+54 11 4931 1884 Instituto de QuemadosJefe: Dr. Javier Viguie+54 11 4923 3022 (Int.1205)cirug\u00edaplastica.hq@gmail.com Hospital [&hellip;]<\/p>\n","protected":false},"author":1,"featured_media":0,"parent":0,"menu_order":0,"comment_status":"closed","ping_status":"closed","template":"","meta":{"ocean_post_layout":"","ocean_both_sidebars_style":"","ocean_both_sidebars_content_width":0,"ocean_both_sidebars_sidebars_width":0,"ocean_sidebar":"0","ocean_second_sidebar":"0","ocean_disable_margins":"enable","ocean_add_body_class":"","ocean_shortcode_before_top_bar":"","ocean_shortcode_after_top_bar":"","ocean_shortcode_before_header":"","ocean_shortcode_after_header":"","ocean_has_shortcode":"","ocean_shortcode_after_title":"","ocean_shortcode_before_footer_widgets":"","ocean_shortcode_after_footer_widgets":"","ocean_shortcode_before_footer_bottom":"","ocean_shortcode_after_footer_bottom":"","ocean_display_top_bar":"default","ocean_display_header":"default","ocean_header_style":"","ocean_center_header_left_menu":"0","ocean_custom_header_template":"0","ocean_custom_logo":0,"ocean_custom_retina_logo":0,"ocean_custom_logo_max_width":0,"ocean_custom_logo_tablet_max_width":0,"ocean_custom_logo_mobile_max_width":0,"ocean_custom_logo_max_height":0,"ocean_custom_logo_tablet_max_height":0,"ocean_custom_logo_mobile_max_height":0,"ocean_header_custom_menu":"0","ocean_menu_typo_font_family":"0","ocean_menu_typo_font_subset":"","ocean_menu_typo_font_size":0,"ocean_menu_typo_font_size_tablet":0,"ocean_menu_typo_font_size_mobile":0,"ocean_menu_typo_font_size_unit":"px","ocean_menu_typo_font_weight":"","ocean_menu_typo_font_weight_tablet":"","ocean_menu_typo_font_weight_mobile":"","ocean_menu_typo_transform":"","ocean_menu_typo_transform_tablet":"","ocean_menu_typo_transform_mobile":"","ocean_menu_typo_line_height":0,"ocean_menu_typo_line_height_tablet":0,"ocean_menu_typo_line_height_mobile":0,"ocean_menu_typo_line_height_unit":"","ocean_menu_typo_spacing":0,"ocean_menu_typo_spacing_tablet":0,"ocean_menu_typo_spacing_mobile":0,"ocean_menu_typo_spacing_unit":"","ocean_menu_link_color":"","ocean_menu_link_color_hover":"","ocean_menu_link_color_active":"","ocean_menu_link_background":"","ocean_menu_link_hover_background":"","ocean_menu_link_active_background":"","ocean_menu_social_links_bg":"","ocean_menu_social_hover_links_bg":"","ocean_menu_social_links_color":"","ocean_menu_social_hover_links_color":"","ocean_disable_title":"default","ocean_disable_heading":"default","ocean_post_title":"","ocean_post_subheading":"","ocean_post_title_style":"","ocean_post_title_background_color":"","ocean_post_title_background":0,"ocean_post_title_bg_image_position":"","ocean_post_title_bg_image_attachment":"","ocean_post_title_bg_image_repeat":"","ocean_post_title_bg_image_size":"","ocean_post_title_height":0,"ocean_post_title_bg_overlay":0.5,"ocean_post_title_bg_overlay_color":"","ocean_disable_breadcrumbs":"default","ocean_breadcrumbs_color":"","ocean_breadcrumbs_separator_color":"","ocean_breadcrumbs_links_color":"","ocean_breadcrumbs_links_hover_color":"","ocean_display_footer_widgets":"default","ocean_display_footer_bottom":"default","ocean_custom_footer_template":"0","footnotes":""},"class_list":["post-3811","page","type-page","status-publish","hentry","entry"],"_links":{"self":[{"href":"https:\/\/www.filacp.org\/web26\/wp-json\/wp\/v2\/pages\/3811","targetHints":{"allow":["GET"]}}],"collection":[{"href":"https:\/\/www.filacp.org\/web26\/wp-json\/wp\/v2\/pages"}],"about":[{"href":"https:\/\/www.filacp.org\/web26\/wp-json\/wp\/v2\/types\/page"}],"author":[{"embeddable":true,"href":"https:\/\/www.filacp.org\/web26\/wp-json\/wp\/v2\/users\/1"}],"replies":[{"embeddable":true,"href":"https:\/\/www.filacp.org\/web26\/wp-json\/wp\/v2\/comments?post=3811"}],"version-history":[{"count":0,"href":"https:\/\/www.filacp.org\/web26\/wp-json\/wp\/v2\/pages\/3811\/revisions"}],"wp:attachment":[{"href":"https:\/\/www.filacp.org\/web26\/wp-json\/wp\/v2\/media?parent=3811"}],"curies":[{"name":"wp","href":"https:\/\/api.w.org\/{rel}","templated":true}]}}