{"id":1537,"date":"2016-09-06T11:09:59","date_gmt":"2016-09-06T14:09:59","guid":{"rendered":"http:\/\/www.filacp.org\/?page_id=1537"},"modified":"2026-03-07T15:40:14","modified_gmt":"2026-03-07T18:40:14","slug":"miembros-repdominicana","status":"publish","type":"page","link":"https:\/\/www.filacp.org\/web26\/miembros-repdominicana\/","title":{"rendered":"Miembros RepDominicana"},"content":{"rendered":"\t\t<div data-elementor-type=\"wp-page\" data-elementor-id=\"1537\" class=\"elementor elementor-1537\">\n\t\t\t\t\t\t<section class=\"elementor-section elementor-top-section elementor-element elementor-element-279e2416 elementor-section-full_width elementor-section-height-min-height elementor-section-items-stretch elementor-section-height-default\" data-id=\"279e2416\" data-element_type=\"section\" data-settings=\"{&quot;background_background&quot;:&quot;classic&quot;}\">\n\t\t\t\t\t\t<div class=\"elementor-container elementor-column-gap-default\">\n\t\t\t\t\t<div class=\"elementor-column elementor-col-100 elementor-top-column elementor-element elementor-element-246522a9\" data-id=\"246522a9\" data-element_type=\"column\">\n\t\t\t<div class=\"elementor-widget-wrap elementor-element-populated\">\n\t\t\t\t\t\t<div class=\"elementor-element elementor-element-878ffec elementor-position-left elementor-position-left elementor-vertical-align-top elementor-widget elementor-widget-image-box\" data-id=\"878ffec\" data-element_type=\"widget\" data-widget_type=\"image-box.default\">\n\t\t\t\t<div class=\"elementor-widget-container\">\n\t\t\t\t\t<div class=\"elementor-image-box-wrapper\"><figure class=\"elementor-image-box-img\"><img decoding=\"async\" width=\"70\" height=\"47\" src=\"https:\/\/www.filacp.org\/web26\/wp-content\/uploads\/Dominican-Republic.png\" class=\"attachment-full size-full wp-image-510\" alt=\"\" \/><\/figure><div class=\"elementor-image-box-content\"><h3 class=\"elementor-image-box-title\">REP. DOMINICANA<\/h3><p class=\"elementor-image-box-description\">Sociedad Dominicana de Cirug\u00eda Pl\u00e1stica, Reconstructiva y Est\u00e9tica, INC.<\/p><\/div><\/div>\t\t\t\t<\/div>\n\t\t\t\t<\/div>\n\t\t\t\t<div class=\"elementor-element elementor-element-7f97e57d elementor-icon-list--layout-inline elementor-align-right elementor-mobile-align-center elementor-list-item-link-full_width elementor-widget elementor-widget-icon-list\" data-id=\"7f97e57d\" data-element_type=\"widget\" data-widget_type=\"icon-list.default\">\n\t\t\t\t<div class=\"elementor-widget-container\">\n\t\t\t\t\t\t\t<ul class=\"elementor-icon-list-items elementor-inline-items\">\n\t\t\t\t\t\t\t<li class=\"elementor-icon-list-item elementor-inline-item\">\n\t\t\t\t\t\t\t\t\t\t\t<a href=\"https:\/\/sodocipre.net\/\" target=\"_blank\" rel=\"nofollow\">\n\n\t\t\t\t\t\t\t\t\t\t\t\t<span class=\"elementor-icon-list-icon\">\n\t\t\t\t\t\t\t<i aria-hidden=\"true\" class=\"fas fa-globe\"><\/i>\t\t\t\t\t\t<\/span>\n\t\t\t\t\t\t\t\t\t\t<span class=\"elementor-icon-list-text\">Sitio Web<\/span>\n\t\t\t\t\t\t\t\t\t\t\t<\/a>\n\t\t\t\t\t\t\t\t\t<\/li>\n\t\t\t\t\t\t\t\t<li class=\"elementor-icon-list-item elementor-inline-item\">\n\t\t\t\t\t\t\t\t\t\t\t<a href=\"mailto:info@sodocipre.net\">\n\n\t\t\t\t\t\t\t\t\t\t\t\t<span class=\"elementor-icon-list-icon\">\n\t\t\t\t\t\t\t<i aria-hidden=\"true\" class=\"fas fa-envelope\"><\/i>\t\t\t\t\t\t<\/span>\n\t\t\t\t\t\t\t\t\t\t<span class=\"elementor-icon-list-text\">Email<\/span>\n\t\t\t\t\t\t\t\t\t\t\t<\/a>\n\t\t\t\t\t\t\t\t\t<\/li>\n\t\t\t\t\t\t\t\t<li class=\"elementor-icon-list-item elementor-inline-item\">\n\t\t\t\t\t\t\t\t\t\t\t<a href=\"https:\/\/www.filacp.org\/web26\/sociedades-miembros\/\">\n\n\t\t\t\t\t\t\t\t\t\t\t\t<span class=\"elementor-icon-list-icon\">\n\t\t\t\t\t\t\t<i aria-hidden=\"true\" class=\"fas fa-reply-all\"><\/i>\t\t\t\t\t\t<\/span>\n\t\t\t\t\t\t\t\t\t\t<span class=\"elementor-icon-list-text\">Regresar<\/span>\n\t\t\t\t\t\t\t\t\t\t\t<\/a>\n\t\t\t\t\t\t\t\t\t<\/li>\n\t\t\t\t\t\t<\/ul>\n\t\t\t\t\t\t<\/div>\n\t\t\t\t<\/div>\n\t\t\t\t\t<\/div>\n\t\t<\/div>\n\t\t\t\t\t<\/div>\n\t\t<\/section>\n\t\t\t\t<section class=\"elementor-section elementor-top-section elementor-element elementor-element-3ae648cc elementor-section-full_width elementor-section-height-default elementor-section-height-default\" data-id=\"3ae648cc\" data-element_type=\"section\">\n\t\t\t\t\t\t<div class=\"elementor-container elementor-column-gap-default\">\n\t\t\t\t\t<div class=\"elementor-column elementor-col-100 elementor-top-column elementor-element elementor-element-1c56eafd\" data-id=\"1c56eafd\" data-element_type=\"column\">\n\t\t\t<div class=\"elementor-widget-wrap elementor-element-populated\">\n\t\t\t\t\t\t<div class=\"elementor-element elementor-element-1c5d256c elementor-widget elementor-widget-text-editor\" data-id=\"1c5d256c\" data-element_type=\"widget\" data-widget_type=\"text-editor.default\">\n\t\t\t\t<div class=\"elementor-widget-container\">\n\t\t\t\t\t\t\t\t\t<p>ABRAHAM POLANCO SAFADIT<br \/>AGUSTINA HIL\u00c1RIO DURAN<br \/>AIM\u00c9E GONZ\u00c1LEZ ISSA<br \/>ALEJANDRO RODR\u00cdGUEZ FERM\u00cdN<br \/>ALENNI P\u00c9REZ DE SENA<br \/>ALEXANDER DUARTE ULERIO<br \/>ALEXANDRISH KARVENDRISH RODR\u00cdGUEZ<br \/>AMADYS MALDONADO<br \/>AMAURY V\u00c1SQUEZ POLANCO<br \/>ANA CARPIO MORLA<br \/>ANA FRANCINA VALERA N\u00da\u00d1EZ<br \/>ANAL\u00cdA B\u00c9JAR<br \/>ANDR\u00c9S BIENVENIDO FR\u00cdAS REYNOSO<br \/>\u00c1NGEL ALEJANDRO MORA<br \/>ANGELA LAJARA HERRERA<br \/>ANICETO RODR\u00cdGUEZ DELGADO<br \/>ANNY JOHANNA FR\u00cdAS PEGUERO<br \/>ARAMIS VEGA PAULINO<br \/>ARGENIS S\u00c1NCHEZ PACHECO<br \/>ARGENY MERCEDES GUZM\u00c1N<br \/>ARIDIO COLLADO CRUZ<br \/>ARIEL EMILIO GUERRERO DOTEL<br \/>ASMIN AQUINO RODR\u00cdGUEZ<br \/>AURYS MERCEDES<br \/>AUSTRALIA FRAGOSO B\u00c1EZ<br \/>BIELKA AMPARO COL\u00d3N<br \/>BRAYAM MARIOT<br \/>BRENDA PACHE JIM\u00c9NEZ<br \/>BUENAVENTURA S\u00c1NCHEZ\u00a0<br \/>CARLOS GONZ\u00c1LEZ CORTORREAL<br \/>CARLOS JIMENEZ MIRANDA<br \/>CARLOS JOS\u00c9 VIVAS ORTEGA<br \/>CARLOS L\u00d3PEZ COLLADO<br \/>CARLOS MOJICA DE LE\u00d3N<br \/>CARLOS SAINT-HILAIRE LOCKWARD<br \/>C\u00c9SAR ALBERTO DE LA ROSA MADRID<br \/>C\u00c9SAR AUGUSTO PERALTA FERN\u00c1NDEZ<br \/>CHERIDA JULISSA BAUTISTA BOCIO<br \/>CHRISTIAN EL\u00cdAS C\u00c1CERES MACEO<br \/>CHRISTIAN RAMON CONCEPCION<br \/>CHRISTINE IGLESIAS<br \/>CRISTIAN D. TINEO SANTANA<br \/>CYNTHIA DISLA<br \/>DANIVEL N. C\u00c9SPEDES ZOROB<br \/>DENIA CARPIO DE LA ROSA<br \/>DERBY SANG CAPUTO<br \/>DISNALDA MARGARITA MATOS<br \/>DORIAN GARC\u00cdA P\u00c9REZ<br \/>DR.MANUEL D\u00cdAZ GUZM\u00c1N<br \/>EDGAR MARTIN ROSARIO ABREU<br \/>EDUARDO JOSE GARRIDO MENDEZ<br \/>EDUARDO VERAS CASTRO<br \/>EDWARD FAMILIA LOPEZ<br \/>ELSA DE LA CRUZ MEJ\u00cdA<br \/>EMMANUEL MALLOL COTES<br \/>EMMANUEL PEREZ P.<br \/>ENRIQUE ALMONTE CHECO<br \/>ENRIQUILLO CLIME RIVERA<br \/>ERICK ALBERTO MEJ\u00cdA RAM\u00cdREZ<br \/>EUGENIO LAPAIX VARGAS<br \/>F\u00c1TIMA ANADEL ALMONTE<br \/>FERNANDO DE LA CRUZ ACOSTA<br \/>FIDEL E. PERALTA N\u00da\u00d1EZ<br \/>FL\u00c9RIDO M\u00c9NDEZ N\u00da\u00d1EZ<br \/>FRANCIS LEBRON<br \/>FRANCIS LLAVERIAS<br \/>FRANCISCO RODR\u00cdGUEZ ROSARIO<br \/>FRANKLIN PE\u00d1A ROMERO<br \/>GARY JOEL ORTEGA ABREU<br \/>GEBAL MATOS<br \/>GELSON FERN\u00c1NDEZ<br \/>GIANNA MARIEL RAMOS AGUERO<br \/>GIOVANNY FRANCISCO P\u00c9REZ CABRERA<br \/>GLADYS POLANCO EST\u00c9VEZ<br \/>GLORINIL C. MERCEDES GERM\u00c1N<br \/>GUILLERMO LORENZO ORTIZ<br \/>GUSTAVO ADOLFO ALMANZAR GERMAN<br \/>HANMER ROA<br \/>HECTOR PHILADES HERRERA AYBAR<br \/>HERMES GONZALEZ MARRERO<br \/>IGNACIO ALMANZAR<br \/>IV\u00c1N DE JES\u00daS GONZ\u00c1LEZ BAUTISTA<br \/>IVETTE MU\u00d1OZ CONTRERAS<br \/>JACQUELINE MIRANDA PEREYRA<br \/>JAVIER B\u00c1EZ ANGL\u00c9S<br \/>JAVIER ZAIEK PAPPATERRA<br \/>JEAN PAUL GIUDICELLI LEBRON<br \/>JEAN PAUL GIUDICELLI SABA<br \/>JES\u00daS M. ABREU MONTERO<br \/>JOCHY X. CASTILLO QUIROS<br \/>JOEL ACOSTA MATOS<br \/>JOEL MARCELINO ROSARIO<br \/>JOEL POLANCO FERN\u00c1NDEZ<br \/>JOHANSEN GUTI\u00c9RREZ MOREL<br \/>JORGE A. JIM\u00c9NEZ TORIBIO<br \/>JORGE SEVERINO ORTEGA<br \/>JORGE WADDY MANZUR DE LA CRUZ<br \/>JOS\u00c9 ALEXIS REYES<br \/>JOS\u00c9 ERNESTO ABREU SANTANA<br \/>JOS\u00c9 GILBERTO GUERRA SEIJAS<br \/>JOS\u00c9 LE\u00d3N ORTIZ<br \/>JOSE LUIS ACOSTA COLLADO<br \/>JOS\u00c9 LU\u00cdS ENCARNACI\u00d3N BAUTISTA<br \/>JOSE LUIS PLAZA L\u00d3PEZ<br \/>JOS\u00c9 MIGUEL D\u00cdAZ DURAN<br \/>JOS\u00c9 MIGUEL FLORES BRET\u00d3N<br \/>JOS\u00c9 OSCAR MORA ACOSTA<br \/>JOS\u00c9 RICHARDSON LOPEZ<br \/>JOSU\u00c9 ERNESTO SAFADIT COMPR\u00c9S<br \/>JUAN BAUTISTA LORA<br \/>JUAN CARLOS MARTINEZ DE LOS SANTOS<br \/>JUAN CARLOS SUERO DE LA CRUZ<br \/>JUAN MANUEL AQUINO<br \/>JUAN STANLEY ROND\u00d3N<br \/>JULIAN ESPEJO<br \/>JULIO ALBERTO SICARD CERDA<br \/>JULIO C\u00c9SAR PE\u00d1A ENCARNACI\u00d3N<br \/>KAMALY MONEGRO<br \/>KARIDY YERNERSSY REYES DE CEBALLOS<br \/>KATHERINE CAMPUSANO<br \/>KATHERINE MARIEL EST\u00c9VEZ MEDINA<br \/>KELVIN EUSEBIO PAULINO<br \/>KEMIL ISSA LORA<br \/>KENNETH SCHIMENSKY CABRERA<br \/>KOCSAN L. SANTANA<br \/>LIRIAN DEL CARMEN LEYVA RIVERON<br \/>LOURDES RODR\u00cdGUEZ<br \/>LUIS ALBERTO MEJ\u00cdA<br \/>LUIS ANDR\u00c9S CORDERO ESPAILLAT<br \/>LUIS CABRAL<br \/>LUIS CARLOS JIM\u00c9NEZ HERN\u00c1NDEZ<br \/>LUIS DANIEL VALD\u00c9S PALAU<br \/>LUIS EDUARDO REDONDO ABREU<br \/>LUIS ENMANUEL GONZ\u00c1LEZ VALDEZ<br \/>LUIS FRANCISCO ESPAILLAT MOYA<br \/>LU\u00cdS FREDY GARC\u00cdA MART\u00cdNEZ<br \/>LUIS J. BONETTI<br \/>LUIS KEIFER DE LA ROSA BRYAN<br \/>LUIS S. TACTUK SIM\u00d3<br \/>LUIS YGNACIO HOLGUIN<br \/>LUIS YUNEL LIMA VARGAS<br \/>LUISA FERCARINA VALENZUELA FELIZ<br \/>LUZ MAR\u00cdA SU\u00c1REZ CH\u00c1VEZ<br \/>MAIKEL L. JIM\u00c9NEZ FERRERAS<br \/>MANELIC MEJ\u00cdA<br \/>MANUEL A. PERALTA GARCIA<br \/>MANUEL ABREU VALENZUELA<br \/>MANUEL BEL\u00c9N<br \/>MANUEL ESPAILLAT PAVONESA<br \/>MANUEL FCO. TARRAZO TORRES<br \/>MANUEL TORREIRA RIOS<br \/>MANUEL VENTURA GONZALEZ<br \/>MANUELA CORONA SOSA<br \/>MARCOS CUEVAS SOTO<br \/>MAR\u00cdA CAROLINA HERRAND GERALDIN<br \/>MAR\u00cdA FERNANDA NU\u00d1EZ BURGOS<br \/>MARTIN B. ROBLES MEJ\u00cdA<br \/>MASSIEL BIANNET GUZM\u00c1N REYES<br \/>MILADY MARZ\u00c1N DE RAM\u00cdREZ<br \/>MONTT J. BUTLER STREESE<br \/>NATHALY BELLO<br \/>NELSON GARC\u00cdA MEND\u00c9Z<br \/>NELSON RUBIO SILFA<br \/>N\u00c9STOR JULIO MALL\u00c9N TEJEDA<br \/>NOEL M. RIVERA RODR\u00cdGUEZ<br \/>ORLANDO VARGAS ALMONTE<br \/>OTONIEL D\u00cdAZ CASADO<br \/>PABLO ANTONIO GRULL\u00d3N ACOSTA<br \/>PABLO JOSE CASTILLO CASTILLO<br \/>PAMELA B. \u00c1VILA VELEZ<br \/>PAMELA RODRIGUEZ<br \/>PAOLA HERN\u00c1NDEZ CORTORREAL<br \/>PAOLA RAQUEL MART\u00cdNEZ ARECH\u00c9<br \/>PATRICK ST LOUIS<br \/>PAUL MIGUEL FELIZ DELGADO<br \/>PEDRO ANDR\u00c9S ESPINAL GONZ\u00c1LEZ<br \/>PEDRO ISABEL-CHALAS<br \/>PEDRO JOS\u00c9 GARC\u00cdA L\u00d3PEZ<br \/>PERLA DENISSE SERRANO DE LE\u00d3N<br \/>PETRA AURORA V\u00d3LQUEZ MATOS<br \/>QUISQUEYA DE LA ROSA SAIZ<br \/>RAFAEL ANTONIO ARACENA<br \/>RAFAEL ANTONIO MIRABAL BATISTA<br \/>RAFAEL EST\u00c9VEZ HERN\u00c1NDEZ<br \/>RAFAEL LLUBERES FREITES<br \/>RAFAEL RIVERA BONILLA<br \/>RAFAEL S\u00c1NCHEZ ACOSTA<br \/>RAM\u00d3N ALBERTO RODR\u00cdGUEZ ESTRELLA<br \/>RAM\u00d3N MORALES PUMAROL<br \/>RAM\u00d3N SABALA<br \/>RA\u00daL ALEXANDER P\u00c9REZ PIMENTEL<br \/>RICARDO EMMANUEL ACOSTA COSTE<br \/>RICARDO VENTURA HERRERA<br \/>RICHARD EMMANUEL GUERRERO JIM\u00c9NEZ<br \/>RIKELMY ALICIA ABREU CORNIEL<br \/>ROBERT LANGLANDS<br \/>ROBERT NOVALIS URE\u00d1A ECHAVARR\u00cdA<br \/>ROBERTO GUERRERO DANIEL<br \/>ROBERTO GUTIERREZ GENAO<br \/>RODRIGO ESCOBAR JARAMILLO<br \/>RUB\u00c9N CARRASCO PE\u00d1A<br \/>SAMUEL E. MART\u00cdNEZ RECIO<br \/>SANDRA D\u00cdAZ GONZ\u00c1LEZ<br \/>SANTOS ESPINAL GOMEZ<br \/>SERGIO GUZM\u00c1N PADILLA<br \/>SEVERO MERCEDES ACOSTA, MMD<br \/>SHAILYN M\u00c1RMOL SOLER<br \/>SILVIA AVIL\u00c9S TERRERO<br \/>SUSANA MASSIEL DAVID CARVAJAL<br \/>TADEO A. COMPRES PICHARDO<br \/>TANGER CASTILLO SALCEDO<br \/>TANIA MEDINA COLLADO<br \/>THAULYS THAMAR LUNA<br \/>VANESSA DE AZA<br \/>V\u00cdCTOR ESTRELLA VENTURA<br \/>VICTOR MEDRANO<br \/>WALDY ESTRELLA<br \/>WALKIRIS ROBLES<br \/>WELBIN NICOLAS PAREDES JAVIER<br \/>WILFREDO RODR\u00cdGUEZ PE\u00d1A<br \/>YAFEL PICHARDO MART\u00cdNEZ<br \/>YILY DE LOS SANTOS<br \/>YULISSA M. INFANTE<br \/>YUSEF MANUEL MARRERO SARKIS<br \/>YVELISE BELLO PAREDES<\/p>\t\t\t\t\t\t\t\t<\/div>\n\t\t\t\t<\/div>\n\t\t\t\t\t<\/div>\n\t\t<\/div>\n\t\t\t\t\t<\/div>\n\t\t<\/section>\n\t\t\t\t<\/div>\n\t\t","protected":false},"excerpt":{"rendered":"<p>REP. DOMINICANA Sociedad Dominicana de Cirug\u00eda Pl\u00e1stica, Reconstructiva y Est\u00e9tica, INC. Sitio Web Email Regresar ABRAHAM POLANCO SAFADITAGUSTINA HIL\u00c1RIO DURANAIM\u00c9E GONZ\u00c1LEZ ISSAALEJANDRO RODR\u00cdGUEZ FERM\u00cdNALENNI P\u00c9REZ DE SENAALEXANDER DUARTE ULERIOALEXANDRISH KARVENDRISH RODR\u00cdGUEZAMADYS MALDONADOAMAURY V\u00c1SQUEZ POLANCOANA CARPIO MORLAANA FRANCINA VALERA N\u00da\u00d1EZANAL\u00cdA B\u00c9JARANDR\u00c9S BIENVENIDO FR\u00cdAS REYNOSO\u00c1NGEL ALEJANDRO MORAANGELA LAJARA HERRERAANICETO RODR\u00cdGUEZ DELGADOANNY JOHANNA FR\u00cdAS PEGUEROARAMIS VEGA PAULINOARGENIS S\u00c1NCHEZ [&hellip;]<\/p>\n","protected":false},"author":1,"featured_media":0,"parent":0,"menu_order":0,"comment_status":"closed","ping_status":"closed","template":"","meta":{"ocean_post_layout":"","ocean_both_sidebars_style":"","ocean_both_sidebars_content_width":0,"ocean_both_sidebars_sidebars_width":0,"ocean_sidebar":"","ocean_second_sidebar":"","ocean_disable_margins":"enable","ocean_add_body_class":"","ocean_shortcode_before_top_bar":"","ocean_shortcode_after_top_bar":"","ocean_shortcode_before_header":"","ocean_shortcode_after_header":"","ocean_has_shortcode":"","ocean_shortcode_after_title":"","ocean_shortcode_before_footer_widgets":"","ocean_shortcode_after_footer_widgets":"","ocean_shortcode_before_footer_bottom":"","ocean_shortcode_after_footer_bottom":"","ocean_display_top_bar":"default","ocean_display_header":"default","ocean_header_style":"","ocean_center_header_left_menu":"","ocean_custom_header_template":"","ocean_custom_logo":0,"ocean_custom_retina_logo":0,"ocean_custom_logo_max_width":0,"ocean_custom_logo_tablet_max_width":0,"ocean_custom_logo_mobile_max_width":0,"ocean_custom_logo_max_height":0,"ocean_custom_logo_tablet_max_height":0,"ocean_custom_logo_mobile_max_height":0,"ocean_header_custom_menu":"","ocean_menu_typo_font_family":"","ocean_menu_typo_font_subset":"","ocean_menu_typo_font_size":0,"ocean_menu_typo_font_size_tablet":0,"ocean_menu_typo_font_size_mobile":0,"ocean_menu_typo_font_size_unit":"px","ocean_menu_typo_font_weight":"","ocean_menu_typo_font_weight_tablet":"","ocean_menu_typo_font_weight_mobile":"","ocean_menu_typo_transform":"","ocean_menu_typo_transform_tablet":"","ocean_menu_typo_transform_mobile":"","ocean_menu_typo_line_height":0,"ocean_menu_typo_line_height_tablet":0,"ocean_menu_typo_line_height_mobile":0,"ocean_menu_typo_line_height_unit":"","ocean_menu_typo_spacing":0,"ocean_menu_typo_spacing_tablet":0,"ocean_menu_typo_spacing_mobile":0,"ocean_menu_typo_spacing_unit":"","ocean_menu_link_color":"","ocean_menu_link_color_hover":"","ocean_menu_link_color_active":"","ocean_menu_link_background":"","ocean_menu_link_hover_background":"","ocean_menu_link_active_background":"","ocean_menu_social_links_bg":"","ocean_menu_social_hover_links_bg":"","ocean_menu_social_links_color":"","ocean_menu_social_hover_links_color":"","ocean_disable_title":"default","ocean_disable_heading":"default","ocean_post_title":"","ocean_post_subheading":"","ocean_post_title_style":"","ocean_post_title_background_color":"","ocean_post_title_background":0,"ocean_post_title_bg_image_position":"","ocean_post_title_bg_image_attachment":"","ocean_post_title_bg_image_repeat":"","ocean_post_title_bg_image_size":"","ocean_post_title_height":0,"ocean_post_title_bg_overlay":0.5,"ocean_post_title_bg_overlay_color":"","ocean_disable_breadcrumbs":"default","ocean_breadcrumbs_color":"","ocean_breadcrumbs_separator_color":"","ocean_breadcrumbs_links_color":"","ocean_breadcrumbs_links_hover_color":"","ocean_display_footer_widgets":"default","ocean_display_footer_bottom":"default","ocean_custom_footer_template":"","footnotes":""},"class_list":["post-1537","page","type-page","status-publish","hentry","entry"],"_links":{"self":[{"href":"https:\/\/www.filacp.org\/web26\/wp-json\/wp\/v2\/pages\/1537","targetHints":{"allow":["GET"]}}],"collection":[{"href":"https:\/\/www.filacp.org\/web26\/wp-json\/wp\/v2\/pages"}],"about":[{"href":"https:\/\/www.filacp.org\/web26\/wp-json\/wp\/v2\/types\/page"}],"author":[{"embeddable":true,"href":"https:\/\/www.filacp.org\/web26\/wp-json\/wp\/v2\/users\/1"}],"replies":[{"embeddable":true,"href":"https:\/\/www.filacp.org\/web26\/wp-json\/wp\/v2\/comments?post=1537"}],"version-history":[{"count":0,"href":"https:\/\/www.filacp.org\/web26\/wp-json\/wp\/v2\/pages\/1537\/revisions"}],"wp:attachment":[{"href":"https:\/\/www.filacp.org\/web26\/wp-json\/wp\/v2\/media?parent=1537"}],"curies":[{"name":"wp","href":"https:\/\/api.w.org\/{rel}","templated":true}]}}