{"id":1527,"date":"2016-09-06T11:04:21","date_gmt":"2016-09-06T14:04:21","guid":{"rendered":"http:\/\/www.filacp.org\/?page_id=1527"},"modified":"2026-03-07T15:39:29","modified_gmt":"2026-03-07T18:39:29","slug":"miembros-portugal","status":"publish","type":"page","link":"https:\/\/www.filacp.org\/web26\/miembros-portugal\/","title":{"rendered":"Miembros Portugal"},"content":{"rendered":"\t\t<div data-elementor-type=\"wp-page\" data-elementor-id=\"1527\" class=\"elementor elementor-1527\">\n\t\t\t\t\t\t<section class=\"elementor-section elementor-top-section elementor-element elementor-element-63be850b elementor-section-full_width elementor-section-height-min-height elementor-section-items-stretch elementor-section-height-default\" data-id=\"63be850b\" data-element_type=\"section\" data-settings=\"{&quot;background_background&quot;:&quot;classic&quot;}\">\n\t\t\t\t\t\t<div class=\"elementor-container elementor-column-gap-default\">\n\t\t\t\t\t<div class=\"elementor-column elementor-col-100 elementor-top-column elementor-element elementor-element-6195d9cb\" data-id=\"6195d9cb\" data-element_type=\"column\">\n\t\t\t<div class=\"elementor-widget-wrap elementor-element-populated\">\n\t\t\t\t\t\t<div class=\"elementor-element elementor-element-b5c3082 elementor-position-left elementor-position-left elementor-vertical-align-top elementor-widget elementor-widget-image-box\" data-id=\"b5c3082\" data-element_type=\"widget\" data-widget_type=\"image-box.default\">\n\t\t\t\t<div class=\"elementor-widget-container\">\n\t\t\t\t\t<div class=\"elementor-image-box-wrapper\"><figure class=\"elementor-image-box-img\"><img decoding=\"async\" width=\"70\" height=\"47\" src=\"https:\/\/www.filacp.org\/web26\/wp-content\/uploads\/Portugal.png\" class=\"attachment-full size-full wp-image-506\" alt=\"\" \/><\/figure><div class=\"elementor-image-box-content\"><h3 class=\"elementor-image-box-title\">PORTUGAL<\/h3><p class=\"elementor-image-box-description\">Sociedade Portuguesa de Cirurgia Pl\u00e1stica,Reconstructiva e Est\u00e9tica.<\/p><\/div><\/div>\t\t\t\t<\/div>\n\t\t\t\t<\/div>\n\t\t\t\t<div class=\"elementor-element elementor-element-57e670c7 elementor-icon-list--layout-inline elementor-align-right elementor-mobile-align-center elementor-list-item-link-full_width elementor-widget elementor-widget-icon-list\" data-id=\"57e670c7\" data-element_type=\"widget\" data-widget_type=\"icon-list.default\">\n\t\t\t\t<div class=\"elementor-widget-container\">\n\t\t\t\t\t\t\t<ul class=\"elementor-icon-list-items elementor-inline-items\">\n\t\t\t\t\t\t\t<li class=\"elementor-icon-list-item elementor-inline-item\">\n\t\t\t\t\t\t\t\t\t\t\t<a href=\"https:\/\/spcpre.pt\/\" target=\"_blank\" rel=\"nofollow\">\n\n\t\t\t\t\t\t\t\t\t\t\t\t<span class=\"elementor-icon-list-icon\">\n\t\t\t\t\t\t\t<i aria-hidden=\"true\" class=\"fas fa-globe\"><\/i>\t\t\t\t\t\t<\/span>\n\t\t\t\t\t\t\t\t\t\t<span class=\"elementor-icon-list-text\">Sitio Web<\/span>\n\t\t\t\t\t\t\t\t\t\t\t<\/a>\n\t\t\t\t\t\t\t\t\t<\/li>\n\t\t\t\t\t\t\t\t<li class=\"elementor-icon-list-item elementor-inline-item\">\n\t\t\t\t\t\t\t\t\t\t\t<a href=\"mailto:geral@spcpre.pt\">\n\n\t\t\t\t\t\t\t\t\t\t\t\t<span class=\"elementor-icon-list-icon\">\n\t\t\t\t\t\t\t<i aria-hidden=\"true\" class=\"fas fa-envelope\"><\/i>\t\t\t\t\t\t<\/span>\n\t\t\t\t\t\t\t\t\t\t<span class=\"elementor-icon-list-text\">Email<\/span>\n\t\t\t\t\t\t\t\t\t\t\t<\/a>\n\t\t\t\t\t\t\t\t\t<\/li>\n\t\t\t\t\t\t\t\t<li class=\"elementor-icon-list-item elementor-inline-item\">\n\t\t\t\t\t\t\t\t\t\t\t<a href=\"https:\/\/www.filacp.org\/web26\/sociedades-miembros\/\">\n\n\t\t\t\t\t\t\t\t\t\t\t\t<span class=\"elementor-icon-list-icon\">\n\t\t\t\t\t\t\t<i aria-hidden=\"true\" class=\"fas fa-reply-all\"><\/i>\t\t\t\t\t\t<\/span>\n\t\t\t\t\t\t\t\t\t\t<span class=\"elementor-icon-list-text\">Regresar<\/span>\n\t\t\t\t\t\t\t\t\t\t\t<\/a>\n\t\t\t\t\t\t\t\t\t<\/li>\n\t\t\t\t\t\t<\/ul>\n\t\t\t\t\t\t<\/div>\n\t\t\t\t<\/div>\n\t\t\t\t\t<\/div>\n\t\t<\/div>\n\t\t\t\t\t<\/div>\n\t\t<\/section>\n\t\t\t\t<section class=\"elementor-section elementor-top-section elementor-element elementor-element-23839efe elementor-section-full_width elementor-section-height-default elementor-section-height-default\" data-id=\"23839efe\" data-element_type=\"section\">\n\t\t\t\t\t\t<div class=\"elementor-container elementor-column-gap-default\">\n\t\t\t\t\t<div class=\"elementor-column elementor-col-100 elementor-top-column elementor-element elementor-element-2f346b45\" data-id=\"2f346b45\" data-element_type=\"column\">\n\t\t\t<div class=\"elementor-widget-wrap elementor-element-populated\">\n\t\t\t\t\t\t<div class=\"elementor-element elementor-element-6dc44f62 elementor-widget elementor-widget-text-editor\" data-id=\"6dc44f62\" data-element_type=\"widget\" data-widget_type=\"text-editor.default\">\n\t\t\t\t<div class=\"elementor-widget-container\">\n\t\t\t\t\t\t\t\t\t<p>ABEL RICARDO NOBREGA NASCIMENTO<br \/>\u00c1GUEDA CELESTINA CARMO SENA CARVALHO<br \/>ALBERTO ANTONIO DA ROCHA PEREIRA<br \/>\u00c1LVARO MANUEL CATARINO PEREIRA DA SILVA<br \/>ANA CRISTINA RODRIGUES MENDES<br \/>ANA ISABEL CORREIA GON\u00c7ALVES<br \/>ANA MARGARIDA FERREIRA HENRIQUES BANDEIRA COSTA<br \/>ANA SILVA GUERRA<br \/>\u00c2NGELO CONSTANTINO REBELO<br \/>ANT\u00d3NIO CARLOS CORREIA CONDE \/ANTONIO CONDE LDA<br \/>ANT\u00d3NIO GENTIL DA SILVA MARTINS<br \/>ANT\u00d3NIO JOS\u00c9 FERREIRA SANTA COMBA<br \/>ANTONIO MANUEL DOMINGUES DA COSTA FERREIRA<br \/>ANT\u00d3NIO MANUEL SANCHO<br \/>ANT\u00d3NIO RIBEIRO PARALTA FIGUEIREDO<br \/>ANTONIO VITOR ASSUN\u00c7\u00c3O MATOS FONSECA<br \/>ARNALDO SILVEIRA COSTA<br \/>CARLA MARIA OLIVEIRA DIOGO<br \/>CARLA SUSANA LOPES PINHEIRO SILVA<br \/>CARLOS EMANUEL PINTO RANGEL DE ARAUJO<br \/>CARLOS MANUEL MAGALH\u00c3ES PIRES<br \/>CARLOS MANUEL PEREIRA NORONHA SANTOS<br \/>CARMEN MARISA MARQUES GON\u00c7ALVES<br \/>CAROLINA AFONSO ANDRESEN GUERREIRO<br \/>CELSO DANIEL ROCHA CRUZEIRO<br \/>DAVID MADEIRA DE CARVALHO RASTEIRO<br \/>DIANA COSTA SANTOS<br \/>DIOGO ANDRE DE ABREU ESTEVES GODINHO LOPES BOGALH\u00c3O DO CASAL<br \/>EDGARDO LUIS DE AZEVEDO DE S\u00c1 MALHEIRO<br \/>EDUARDO JOSE FERNANDES MONTEIRO<br \/>EDUARDO MIGUEL CRAVEIRO MATOS<br \/>ELISABETE SOARES OUAKININ<br \/>FERNANDO GABRIEL P. COELHO AFONSO<br \/>FERNANDO MANUEL NETO LAMAR\u00c3O GOMES ROSA<br \/>FERNANDO NUNO GODINHO DA SILVA REBELO<br \/>FRANCISCO JOS\u00c9 ESPINHA RIBEIRO DE CARVALHO<br \/>FRANCISCO MANUEL DA COSTA DOMINGUES<br \/>FRANCISCO SOARES MARTINS DE CARVALHO<br \/>GAIZKA SAENS DEL CASTILLO RIBEIRO<br \/>GERARDO ORDIALES MILLAN<br \/>GUILHERMINA LIMA<br \/>HELENA FLORA RAMOS GON\u00c7ALVES PEREIRA VIGEANT GOMES<br \/>HORACIO URGEL ZENHA MONTEIRO DA COSTA<br \/>\u00cdRIS RAQUEL MORT\u00c1GUA DE BRITO<br \/>JAIME ASSUN\u00c7\u00c3O DA ROCHA<br \/>JOANA SOFIA PIRES BOTELHO COSTA<br \/>JO\u00c3O ALBERTO BAPTISTA PATRICIO<br \/>JOAO ANTONIO FREITAS DE OLIVEIRA<br \/>JO\u00c3O EDUARDO CARVALHO ALMEIDA<br \/>JOAO FILIPE GOMES DA SILVA TAVARES<br \/>JOAO LUIS MAVIGN\u00c9 DE SOUSA NUNES DA COSTA<br \/>JO\u00c3O MANUEL DA LUZ BRAVO FERREIRA<br \/>JOAO PAULO AMARAL FERREIRA<br \/>JO\u00c3O PAULO DE MATOS ARA\u00daJO GUIMARES<br \/>JO\u00c3O VEIGA DA GAMA VIEIRA<br \/>JOAQUIM REIS DE JESUS<br \/>JOS\u00c9 CAMPOS DIAS<br \/>JOS\u00c9 CARDOSO ROCHA<br \/>JOSE CARLOS DOS SANTOS PARREIRA<br \/>JOS\u00c9 EDUARDO RENDO SOUSA DIAS<br \/>JOS\u00c9 MANUEL LOPES TEIXEIRA AMARANTE<br \/>JOS\u00c9 MANUEL SANTOS SILVA VIDEIRA E CASTRO<br \/>JOS\u00c9 MARIA ESCARDU\u00c7A DIAS<br \/>JOSE MARIA LARANJAS PONTES<br \/>JOS\u00c9 M\u00c1RIO MENDES SANTOS REGO<br \/>JOS\u00c9 ROSA DE ALMEIDA<br \/>JULIO ANTONIO GUIMARAES CABRITA MATIAS<br \/>LILIANA PATRICIA REIS SILVA<br \/>LUIS DANIEL FERREIRA DA MATA RIBEIRO<br \/>LUIS FILIPE APAR\u00cdCIO FERNANDES DOS SANTOS<br \/>LUIS FILIPE DOS SANTOS MARTINS DA CRUZ<br \/>LUIS HENRIQUES CARRI\u00c9RE MOMPL\u00c9<br \/>LUIS SERGIO TOLEDO<br \/>LUISA AM\u00c9LIA R. DIAS ALMADA BAR\u00c3O DA CUNHA<br \/>MANUEL DO ROS\u00c1RIO CANEIRA DA SILVA<br \/>MANUEL JOS\u00c9 FIGUEIROA DE FRAN\u00c7A GOMES<br \/>MANUEL J\u00daLIO DA CUNHA CARDOSO DO CARMO<br \/>MARIA AUGUSTA COSTA FERREIRA CARDOSO<br \/>MARIA CRISTINA ESTIBEIRO SANTOS CUNHA<br \/>MARIA DA CONCEI\u00c7\u00c3O RATO DA CONCEI\u00c7\u00c3O AZEDA<br \/>MARIA HAYD\u00c9E DE QUEIR\u00d3Z E LENCASTRE<br \/>MARIA INES MONTEIRO GODINHO MATOS LOUREIRO<br \/>MARIA IN\u00caS SILVESTRE \u00cdNSUA PEREIRA<br \/>MARIA ISABEL DE CASTRO OLIVEIRA<br \/>MARIA ISABEL LARANJA M. G. SEGURO PEREIRA<br \/>MARIA JO\u00c3O GON\u00c7ALVES BASTOS<br \/>MARIA LAURA FERREIRA TAROUCA DA SILVA ESTEVES MARCOS<br \/>MARIA LUIZA PASCOALINHO PEREIRA FERRAZ<br \/>MARIA LUZ FERREIRA BARROSO<br \/>MARIA MANUEL CARDOSO PIRES MENDES<br \/>MARIANA DA ROCHA SOUSA CAMELLO MARTINS<br \/>MARIO JORGE FREIRE DOS SANTOS<br \/>MAUR\u00cdCIO LEPAK MILET<br \/>MIGUEL FRANCISCO GARCEZ PALHA PESSOA VAZ<br \/>MIGUEL RIBEIRO ANDRADE<br \/>NUNO CORREIA LOURO FRADINHO<br \/>ORLANDO CABRAL BARRETO<br \/>PEDRO JO\u00c3O MARQUES CARDOSO CARVALHO<br \/>RITA VALEN\u00c7A FILIPE RIBEIRO DA SILVA<br \/>ROG\u00c9RIO RESENDE DOS SANTOS<br \/>RUI FILIPE DA CUNHA BASTOS<br \/>SARA ELVIRA CASTENDO RAMOS<br \/>S\u00c9RGIO ANDR\u00c9 MARTINS TEIXEIRA<br \/>SOFIA MARTINHO DE OLIVEIRA SANTARENO<br \/>TIAGO ALEXANDRE DE SA TOSCANO<br \/>VICTOR MANUEL MOREIRA DOS SANTOS FERNANDES<br \/>ZEFERINO ANT\u00d3NIO BISCAIA RABA\u00c7A FRAGA<\/p>\t\t\t\t\t\t\t\t<\/div>\n\t\t\t\t<\/div>\n\t\t\t\t\t<\/div>\n\t\t<\/div>\n\t\t\t\t\t<\/div>\n\t\t<\/section>\n\t\t\t\t<\/div>\n\t\t","protected":false},"excerpt":{"rendered":"<p>PORTUGAL Sociedade Portuguesa de Cirurgia Pl\u00e1stica,Reconstructiva e Est\u00e9tica. Sitio Web Email Regresar ABEL RICARDO NOBREGA NASCIMENTO\u00c1GUEDA CELESTINA CARMO SENA CARVALHOALBERTO ANTONIO DA ROCHA PEREIRA\u00c1LVARO MANUEL CATARINO PEREIRA DA SILVAANA CRISTINA RODRIGUES MENDESANA ISABEL CORREIA GON\u00c7ALVESANA MARGARIDA FERREIRA HENRIQUES BANDEIRA COSTAANA SILVA GUERRA\u00c2NGELO CONSTANTINO REBELOANT\u00d3NIO CARLOS CORREIA CONDE \/ANTONIO CONDE LDAANT\u00d3NIO GENTIL DA SILVA MARTINSANT\u00d3NIO JOS\u00c9 [&hellip;]<\/p>\n","protected":false},"author":1,"featured_media":0,"parent":0,"menu_order":0,"comment_status":"closed","ping_status":"closed","template":"","meta":{"ocean_post_layout":"","ocean_both_sidebars_style":"","ocean_both_sidebars_content_width":0,"ocean_both_sidebars_sidebars_width":0,"ocean_sidebar":"","ocean_second_sidebar":"","ocean_disable_margins":"enable","ocean_add_body_class":"","ocean_shortcode_before_top_bar":"","ocean_shortcode_after_top_bar":"","ocean_shortcode_before_header":"","ocean_shortcode_after_header":"","ocean_has_shortcode":"","ocean_shortcode_after_title":"","ocean_shortcode_before_footer_widgets":"","ocean_shortcode_after_footer_widgets":"","ocean_shortcode_before_footer_bottom":"","ocean_shortcode_after_footer_bottom":"","ocean_display_top_bar":"default","ocean_display_header":"default","ocean_header_style":"","ocean_center_header_left_menu":"","ocean_custom_header_template":"","ocean_custom_logo":0,"ocean_custom_retina_logo":0,"ocean_custom_logo_max_width":0,"ocean_custom_logo_tablet_max_width":0,"ocean_custom_logo_mobile_max_width":0,"ocean_custom_logo_max_height":0,"ocean_custom_logo_tablet_max_height":0,"ocean_custom_logo_mobile_max_height":0,"ocean_header_custom_menu":"","ocean_menu_typo_font_family":"","ocean_menu_typo_font_subset":"","ocean_menu_typo_font_size":0,"ocean_menu_typo_font_size_tablet":0,"ocean_menu_typo_font_size_mobile":0,"ocean_menu_typo_font_size_unit":"px","ocean_menu_typo_font_weight":"","ocean_menu_typo_font_weight_tablet":"","ocean_menu_typo_font_weight_mobile":"","ocean_menu_typo_transform":"","ocean_menu_typo_transform_tablet":"","ocean_menu_typo_transform_mobile":"","ocean_menu_typo_line_height":0,"ocean_menu_typo_line_height_tablet":0,"ocean_menu_typo_line_height_mobile":0,"ocean_menu_typo_line_height_unit":"","ocean_menu_typo_spacing":0,"ocean_menu_typo_spacing_tablet":0,"ocean_menu_typo_spacing_mobile":0,"ocean_menu_typo_spacing_unit":"","ocean_menu_link_color":"","ocean_menu_link_color_hover":"","ocean_menu_link_color_active":"","ocean_menu_link_background":"","ocean_menu_link_hover_background":"","ocean_menu_link_active_background":"","ocean_menu_social_links_bg":"","ocean_menu_social_hover_links_bg":"","ocean_menu_social_links_color":"","ocean_menu_social_hover_links_color":"","ocean_disable_title":"default","ocean_disable_heading":"default","ocean_post_title":"","ocean_post_subheading":"","ocean_post_title_style":"","ocean_post_title_background_color":"","ocean_post_title_background":0,"ocean_post_title_bg_image_position":"","ocean_post_title_bg_image_attachment":"","ocean_post_title_bg_image_repeat":"","ocean_post_title_bg_image_size":"","ocean_post_title_height":0,"ocean_post_title_bg_overlay":0.5,"ocean_post_title_bg_overlay_color":"","ocean_disable_breadcrumbs":"default","ocean_breadcrumbs_color":"","ocean_breadcrumbs_separator_color":"","ocean_breadcrumbs_links_color":"","ocean_breadcrumbs_links_hover_color":"","ocean_display_footer_widgets":"default","ocean_display_footer_bottom":"default","ocean_custom_footer_template":"","footnotes":""},"class_list":["post-1527","page","type-page","status-publish","hentry","entry"],"_links":{"self":[{"href":"https:\/\/www.filacp.org\/web26\/wp-json\/wp\/v2\/pages\/1527","targetHints":{"allow":["GET"]}}],"collection":[{"href":"https:\/\/www.filacp.org\/web26\/wp-json\/wp\/v2\/pages"}],"about":[{"href":"https:\/\/www.filacp.org\/web26\/wp-json\/wp\/v2\/types\/page"}],"author":[{"embeddable":true,"href":"https:\/\/www.filacp.org\/web26\/wp-json\/wp\/v2\/users\/1"}],"replies":[{"embeddable":true,"href":"https:\/\/www.filacp.org\/web26\/wp-json\/wp\/v2\/comments?post=1527"}],"version-history":[{"count":0,"href":"https:\/\/www.filacp.org\/web26\/wp-json\/wp\/v2\/pages\/1527\/revisions"}],"wp:attachment":[{"href":"https:\/\/www.filacp.org\/web26\/wp-json\/wp\/v2\/media?parent=1527"}],"curies":[{"name":"wp","href":"https:\/\/api.w.org\/{rel}","templated":true}]}}