{"id":1526,"date":"2016-09-06T11:04:08","date_gmt":"2016-09-06T14:04:08","guid":{"rendered":"http:\/\/www.filacp.org\/?page_id=1526"},"modified":"2026-03-07T15:38:17","modified_gmt":"2026-03-07T18:38:17","slug":"miembros-paraguay","status":"publish","type":"page","link":"https:\/\/www.filacp.org\/web26\/miembros-paraguay\/","title":{"rendered":"Miembros Paraguay"},"content":{"rendered":"\t\t<div data-elementor-type=\"wp-page\" data-elementor-id=\"1526\" class=\"elementor elementor-1526\">\n\t\t\t\t\t\t<section class=\"elementor-section elementor-top-section elementor-element elementor-element-67a47334 elementor-section-full_width elementor-section-height-min-height elementor-section-items-stretch elementor-section-height-default\" data-id=\"67a47334\" data-element_type=\"section\" data-settings=\"{&quot;background_background&quot;:&quot;classic&quot;}\">\n\t\t\t\t\t\t<div class=\"elementor-container elementor-column-gap-default\">\n\t\t\t\t\t<div class=\"elementor-column elementor-col-100 elementor-top-column elementor-element elementor-element-7c9f6d65\" data-id=\"7c9f6d65\" data-element_type=\"column\">\n\t\t\t<div class=\"elementor-widget-wrap elementor-element-populated\">\n\t\t\t\t\t\t<div class=\"elementor-element elementor-element-292817b elementor-position-left elementor-position-left elementor-vertical-align-top elementor-widget elementor-widget-image-box\" data-id=\"292817b\" data-element_type=\"widget\" data-widget_type=\"image-box.default\">\n\t\t\t\t<div class=\"elementor-widget-container\">\n\t\t\t\t\t<div class=\"elementor-image-box-wrapper\"><figure class=\"elementor-image-box-img\"><img decoding=\"async\" width=\"70\" height=\"47\" src=\"https:\/\/www.filacp.org\/web26\/wp-content\/uploads\/Paraguay.png\" class=\"attachment-full size-full wp-image-505\" alt=\"\" \/><\/figure><div class=\"elementor-image-box-content\"><h3 class=\"elementor-image-box-title\">PARAGUAY<\/h3><p class=\"elementor-image-box-description\">Sociedad Paraguaya de Cirug\u00eda Pl\u00e1stica, Reconstructiva y Est\u00e9tica.<\/p><\/div><\/div>\t\t\t\t<\/div>\n\t\t\t\t<\/div>\n\t\t\t\t<div class=\"elementor-element elementor-element-56aa6878 elementor-icon-list--layout-inline elementor-align-right elementor-mobile-align-center elementor-list-item-link-full_width elementor-widget elementor-widget-icon-list\" data-id=\"56aa6878\" data-element_type=\"widget\" data-widget_type=\"icon-list.default\">\n\t\t\t\t<div class=\"elementor-widget-container\">\n\t\t\t\t\t\t\t<ul class=\"elementor-icon-list-items elementor-inline-items\">\n\t\t\t\t\t\t\t<li class=\"elementor-icon-list-item elementor-inline-item\">\n\t\t\t\t\t\t\t\t\t\t\t<a href=\"https:\/\/www.cirugiaplastica.org.py\/\" target=\"_blank\" rel=\"nofollow\">\n\n\t\t\t\t\t\t\t\t\t\t\t\t<span class=\"elementor-icon-list-icon\">\n\t\t\t\t\t\t\t<i aria-hidden=\"true\" class=\"fas fa-globe\"><\/i>\t\t\t\t\t\t<\/span>\n\t\t\t\t\t\t\t\t\t\t<span class=\"elementor-icon-list-text\">Sitio Web<\/span>\n\t\t\t\t\t\t\t\t\t\t\t<\/a>\n\t\t\t\t\t\t\t\t\t<\/li>\n\t\t\t\t\t\t\t\t<li class=\"elementor-icon-list-item elementor-inline-item\">\n\t\t\t\t\t\t\t\t\t\t\t<a href=\"mailto:info@cirugiaplastica.org.py\">\n\n\t\t\t\t\t\t\t\t\t\t\t\t<span class=\"elementor-icon-list-icon\">\n\t\t\t\t\t\t\t<i aria-hidden=\"true\" class=\"fas fa-envelope\"><\/i>\t\t\t\t\t\t<\/span>\n\t\t\t\t\t\t\t\t\t\t<span class=\"elementor-icon-list-text\">Email<\/span>\n\t\t\t\t\t\t\t\t\t\t\t<\/a>\n\t\t\t\t\t\t\t\t\t<\/li>\n\t\t\t\t\t\t\t\t<li class=\"elementor-icon-list-item elementor-inline-item\">\n\t\t\t\t\t\t\t\t\t\t\t<a href=\"https:\/\/www.filacp.org\/web26\/sociedades-miembros\/\">\n\n\t\t\t\t\t\t\t\t\t\t\t\t<span class=\"elementor-icon-list-icon\">\n\t\t\t\t\t\t\t<i aria-hidden=\"true\" class=\"fas fa-reply-all\"><\/i>\t\t\t\t\t\t<\/span>\n\t\t\t\t\t\t\t\t\t\t<span class=\"elementor-icon-list-text\">Regresar<\/span>\n\t\t\t\t\t\t\t\t\t\t\t<\/a>\n\t\t\t\t\t\t\t\t\t<\/li>\n\t\t\t\t\t\t<\/ul>\n\t\t\t\t\t\t<\/div>\n\t\t\t\t<\/div>\n\t\t\t\t\t<\/div>\n\t\t<\/div>\n\t\t\t\t\t<\/div>\n\t\t<\/section>\n\t\t\t\t<section class=\"elementor-section elementor-top-section elementor-element elementor-element-3951747b elementor-section-full_width elementor-section-height-default elementor-section-height-default\" data-id=\"3951747b\" data-element_type=\"section\">\n\t\t\t\t\t\t<div class=\"elementor-container elementor-column-gap-default\">\n\t\t\t\t\t<div class=\"elementor-column elementor-col-100 elementor-top-column elementor-element elementor-element-595904ae\" data-id=\"595904ae\" data-element_type=\"column\">\n\t\t\t<div class=\"elementor-widget-wrap elementor-element-populated\">\n\t\t\t\t\t\t<div class=\"elementor-element elementor-element-6c7f511b elementor-widget elementor-widget-text-editor\" data-id=\"6c7f511b\" data-element_type=\"widget\" data-widget_type=\"text-editor.default\">\n\t\t\t\t<div class=\"elementor-widget-container\">\n\t\t\t\t\t\t\t\t\t<p>ADRIANA PE\u00d1A ESCOBAR<br \/>ALEJANDRO BIBOLINI<br \/>ALEXIS GALLAGHER<br \/>ALFREDO PORRO<br \/>BRUNO BALMELLI<br \/>BRUNO CARDENAS<br \/>CARLOS CESPEDES<br \/>CELSO ALDANA<br \/>CELSO FERNANDEZ<br \/>CRHISTIAN POMATA<br \/>CRISTIAN ACEVEDO<br \/>DANIEL COSTANZO<br \/>DERLIZ MUSSI<br \/>DIEGO VILLAGRA<br \/>DINO MONGES<br \/>DULCE A\u00d1AZCO<br \/>ELVIO DARIO MENDEZ<br \/>ENRIQUE ASTA<br \/>\u00c9RIKA SGANZELLA<br \/>FERNANDO ALDERETE<br \/>GABRIEL DAVID ROTELA<br \/>GREGORIO MARTINEZ<br \/>GREGORIO WAIZMANN<br \/>HECTOR GARRIDO<br \/>JESUS AMARILLA<br \/>JESUS MARIN<br \/>JORGE SOTO CACERES<br \/>JOSE AYALA BONZI<br \/>JOSE CANESE<br \/>JOSE SANDOVAL<br \/>JUAN BERNARDO GALEANO<br \/>JUAN JOSE VIVEROS<br \/>JULIO RECALDE<br \/>LORENA GONZALEZ<br \/>LUCAS DIAZ DE VIVAR<br \/>LUIS RAMIREZ<br \/>LUIS RODRIGO HAMUY<br \/>MARCELO GALEANO<br \/>MARIA LIZ MACIEL SOSA<br \/>MARIANA PANE<br \/>MARIANO AVILA<br \/>MARIANO LEIVA<br \/>MAURO PORTO<br \/>MIGUEL ANGEL GARCIA<br \/>MIGUEL FARI\u00d1A<br \/>MIGUEL INSAURRALDE<br \/>MIGUEL MUSSI<br \/>MYRTHA DESTEFANO<br \/>ORLANDO AVALOS<br \/>OSVALDO GAMARRA<br \/>PABLO BERRA<br \/>PABLO RAMIREZ ANTUNEZ<br \/>RAMON SORIA<br \/>RENZO DESTEFANO<br \/>ROBERTO RODRIGO CACERES<br \/>RODRIGO FRACHI<br \/>RONALD ROLON LAILLA<br \/>SERGIO FERRARI<br \/>SILVIA ROMANO<br \/>SUSANA ORTEGA<br \/>TOMAS RAMOS<br \/>TOMAS RAMOS<br \/>VANESSA DUARTE<br \/>VANESSA SEIFERT<br \/>WILSON INSFRAN<br \/>WILSON LARROZA<\/p>\t\t\t\t\t\t\t\t<\/div>\n\t\t\t\t<\/div>\n\t\t\t\t\t<\/div>\n\t\t<\/div>\n\t\t\t\t\t<\/div>\n\t\t<\/section>\n\t\t\t\t<\/div>\n\t\t","protected":false},"excerpt":{"rendered":"<p>PARAGUAY Sociedad Paraguaya de Cirug\u00eda Pl\u00e1stica, Reconstructiva y Est\u00e9tica. Sitio Web Email Regresar ADRIANA PE\u00d1A ESCOBARALEJANDRO BIBOLINIALEXIS GALLAGHERALFREDO PORROBRUNO BALMELLIBRUNO CARDENASCARLOS CESPEDESCELSO ALDANACELSO FERNANDEZCRHISTIAN POMATACRISTIAN ACEVEDODANIEL COSTANZODERLIZ MUSSIDIEGO VILLAGRADINO MONGESDULCE A\u00d1AZCOELVIO DARIO MENDEZENRIQUE ASTA\u00c9RIKA SGANZELLAFERNANDO ALDERETEGABRIEL DAVID ROTELAGREGORIO MARTINEZGREGORIO WAIZMANNHECTOR GARRIDOJESUS AMARILLAJESUS MARINJORGE SOTO CACERESJOSE AYALA BONZIJOSE CANESEJOSE SANDOVALJUAN BERNARDO GALEANOJUAN JOSE VIVEROSJULIO RECALDELORENA GONZALEZLUCAS [&hellip;]<\/p>\n","protected":false},"author":1,"featured_media":0,"parent":0,"menu_order":0,"comment_status":"closed","ping_status":"closed","template":"","meta":{"ocean_post_layout":"","ocean_both_sidebars_style":"","ocean_both_sidebars_content_width":0,"ocean_both_sidebars_sidebars_width":0,"ocean_sidebar":"","ocean_second_sidebar":"","ocean_disable_margins":"enable","ocean_add_body_class":"","ocean_shortcode_before_top_bar":"","ocean_shortcode_after_top_bar":"","ocean_shortcode_before_header":"","ocean_shortcode_after_header":"","ocean_has_shortcode":"","ocean_shortcode_after_title":"","ocean_shortcode_before_footer_widgets":"","ocean_shortcode_after_footer_widgets":"","ocean_shortcode_before_footer_bottom":"","ocean_shortcode_after_footer_bottom":"","ocean_display_top_bar":"default","ocean_display_header":"default","ocean_header_style":"","ocean_center_header_left_menu":"","ocean_custom_header_template":"","ocean_custom_logo":0,"ocean_custom_retina_logo":0,"ocean_custom_logo_max_width":0,"ocean_custom_logo_tablet_max_width":0,"ocean_custom_logo_mobile_max_width":0,"ocean_custom_logo_max_height":0,"ocean_custom_logo_tablet_max_height":0,"ocean_custom_logo_mobile_max_height":0,"ocean_header_custom_menu":"","ocean_menu_typo_font_family":"","ocean_menu_typo_font_subset":"","ocean_menu_typo_font_size":0,"ocean_menu_typo_font_size_tablet":0,"ocean_menu_typo_font_size_mobile":0,"ocean_menu_typo_font_size_unit":"px","ocean_menu_typo_font_weight":"","ocean_menu_typo_font_weight_tablet":"","ocean_menu_typo_font_weight_mobile":"","ocean_menu_typo_transform":"","ocean_menu_typo_transform_tablet":"","ocean_menu_typo_transform_mobile":"","ocean_menu_typo_line_height":0,"ocean_menu_typo_line_height_tablet":0,"ocean_menu_typo_line_height_mobile":0,"ocean_menu_typo_line_height_unit":"","ocean_menu_typo_spacing":0,"ocean_menu_typo_spacing_tablet":0,"ocean_menu_typo_spacing_mobile":0,"ocean_menu_typo_spacing_unit":"","ocean_menu_link_color":"","ocean_menu_link_color_hover":"","ocean_menu_link_color_active":"","ocean_menu_link_background":"","ocean_menu_link_hover_background":"","ocean_menu_link_active_background":"","ocean_menu_social_links_bg":"","ocean_menu_social_hover_links_bg":"","ocean_menu_social_links_color":"","ocean_menu_social_hover_links_color":"","ocean_disable_title":"default","ocean_disable_heading":"default","ocean_post_title":"","ocean_post_subheading":"","ocean_post_title_style":"","ocean_post_title_background_color":"","ocean_post_title_background":0,"ocean_post_title_bg_image_position":"","ocean_post_title_bg_image_attachment":"","ocean_post_title_bg_image_repeat":"","ocean_post_title_bg_image_size":"","ocean_post_title_height":0,"ocean_post_title_bg_overlay":0.5,"ocean_post_title_bg_overlay_color":"","ocean_disable_breadcrumbs":"default","ocean_breadcrumbs_color":"","ocean_breadcrumbs_separator_color":"","ocean_breadcrumbs_links_color":"","ocean_breadcrumbs_links_hover_color":"","ocean_display_footer_widgets":"default","ocean_display_footer_bottom":"default","ocean_custom_footer_template":"","footnotes":""},"class_list":["post-1526","page","type-page","status-publish","hentry","entry"],"_links":{"self":[{"href":"https:\/\/www.filacp.org\/web26\/wp-json\/wp\/v2\/pages\/1526","targetHints":{"allow":["GET"]}}],"collection":[{"href":"https:\/\/www.filacp.org\/web26\/wp-json\/wp\/v2\/pages"}],"about":[{"href":"https:\/\/www.filacp.org\/web26\/wp-json\/wp\/v2\/types\/page"}],"author":[{"embeddable":true,"href":"https:\/\/www.filacp.org\/web26\/wp-json\/wp\/v2\/users\/1"}],"replies":[{"embeddable":true,"href":"https:\/\/www.filacp.org\/web26\/wp-json\/wp\/v2\/comments?post=1526"}],"version-history":[{"count":0,"href":"https:\/\/www.filacp.org\/web26\/wp-json\/wp\/v2\/pages\/1526\/revisions"}],"wp:attachment":[{"href":"https:\/\/www.filacp.org\/web26\/wp-json\/wp\/v2\/media?parent=1526"}],"curies":[{"name":"wp","href":"https:\/\/api.w.org\/{rel}","templated":true}]}}