{"id":1487,"date":"2016-09-05T23:57:47","date_gmt":"2016-09-06T02:57:47","guid":{"rendered":"http:\/\/www.filacp.org\/?page_id=1487"},"modified":"2026-04-09T13:48:22","modified_gmt":"2026-04-09T16:48:22","slug":"miembros-uruguay","status":"publish","type":"page","link":"https:\/\/www.filacp.org\/web26\/miembros-uruguay\/","title":{"rendered":"Miembros Uruguay"},"content":{"rendered":"\t\t<div data-elementor-type=\"wp-page\" data-elementor-id=\"1487\" class=\"elementor elementor-1487\">\n\t\t\t\t\t\t<section class=\"elementor-section elementor-top-section elementor-element elementor-element-612329a0 elementor-section-full_width elementor-section-height-min-height elementor-section-items-stretch elementor-section-height-default\" data-id=\"612329a0\" data-element_type=\"section\" data-settings=\"{&quot;background_background&quot;:&quot;classic&quot;}\">\n\t\t\t\t\t\t<div class=\"elementor-container elementor-column-gap-default\">\n\t\t\t\t\t<div class=\"elementor-column elementor-col-100 elementor-top-column elementor-element elementor-element-2ef824d9\" data-id=\"2ef824d9\" data-element_type=\"column\">\n\t\t\t<div class=\"elementor-widget-wrap elementor-element-populated\">\n\t\t\t\t\t\t<div class=\"elementor-element elementor-element-73700c8 elementor-position-left elementor-position-left elementor-vertical-align-top elementor-widget elementor-widget-image-box\" data-id=\"73700c8\" data-element_type=\"widget\" data-widget_type=\"image-box.default\">\n\t\t\t\t<div class=\"elementor-widget-container\">\n\t\t\t\t\t<div class=\"elementor-image-box-wrapper\"><figure class=\"elementor-image-box-img\"><img decoding=\"async\" width=\"70\" height=\"47\" src=\"https:\/\/www.filacp.org\/web26\/wp-content\/uploads\/Uruguay.png\" class=\"attachment-full size-full wp-image-511\" alt=\"\" \/><\/figure><div class=\"elementor-image-box-content\"><h3 class=\"elementor-image-box-title\">URUGUAY<\/h3><p class=\"elementor-image-box-description\">Sociedad de Cirug\u00eda Pl\u00e1stica, Reparadora y Est\u00e9tica del Uruguay.<\/p><\/div><\/div>\t\t\t\t<\/div>\n\t\t\t\t<\/div>\n\t\t\t\t<div class=\"elementor-element elementor-element-3acc181 elementor-icon-list--layout-inline elementor-align-right elementor-mobile-align-center elementor-list-item-link-full_width elementor-widget elementor-widget-icon-list\" data-id=\"3acc181\" data-element_type=\"widget\" data-widget_type=\"icon-list.default\">\n\t\t\t\t<div class=\"elementor-widget-container\">\n\t\t\t\t\t\t\t<ul class=\"elementor-icon-list-items elementor-inline-items\">\n\t\t\t\t\t\t\t<li class=\"elementor-icon-list-item elementor-inline-item\">\n\t\t\t\t\t\t\t\t\t\t\t<a href=\"https:\/\/scpu.org.uy\/\" target=\"_blank\" rel=\"nofollow\">\n\n\t\t\t\t\t\t\t\t\t\t\t\t<span class=\"elementor-icon-list-icon\">\n\t\t\t\t\t\t\t<i aria-hidden=\"true\" class=\"fas fa-globe\"><\/i>\t\t\t\t\t\t<\/span>\n\t\t\t\t\t\t\t\t\t\t<span class=\"elementor-icon-list-text\">Sitio Web<\/span>\n\t\t\t\t\t\t\t\t\t\t\t<\/a>\n\t\t\t\t\t\t\t\t\t<\/li>\n\t\t\t\t\t\t\t\t<li class=\"elementor-icon-list-item elementor-inline-item\">\n\t\t\t\t\t\t\t\t\t\t\t<a href=\"mailto:secre@scpu.org.uy\">\n\n\t\t\t\t\t\t\t\t\t\t\t\t<span class=\"elementor-icon-list-icon\">\n\t\t\t\t\t\t\t<i aria-hidden=\"true\" class=\"fas fa-envelope\"><\/i>\t\t\t\t\t\t<\/span>\n\t\t\t\t\t\t\t\t\t\t<span class=\"elementor-icon-list-text\">Email<\/span>\n\t\t\t\t\t\t\t\t\t\t\t<\/a>\n\t\t\t\t\t\t\t\t\t<\/li>\n\t\t\t\t\t\t\t\t<li class=\"elementor-icon-list-item elementor-inline-item\">\n\t\t\t\t\t\t\t\t\t\t\t<a href=\"https:\/\/www.filacp.org\/web26\/sociedades-miembros\/\">\n\n\t\t\t\t\t\t\t\t\t\t\t\t<span class=\"elementor-icon-list-icon\">\n\t\t\t\t\t\t\t<i aria-hidden=\"true\" class=\"fas fa-reply-all\"><\/i>\t\t\t\t\t\t<\/span>\n\t\t\t\t\t\t\t\t\t\t<span class=\"elementor-icon-list-text\">Regresar<\/span>\n\t\t\t\t\t\t\t\t\t\t\t<\/a>\n\t\t\t\t\t\t\t\t\t<\/li>\n\t\t\t\t\t\t<\/ul>\n\t\t\t\t\t\t<\/div>\n\t\t\t\t<\/div>\n\t\t\t\t\t<\/div>\n\t\t<\/div>\n\t\t\t\t\t<\/div>\n\t\t<\/section>\n\t\t\t\t<section class=\"elementor-section elementor-top-section elementor-element elementor-element-1dd90b87 elementor-section-full_width elementor-section-height-default elementor-section-height-default\" data-id=\"1dd90b87\" data-element_type=\"section\">\n\t\t\t\t\t\t<div class=\"elementor-container elementor-column-gap-default\">\n\t\t\t\t\t<div class=\"elementor-column elementor-col-100 elementor-top-column elementor-element elementor-element-3e5891b2\" data-id=\"3e5891b2\" data-element_type=\"column\">\n\t\t\t<div class=\"elementor-widget-wrap elementor-element-populated\">\n\t\t\t\t\t\t<div class=\"elementor-element elementor-element-6a2b79b3 elementor-widget elementor-widget-text-editor\" data-id=\"6a2b79b3\" data-element_type=\"widget\" data-widget_type=\"text-editor.default\">\n\t\t\t\t<div class=\"elementor-widget-container\">\n\t\t\t\t\t\t\t\t\t<p>ACOSTA ALBA<br \/>ALVAREZ MANUEL<br \/>ANDREOLI ANGELA<br \/>ARRUE CARLOS<br \/>BARBIERI LUCIA<br \/>BARREIRA FLORENCIA<br \/>BARREIRO ALVARO<br \/>BARRIOS EMILIA<br \/>BORAD JORGE<br \/>BRUM PATRICIO<br \/>CALISTRO JOAQUIN<br \/>CAMACHO ELIANA<br \/>CAPORALE SILVANA<br \/>CARRIQUIRRY CARLOS<br \/>CASAPIETRA SERGIO<br \/>CASTILLO FERNADO<br \/>CERVO NATALIA<br \/>CHUNG ALEJANDRA<br \/>COLLAZO MILAGROS<br \/>CORSINO PAOLA<br \/>CORTABARRIA NATALIA<br \/>CUELHO CARLA<br \/>CUNHA ANA<br \/>CURBELO JORGE<br \/>D OLIVEIRA LUCIA<br \/>DE ANGELIS GEORGINA<br \/>DE LOS RIOS GIMENA<br \/>DE VECCHI JORGE<br \/>DI STEFANO RAQUEL<br \/>DIAZ IGNACIO<br \/>ECHEGOYEN EDUARDO<br \/>ELBAUM ALBERTO<br \/>FERNANDEZ MARTIN<br \/>FONTES LAURA<br \/>FOSSATI GONZALO<br \/>FOSSATI JUAN<br \/>FOSSATI SANTIAGO<br \/>FRAGA LIBER<br \/>FRAGA MARIA NOEL<br \/>GARCIA SANTIAGO<br \/>GARREL MARCOS<br \/>GIACHERO VIRGINIA<br \/>GOMEZ GUSTAVO<br \/>GOMEZ HAEDO ANA<br \/>GOMEZ SILVIA<br \/>GONZALEZ MICAELA<br \/>GRACIANO RAFAEL<br \/>GRATTAROLA GABRIELA<br \/>GRUNDINGER JEANNETTE<br \/>GRYNGRAS NATALIA<br \/>HARTWING DENISSE<br \/>HERNANDEZ MA JOSE<br \/>HERNANDEZ VICTORIA<br \/>INFANTOZZI ANA<br \/>JACOBO OSCAR<br \/>JURI HECTOR<br \/>KADVEJIAN MARTIN<br \/>LAMAS MARIA<br \/>LAMOTH ANDRES<br \/>LENA TANIA<br \/>LONDINSKY MARIO<br \/>LOPEZ ANTONELLA<br \/>LORENZO MARIANA<br \/>MACHADO VICTORIA<br \/>MANARO BEATRIZ<br \/>MANTRANA GUSTAVO<br \/>MANZANI JESUS<br \/>MASDEU FERNANDA<br \/>MAYOL ALFREDO<br \/>MERCANTI HUGO<br \/>MIGUES CINTHIA<br \/>MIRANDETTI FEDERICO<br \/>MOLLER LUIS<br \/>MORALES VERONICA<br \/>MOREIRA AGUSTINA<br \/>NOVELLO GABRIELA<br \/>ORTIZ ROBERTO<br \/>OTORMIN GABRIEL<br \/>PALACIO CARLOS<br \/>PALERMO LUCIA<br \/>PASTRE FLAVIA<br \/>PAZ VERONICA<br \/>PE\u00d1A RAQUEL<br \/>PEREZ NOELIA<br \/>PERI DAYSI<br \/>PIGUET FRANCINE<br \/>PIROTTO RAFAEL<br \/>PORTAS LUIS<br \/>POSSE SANDRA<br \/>PUNZO FERNADO<br \/>RIPOLL GUZMAN<br \/>RODRIGUEZ CLEMENTINA<br \/>RODRIGUEZ PABLO<br \/>SANCHEZ JULIO<br \/>SANCHEZ YUANNORK<br \/>SARAVIA ANDRES<br \/>SCARONE MALENA<br \/>SCHERER VICTORIA<br \/>SEGAL BORIS<br \/>SEOANE JAVIER<br \/>SILVA ALBA<br \/>SILVA JUAN<br \/>SORRENTI NATALIA<br \/>SPECKER NICOLE<br \/>TEALDI NICOLAS<br \/>TORRES EUGENIA<br \/>UDAQUIOLA ANA<br \/>VAZ ANGEL<br \/>VENTOS ALEJANDRA<br \/>VENTOS LUCIA<br \/>VENTURINO ADRIANA<br \/>VILLARREAL RODOLFO<br \/>VI\u00d1OLY PILAR<br \/>WODOWOZ OLGA<br \/>WOLFF DANIEL<br \/>ZLOTNISKI FEDERICA<\/p>\t\t\t\t\t\t\t\t<\/div>\n\t\t\t\t<\/div>\n\t\t\t\t\t<\/div>\n\t\t<\/div>\n\t\t\t\t\t<\/div>\n\t\t<\/section>\n\t\t\t\t<\/div>\n\t\t","protected":false},"excerpt":{"rendered":"<p>URUGUAY Sociedad de Cirug\u00eda Pl\u00e1stica, Reparadora y Est\u00e9tica del Uruguay. Sitio Web Email Regresar ACOSTA ALBAALVAREZ MANUELANDREOLI ANGELAARRUE CARLOSBARBIERI LUCIABARREIRA FLORENCIABARREIRO ALVAROBARRIOS EMILIABORAD JORGEBRUM PATRICIOCALISTRO JOAQUINCAMACHO ELIANACAPORALE SILVANACARRIQUIRRY CARLOSCASAPIETRA SERGIOCASTILLO FERNADOCERVO NATALIACHUNG ALEJANDRACOLLAZO MILAGROSCORSINO PAOLACORTABARRIA NATALIACUELHO CARLACUNHA ANACURBELO JORGED OLIVEIRA LUCIADE ANGELIS GEORGINADE LOS RIOS GIMENADE VECCHI JORGEDI STEFANO RAQUELDIAZ IGNACIOECHEGOYEN EDUARDOELBAUM ALBERTOFERNANDEZ MARTINFONTES LAURAFOSSATI [&hellip;]<\/p>\n","protected":false},"author":1,"featured_media":0,"parent":0,"menu_order":0,"comment_status":"closed","ping_status":"closed","template":"","meta":{"ocean_post_layout":"","ocean_both_sidebars_style":"","ocean_both_sidebars_content_width":0,"ocean_both_sidebars_sidebars_width":0,"ocean_sidebar":"","ocean_second_sidebar":"","ocean_disable_margins":"enable","ocean_add_body_class":"","ocean_shortcode_before_top_bar":"","ocean_shortcode_after_top_bar":"","ocean_shortcode_before_header":"","ocean_shortcode_after_header":"","ocean_has_shortcode":"","ocean_shortcode_after_title":"","ocean_shortcode_before_footer_widgets":"","ocean_shortcode_after_footer_widgets":"","ocean_shortcode_before_footer_bottom":"","ocean_shortcode_after_footer_bottom":"","ocean_display_top_bar":"default","ocean_display_header":"default","ocean_header_style":"","ocean_center_header_left_menu":"","ocean_custom_header_template":"","ocean_custom_logo":0,"ocean_custom_retina_logo":0,"ocean_custom_logo_max_width":0,"ocean_custom_logo_tablet_max_width":0,"ocean_custom_logo_mobile_max_width":0,"ocean_custom_logo_max_height":0,"ocean_custom_logo_tablet_max_height":0,"ocean_custom_logo_mobile_max_height":0,"ocean_header_custom_menu":"","ocean_menu_typo_font_family":"","ocean_menu_typo_font_subset":"","ocean_menu_typo_font_size":0,"ocean_menu_typo_font_size_tablet":0,"ocean_menu_typo_font_size_mobile":0,"ocean_menu_typo_font_size_unit":"px","ocean_menu_typo_font_weight":"","ocean_menu_typo_font_weight_tablet":"","ocean_menu_typo_font_weight_mobile":"","ocean_menu_typo_transform":"","ocean_menu_typo_transform_tablet":"","ocean_menu_typo_transform_mobile":"","ocean_menu_typo_line_height":0,"ocean_menu_typo_line_height_tablet":0,"ocean_menu_typo_line_height_mobile":0,"ocean_menu_typo_line_height_unit":"","ocean_menu_typo_spacing":0,"ocean_menu_typo_spacing_tablet":0,"ocean_menu_typo_spacing_mobile":0,"ocean_menu_typo_spacing_unit":"","ocean_menu_link_color":"","ocean_menu_link_color_hover":"","ocean_menu_link_color_active":"","ocean_menu_link_background":"","ocean_menu_link_hover_background":"","ocean_menu_link_active_background":"","ocean_menu_social_links_bg":"","ocean_menu_social_hover_links_bg":"","ocean_menu_social_links_color":"","ocean_menu_social_hover_links_color":"","ocean_disable_title":"default","ocean_disable_heading":"default","ocean_post_title":"","ocean_post_subheading":"","ocean_post_title_style":"","ocean_post_title_background_color":"","ocean_post_title_background":0,"ocean_post_title_bg_image_position":"","ocean_post_title_bg_image_attachment":"","ocean_post_title_bg_image_repeat":"","ocean_post_title_bg_image_size":"","ocean_post_title_height":0,"ocean_post_title_bg_overlay":0.5,"ocean_post_title_bg_overlay_color":"","ocean_disable_breadcrumbs":"default","ocean_breadcrumbs_color":"","ocean_breadcrumbs_separator_color":"","ocean_breadcrumbs_links_color":"","ocean_breadcrumbs_links_hover_color":"","ocean_display_footer_widgets":"default","ocean_display_footer_bottom":"default","ocean_custom_footer_template":"","footnotes":""},"class_list":["post-1487","page","type-page","status-publish","hentry","entry"],"_links":{"self":[{"href":"https:\/\/www.filacp.org\/web26\/wp-json\/wp\/v2\/pages\/1487","targetHints":{"allow":["GET"]}}],"collection":[{"href":"https:\/\/www.filacp.org\/web26\/wp-json\/wp\/v2\/pages"}],"about":[{"href":"https:\/\/www.filacp.org\/web26\/wp-json\/wp\/v2\/types\/page"}],"author":[{"embeddable":true,"href":"https:\/\/www.filacp.org\/web26\/wp-json\/wp\/v2\/users\/1"}],"replies":[{"embeddable":true,"href":"https:\/\/www.filacp.org\/web26\/wp-json\/wp\/v2\/comments?post=1487"}],"version-history":[{"count":0,"href":"https:\/\/www.filacp.org\/web26\/wp-json\/wp\/v2\/pages\/1487\/revisions"}],"wp:attachment":[{"href":"https:\/\/www.filacp.org\/web26\/wp-json\/wp\/v2\/media?parent=1487"}],"curies":[{"name":"wp","href":"https:\/\/api.w.org\/{rel}","templated":true}]}}