{"id":1484,"date":"2016-09-05T23:53:05","date_gmt":"2016-09-06T02:53:05","guid":{"rendered":"http:\/\/www.filacp.org\/?page_id=1484"},"modified":"2026-03-07T15:37:14","modified_gmt":"2026-03-07T18:37:14","slug":"miembros-nicaragua","status":"publish","type":"page","link":"https:\/\/www.filacp.org\/web26\/miembros-nicaragua\/","title":{"rendered":"Miembros Nicaragua"},"content":{"rendered":"\t\t<div data-elementor-type=\"wp-page\" data-elementor-id=\"1484\" class=\"elementor elementor-1484\">\n\t\t\t\t\t\t<section class=\"elementor-section elementor-top-section elementor-element elementor-element-19d3c4de elementor-section-full_width elementor-section-height-min-height elementor-section-items-stretch elementor-section-height-default\" data-id=\"19d3c4de\" data-element_type=\"section\" data-settings=\"{&quot;background_background&quot;:&quot;classic&quot;}\">\n\t\t\t\t\t\t<div class=\"elementor-container elementor-column-gap-default\">\n\t\t\t\t\t<div class=\"elementor-column elementor-col-100 elementor-top-column elementor-element elementor-element-7503f869\" data-id=\"7503f869\" data-element_type=\"column\">\n\t\t\t<div class=\"elementor-widget-wrap elementor-element-populated\">\n\t\t\t\t\t\t<div class=\"elementor-element elementor-element-3ef2fdf elementor-position-left elementor-position-left elementor-vertical-align-top elementor-widget elementor-widget-image-box\" data-id=\"3ef2fdf\" data-element_type=\"widget\" data-widget_type=\"image-box.default\">\n\t\t\t\t<div class=\"elementor-widget-container\">\n\t\t\t\t\t<div class=\"elementor-image-box-wrapper\"><figure class=\"elementor-image-box-img\"><img decoding=\"async\" width=\"70\" height=\"47\" src=\"https:\/\/www.filacp.org\/web26\/wp-content\/uploads\/Nicaragua.png\" class=\"attachment-full size-full wp-image-502\" alt=\"\" \/><\/figure><div class=\"elementor-image-box-content\"><h3 class=\"elementor-image-box-title\">NICARAGUA<\/h3><p class=\"elementor-image-box-description\">Asociaci\u00f3n Nicarag\u00fcense de Cirug\u00eda Pl\u00e1stica.<\/p><\/div><\/div>\t\t\t\t<\/div>\n\t\t\t\t<\/div>\n\t\t\t\t<div class=\"elementor-element elementor-element-3585dad elementor-icon-list--layout-inline elementor-align-right elementor-mobile-align-center elementor-list-item-link-full_width elementor-widget elementor-widget-icon-list\" data-id=\"3585dad\" data-element_type=\"widget\" data-widget_type=\"icon-list.default\">\n\t\t\t\t<div class=\"elementor-widget-container\">\n\t\t\t\t\t\t\t<ul class=\"elementor-icon-list-items elementor-inline-items\">\n\t\t\t\t\t\t\t<li class=\"elementor-icon-list-item elementor-inline-item\">\n\t\t\t\t\t\t\t\t\t\t\t<a href=\"https:\/\/cirujanosplasticosnicaragua.com\/\" target=\"_blank\" rel=\"nofollow\">\n\n\t\t\t\t\t\t\t\t\t\t\t\t<span class=\"elementor-icon-list-icon\">\n\t\t\t\t\t\t\t<i aria-hidden=\"true\" class=\"fas fa-globe\"><\/i>\t\t\t\t\t\t<\/span>\n\t\t\t\t\t\t\t\t\t\t<span class=\"elementor-icon-list-text\">Sitio Web<\/span>\n\t\t\t\t\t\t\t\t\t\t\t<\/a>\n\t\t\t\t\t\t\t\t\t<\/li>\n\t\t\t\t\t\t\t\t<li class=\"elementor-icon-list-item elementor-inline-item\">\n\t\t\t\t\t\t\t\t\t\t\t<a href=\"mailto:info@cirujanosplasticosnicaragua.com\">\n\n\t\t\t\t\t\t\t\t\t\t\t\t<span class=\"elementor-icon-list-icon\">\n\t\t\t\t\t\t\t<i aria-hidden=\"true\" class=\"fas fa-envelope\"><\/i>\t\t\t\t\t\t<\/span>\n\t\t\t\t\t\t\t\t\t\t<span class=\"elementor-icon-list-text\">Email<\/span>\n\t\t\t\t\t\t\t\t\t\t\t<\/a>\n\t\t\t\t\t\t\t\t\t<\/li>\n\t\t\t\t\t\t\t\t<li class=\"elementor-icon-list-item elementor-inline-item\">\n\t\t\t\t\t\t\t\t\t\t\t<a href=\"https:\/\/www.filacp.org\/web26\/sociedades-miembros\/\">\n\n\t\t\t\t\t\t\t\t\t\t\t\t<span class=\"elementor-icon-list-icon\">\n\t\t\t\t\t\t\t<i aria-hidden=\"true\" class=\"fas fa-reply-all\"><\/i>\t\t\t\t\t\t<\/span>\n\t\t\t\t\t\t\t\t\t\t<span class=\"elementor-icon-list-text\">Regresar<\/span>\n\t\t\t\t\t\t\t\t\t\t\t<\/a>\n\t\t\t\t\t\t\t\t\t<\/li>\n\t\t\t\t\t\t<\/ul>\n\t\t\t\t\t\t<\/div>\n\t\t\t\t<\/div>\n\t\t\t\t\t<\/div>\n\t\t<\/div>\n\t\t\t\t\t<\/div>\n\t\t<\/section>\n\t\t\t\t<section class=\"elementor-section elementor-top-section elementor-element elementor-element-73afa216 elementor-section-full_width elementor-section-height-default elementor-section-height-default\" data-id=\"73afa216\" data-element_type=\"section\">\n\t\t\t\t\t\t<div class=\"elementor-container elementor-column-gap-default\">\n\t\t\t\t\t<div class=\"elementor-column elementor-col-100 elementor-top-column elementor-element elementor-element-2812054c\" data-id=\"2812054c\" data-element_type=\"column\">\n\t\t\t<div class=\"elementor-widget-wrap elementor-element-populated\">\n\t\t\t\t\t\t<div class=\"elementor-element elementor-element-65d6587e elementor-widget elementor-widget-text-editor\" data-id=\"65d6587e\" data-element_type=\"widget\" data-widget_type=\"text-editor.default\">\n\t\t\t\t<div class=\"elementor-widget-container\">\n\t\t\t\t\t\t\t\t\t<p>ARBIZ\u00da MEDINA MARTHA FRANCISCA<br \/>BARAHONA CALDER\u00d3N KARLA YAHOSKA<br \/>BATRES SILVA CINTHIA VALESKA<br \/>BROCKMANN STUBBERT JOS\u00c9 DOLORES<br \/>CABRERA MENDIETA RODRIGO ALEJANDRO<br \/>CERDA GARC\u00cdA LEONEL<br \/>CH\u00c1VEZ VALD\u00c9S JUAN CARLOS<br \/>CORT\u00c9S HERN\u00c1NDEZ FRANCISCO RAMIRO<br \/>ESPINOSA ORTEGA LIGIA<br \/>ESPINOZA HUNTER ALFREDO<br \/>ESPINOZA T\u00c9LLEZ SONIA MAR\u00cdA<br \/>FERN\u00c1NDEZ QUINTANA ANDREA JOS\u00c9<br \/>FLORES FLORES MAR\u00cdA EUGENIA<br \/>FLORES GONZ\u00c1LEZ SA\u00daL DAVID<br \/>FRANCHINI SAAVEDRA CAROLINA DEL CARMEN<br \/>FUENTES GONZ\u00c1LEZ DIANA MARGARITA<br \/>G\u00d3MEZ CASTILLO ARTURO FRANCISCO<br \/>GUTIERREZ G\u00d3MEZ SANDRA MAR\u00cdA<br \/>IBARRA PASOS EDGAR DOMINGO<br \/>JARQU\u00cdN ARAG\u00d3N KARLA VANESSA<br \/>MENDIETA ESPINOSA MAURICIO JOS\u00c9<br \/>MORALES ESPINOZA FIDEL ANTONIO<br \/>MORENO MAR\u00cdN YORLIN CAROLINA<br \/>PALMA AGUILAR MARIA LILLIEN<br \/>PAR\u00c9S BARBERENA ALFONSO JOAQU\u00cdN<br \/>P\u00c9REZ RODR\u00cdGUEZ LEANDRO JOS\u00c9<br \/>QUINTANA MORALES FRANCISCO JAVIER<br \/>QUINTANILLA AGUILAR MARIO DANILO<br \/>RAMOS KARLA VANESA<br \/>RUIZ HERRERA ROLANDO JOS\u00c9<br \/>SALAZAR ALVAREZ ALICIA DEL SOCORRO<br \/>SIU BERM\u00daDEZ ARMANDO MART\u00cdN<br \/>TREJOS CRUZ ROSSANA ISABEL<br \/>VALLADARES BLESSING MARTHA SABRINA<\/p>\t\t\t\t\t\t\t\t<\/div>\n\t\t\t\t<\/div>\n\t\t\t\t\t<\/div>\n\t\t<\/div>\n\t\t\t\t\t<\/div>\n\t\t<\/section>\n\t\t\t\t<\/div>\n\t\t","protected":false},"excerpt":{"rendered":"<p>NICARAGUA Asociaci\u00f3n Nicarag\u00fcense de Cirug\u00eda Pl\u00e1stica. Sitio Web Email Regresar ARBIZ\u00da MEDINA MARTHA FRANCISCABARAHONA CALDER\u00d3N KARLA YAHOSKABATRES SILVA CINTHIA VALESKABROCKMANN STUBBERT JOS\u00c9 DOLORESCABRERA MENDIETA RODRIGO ALEJANDROCERDA GARC\u00cdA LEONELCH\u00c1VEZ VALD\u00c9S JUAN CARLOSCORT\u00c9S HERN\u00c1NDEZ FRANCISCO RAMIROESPINOSA ORTEGA LIGIAESPINOZA HUNTER ALFREDOESPINOZA T\u00c9LLEZ SONIA MAR\u00cdAFERN\u00c1NDEZ QUINTANA ANDREA JOS\u00c9FLORES FLORES MAR\u00cdA EUGENIAFLORES GONZ\u00c1LEZ SA\u00daL DAVIDFRANCHINI SAAVEDRA CAROLINA DEL CARMENFUENTES GONZ\u00c1LEZ [&hellip;]<\/p>\n","protected":false},"author":1,"featured_media":0,"parent":0,"menu_order":0,"comment_status":"closed","ping_status":"closed","template":"","meta":{"ocean_post_layout":"","ocean_both_sidebars_style":"","ocean_both_sidebars_content_width":0,"ocean_both_sidebars_sidebars_width":0,"ocean_sidebar":"","ocean_second_sidebar":"","ocean_disable_margins":"enable","ocean_add_body_class":"","ocean_shortcode_before_top_bar":"","ocean_shortcode_after_top_bar":"","ocean_shortcode_before_header":"","ocean_shortcode_after_header":"","ocean_has_shortcode":"","ocean_shortcode_after_title":"","ocean_shortcode_before_footer_widgets":"","ocean_shortcode_after_footer_widgets":"","ocean_shortcode_before_footer_bottom":"","ocean_shortcode_after_footer_bottom":"","ocean_display_top_bar":"default","ocean_display_header":"default","ocean_header_style":"","ocean_center_header_left_menu":"","ocean_custom_header_template":"","ocean_custom_logo":0,"ocean_custom_retina_logo":0,"ocean_custom_logo_max_width":0,"ocean_custom_logo_tablet_max_width":0,"ocean_custom_logo_mobile_max_width":0,"ocean_custom_logo_max_height":0,"ocean_custom_logo_tablet_max_height":0,"ocean_custom_logo_mobile_max_height":0,"ocean_header_custom_menu":"","ocean_menu_typo_font_family":"","ocean_menu_typo_font_subset":"","ocean_menu_typo_font_size":0,"ocean_menu_typo_font_size_tablet":0,"ocean_menu_typo_font_size_mobile":0,"ocean_menu_typo_font_size_unit":"px","ocean_menu_typo_font_weight":"","ocean_menu_typo_font_weight_tablet":"","ocean_menu_typo_font_weight_mobile":"","ocean_menu_typo_transform":"","ocean_menu_typo_transform_tablet":"","ocean_menu_typo_transform_mobile":"","ocean_menu_typo_line_height":0,"ocean_menu_typo_line_height_tablet":0,"ocean_menu_typo_line_height_mobile":0,"ocean_menu_typo_line_height_unit":"","ocean_menu_typo_spacing":0,"ocean_menu_typo_spacing_tablet":0,"ocean_menu_typo_spacing_mobile":0,"ocean_menu_typo_spacing_unit":"","ocean_menu_link_color":"","ocean_menu_link_color_hover":"","ocean_menu_link_color_active":"","ocean_menu_link_background":"","ocean_menu_link_hover_background":"","ocean_menu_link_active_background":"","ocean_menu_social_links_bg":"","ocean_menu_social_hover_links_bg":"","ocean_menu_social_links_color":"","ocean_menu_social_hover_links_color":"","ocean_disable_title":"default","ocean_disable_heading":"default","ocean_post_title":"","ocean_post_subheading":"","ocean_post_title_style":"","ocean_post_title_background_color":"","ocean_post_title_background":0,"ocean_post_title_bg_image_position":"","ocean_post_title_bg_image_attachment":"","ocean_post_title_bg_image_repeat":"","ocean_post_title_bg_image_size":"","ocean_post_title_height":0,"ocean_post_title_bg_overlay":0.5,"ocean_post_title_bg_overlay_color":"","ocean_disable_breadcrumbs":"default","ocean_breadcrumbs_color":"","ocean_breadcrumbs_separator_color":"","ocean_breadcrumbs_links_color":"","ocean_breadcrumbs_links_hover_color":"","ocean_display_footer_widgets":"default","ocean_display_footer_bottom":"default","ocean_custom_footer_template":"","footnotes":""},"class_list":["post-1484","page","type-page","status-publish","hentry","entry"],"_links":{"self":[{"href":"https:\/\/www.filacp.org\/web26\/wp-json\/wp\/v2\/pages\/1484","targetHints":{"allow":["GET"]}}],"collection":[{"href":"https:\/\/www.filacp.org\/web26\/wp-json\/wp\/v2\/pages"}],"about":[{"href":"https:\/\/www.filacp.org\/web26\/wp-json\/wp\/v2\/types\/page"}],"author":[{"embeddable":true,"href":"https:\/\/www.filacp.org\/web26\/wp-json\/wp\/v2\/users\/1"}],"replies":[{"embeddable":true,"href":"https:\/\/www.filacp.org\/web26\/wp-json\/wp\/v2\/comments?post=1484"}],"version-history":[{"count":0,"href":"https:\/\/www.filacp.org\/web26\/wp-json\/wp\/v2\/pages\/1484\/revisions"}],"wp:attachment":[{"href":"https:\/\/www.filacp.org\/web26\/wp-json\/wp\/v2\/media?parent=1484"}],"curies":[{"name":"wp","href":"https:\/\/api.w.org\/{rel}","templated":true}]}}