{"id":1480,"date":"2016-09-05T23:47:37","date_gmt":"2016-09-06T02:47:37","guid":{"rendered":"http:\/\/www.filacp.org\/?page_id=1480"},"modified":"2026-04-06T16:03:45","modified_gmt":"2026-04-06T19:03:45","slug":"miembros-guatemala","status":"publish","type":"page","link":"https:\/\/www.filacp.org\/web26\/miembros-guatemala\/","title":{"rendered":"Miembros Guatemala"},"content":{"rendered":"\t\t<div data-elementor-type=\"wp-page\" data-elementor-id=\"1480\" class=\"elementor elementor-1480\">\n\t\t\t\t\t\t<section class=\"elementor-section elementor-top-section elementor-element elementor-element-52fd830b elementor-section-full_width elementor-section-height-min-height elementor-section-items-stretch elementor-section-height-default\" data-id=\"52fd830b\" data-element_type=\"section\" data-settings=\"{&quot;background_background&quot;:&quot;classic&quot;}\">\n\t\t\t\t\t\t<div class=\"elementor-container elementor-column-gap-default\">\n\t\t\t\t\t<div class=\"elementor-column elementor-col-100 elementor-top-column elementor-element elementor-element-68e64916\" data-id=\"68e64916\" data-element_type=\"column\">\n\t\t\t<div class=\"elementor-widget-wrap elementor-element-populated\">\n\t\t\t\t\t\t<div class=\"elementor-element elementor-element-af2cf26 elementor-position-left elementor-position-left elementor-vertical-align-top elementor-widget elementor-widget-image-box\" data-id=\"af2cf26\" data-element_type=\"widget\" data-widget_type=\"image-box.default\">\n\t\t\t\t<div class=\"elementor-widget-container\">\n\t\t\t\t\t<div class=\"elementor-image-box-wrapper\"><figure class=\"elementor-image-box-img\"><img decoding=\"async\" width=\"70\" height=\"47\" src=\"https:\/\/www.filacp.org\/web26\/wp-content\/uploads\/Guatemala.png\" class=\"attachment-full size-full wp-image-498\" alt=\"\" \/><\/figure><div class=\"elementor-image-box-content\"><h3 class=\"elementor-image-box-title\">GUATEMALA<\/h3><p class=\"elementor-image-box-description\">Asociaci\u00f3n de Cirujanos Pl\u00e1sticos Est\u00e9ticos y Reconstructivos de Guatemala.<\/p><\/div><\/div>\t\t\t\t<\/div>\n\t\t\t\t<\/div>\n\t\t\t\t<div class=\"elementor-element elementor-element-2ac78f2e elementor-icon-list--layout-inline elementor-align-right elementor-mobile-align-center elementor-list-item-link-full_width elementor-widget elementor-widget-icon-list\" data-id=\"2ac78f2e\" data-element_type=\"widget\" data-widget_type=\"icon-list.default\">\n\t\t\t\t<div class=\"elementor-widget-container\">\n\t\t\t\t\t\t\t<ul class=\"elementor-icon-list-items elementor-inline-items\">\n\t\t\t\t\t\t\t<li class=\"elementor-icon-list-item elementor-inline-item\">\n\t\t\t\t\t\t\t\t\t\t\t<a href=\"https:\/\/cirujanosplasticosdeguatemala.com\/\" target=\"_blank\" rel=\"nofollow\">\n\n\t\t\t\t\t\t\t\t\t\t\t\t<span class=\"elementor-icon-list-icon\">\n\t\t\t\t\t\t\t<i aria-hidden=\"true\" class=\"fas fa-globe\"><\/i>\t\t\t\t\t\t<\/span>\n\t\t\t\t\t\t\t\t\t\t<span class=\"elementor-icon-list-text\">Sitio Web<\/span>\n\t\t\t\t\t\t\t\t\t\t\t<\/a>\n\t\t\t\t\t\t\t\t\t<\/li>\n\t\t\t\t\t\t\t\t<li class=\"elementor-icon-list-item elementor-inline-item\">\n\t\t\t\t\t\t\t\t\t\t\t<a href=\"mailto:cirugiaplasticadeguatemala@gmail.com\">\n\n\t\t\t\t\t\t\t\t\t\t\t\t<span class=\"elementor-icon-list-icon\">\n\t\t\t\t\t\t\t<i aria-hidden=\"true\" class=\"fas fa-envelope\"><\/i>\t\t\t\t\t\t<\/span>\n\t\t\t\t\t\t\t\t\t\t<span class=\"elementor-icon-list-text\">Email<\/span>\n\t\t\t\t\t\t\t\t\t\t\t<\/a>\n\t\t\t\t\t\t\t\t\t<\/li>\n\t\t\t\t\t\t\t\t<li class=\"elementor-icon-list-item elementor-inline-item\">\n\t\t\t\t\t\t\t\t\t\t\t<a href=\"https:\/\/www.filacp.org\/web26\/sociedades-miembros\/\">\n\n\t\t\t\t\t\t\t\t\t\t\t\t<span class=\"elementor-icon-list-icon\">\n\t\t\t\t\t\t\t<i aria-hidden=\"true\" class=\"fas fa-reply-all\"><\/i>\t\t\t\t\t\t<\/span>\n\t\t\t\t\t\t\t\t\t\t<span class=\"elementor-icon-list-text\">Regresar<\/span>\n\t\t\t\t\t\t\t\t\t\t\t<\/a>\n\t\t\t\t\t\t\t\t\t<\/li>\n\t\t\t\t\t\t<\/ul>\n\t\t\t\t\t\t<\/div>\n\t\t\t\t<\/div>\n\t\t\t\t\t<\/div>\n\t\t<\/div>\n\t\t\t\t\t<\/div>\n\t\t<\/section>\n\t\t\t\t<section class=\"elementor-section elementor-top-section elementor-element elementor-element-1a979132 elementor-section-full_width elementor-section-height-default elementor-section-height-default\" data-id=\"1a979132\" data-element_type=\"section\">\n\t\t\t\t\t\t<div class=\"elementor-container elementor-column-gap-default\">\n\t\t\t\t\t<div class=\"elementor-column elementor-col-100 elementor-top-column elementor-element elementor-element-2cb51e95\" data-id=\"2cb51e95\" data-element_type=\"column\">\n\t\t\t<div class=\"elementor-widget-wrap elementor-element-populated\">\n\t\t\t\t\t\t<div class=\"elementor-element elementor-element-565607cb elementor-widget elementor-widget-text-editor\" data-id=\"565607cb\" data-element_type=\"widget\" data-widget_type=\"text-editor.default\">\n\t\t\t\t<div class=\"elementor-widget-container\">\n\t\t\t\t\t\t\t\t\t<p>ALEJANDRO JOSU\u00c9 REYNA<br \/>ANGEL ALFREDO LONGO CALDERON<br \/>ANGEL DARIO ROSALES PAZ<br \/>CARLOS HORACIO L\u00d3PEZ MART\u00cdNEZ<br \/>CARLOS L\u00d3PEZ CARBAJAL<br \/>CARLOS MANUEL QUINTERO MARROQU\u00cdN<br \/>CARLOS ROLANDO VALLADARES AREANO<br \/>EDGAR MILTON SOL\u00cdS L\u00d3PEZ<br \/>EDUARDO JOS\u00c9 CONDE ORELLANA<br \/>EMILIO MENESES CASTILLO<br \/>EMILIO MONT DE LE\u00d3N<br \/>ERIBERTO R. ORELLANA MORALES<br \/>ESTUARDO A. RODR\u00cdGUEZ CABRERA<br \/>FEDERICO ROSALES-ARZ\u00da<br \/>GERMAN VARGAS FLORIDO<br \/>GUILLERMO ADOLFO ECHEVERR\u00cdA ROLD\u00c1N<br \/>HECTOR EDUARDO L\u00d3PEZ<br \/>IV\u00c1N FEDERICO ROSADA BARRENO<br \/>JEANNE FUENMAYOR<br \/>JORGE LUIS P\u00c9REZ V\u00c1SQUEZ<br \/>JOS\u00c9 FERNANDO L\u00d3PEZ SALGUERO<br \/>JOS\u00c9 FERNANDO SILVA<br \/>JOS\u00c9 ROBERTO BOLA\u00d1OS SP\u00cdNOLA<br \/>JUAN CARLOS GALINDO<br \/>JUAN FERNANDO VETTORAZZI<br \/>JULIO CESAR M\u00c9NDEZ<br \/>KAREN LETONA FLORES<br \/>LANDELINO CONSTANZA<br \/>LUIS FERNANDO CRUZ G\u00c1LVEZ<br \/>LUIS FERNANDO MONTENEGRO CARRILLO<br \/>LUIS JAIME GIR\u00d3N CASTILLO<br \/>LUISA FERNANDA ARMAS GIR\u00d3N<br \/>MARCO ANTONIO S\u00c1NCHEZ C\u00d3RDOVA<br \/>MAR\u00cdA ALEJANDRA DOMINGO VASQUEZ<br \/>MARIA E. PALACIOS<br \/>MARIO CHICAS RUIZ<br \/>MYNOR MIGUEL ROS<br \/>OSCAR ALEJANDRO HERRERA G\u00c1LVEZ<br \/>OSWALDO WALDEMAR QUIROA SOTO<br \/>PABLO JOS\u00c9 RAMAZZINI GARCIA<br \/>PEDRO ALEJANDRO JEREZ<br \/>RAFAEL BIGURIA RODR\u00cdGUEZ<br \/>RIGOBERTO ALEJANDRO AVILA VALDEZ<br \/>SALVADOR ANTONIO RECINOS FERNANDEZ<br \/>SARA MAR\u00cdA CONTRERAS M\u00c9RIDA<\/p>\t\t\t\t\t\t\t\t<\/div>\n\t\t\t\t<\/div>\n\t\t\t\t\t<\/div>\n\t\t<\/div>\n\t\t\t\t\t<\/div>\n\t\t<\/section>\n\t\t\t\t<\/div>\n\t\t","protected":false},"excerpt":{"rendered":"<p>GUATEMALA Asociaci\u00f3n de Cirujanos Pl\u00e1sticos Est\u00e9ticos y Reconstructivos de Guatemala. Sitio Web Email Regresar ALEJANDRO JOSU\u00c9 REYNAANGEL ALFREDO LONGO CALDERONANGEL DARIO ROSALES PAZCARLOS HORACIO L\u00d3PEZ MART\u00cdNEZCARLOS L\u00d3PEZ CARBAJALCARLOS MANUEL QUINTERO MARROQU\u00cdNCARLOS ROLANDO VALLADARES AREANOEDGAR MILTON SOL\u00cdS L\u00d3PEZEDUARDO JOS\u00c9 CONDE ORELLANAEMILIO MENESES CASTILLOEMILIO MONT DE LE\u00d3NERIBERTO R. ORELLANA MORALESESTUARDO A. RODR\u00cdGUEZ CABRERAFEDERICO ROSALES-ARZ\u00daGERMAN VARGAS FLORIDOGUILLERMO ADOLFO [&hellip;]<\/p>\n","protected":false},"author":1,"featured_media":0,"parent":0,"menu_order":0,"comment_status":"closed","ping_status":"closed","template":"","meta":{"ocean_post_layout":"","ocean_both_sidebars_style":"","ocean_both_sidebars_content_width":0,"ocean_both_sidebars_sidebars_width":0,"ocean_sidebar":"","ocean_second_sidebar":"","ocean_disable_margins":"enable","ocean_add_body_class":"","ocean_shortcode_before_top_bar":"","ocean_shortcode_after_top_bar":"","ocean_shortcode_before_header":"","ocean_shortcode_after_header":"","ocean_has_shortcode":"","ocean_shortcode_after_title":"","ocean_shortcode_before_footer_widgets":"","ocean_shortcode_after_footer_widgets":"","ocean_shortcode_before_footer_bottom":"","ocean_shortcode_after_footer_bottom":"","ocean_display_top_bar":"default","ocean_display_header":"default","ocean_header_style":"","ocean_center_header_left_menu":"","ocean_custom_header_template":"","ocean_custom_logo":0,"ocean_custom_retina_logo":0,"ocean_custom_logo_max_width":0,"ocean_custom_logo_tablet_max_width":0,"ocean_custom_logo_mobile_max_width":0,"ocean_custom_logo_max_height":0,"ocean_custom_logo_tablet_max_height":0,"ocean_custom_logo_mobile_max_height":0,"ocean_header_custom_menu":"","ocean_menu_typo_font_family":"","ocean_menu_typo_font_subset":"","ocean_menu_typo_font_size":0,"ocean_menu_typo_font_size_tablet":0,"ocean_menu_typo_font_size_mobile":0,"ocean_menu_typo_font_size_unit":"px","ocean_menu_typo_font_weight":"","ocean_menu_typo_font_weight_tablet":"","ocean_menu_typo_font_weight_mobile":"","ocean_menu_typo_transform":"","ocean_menu_typo_transform_tablet":"","ocean_menu_typo_transform_mobile":"","ocean_menu_typo_line_height":0,"ocean_menu_typo_line_height_tablet":0,"ocean_menu_typo_line_height_mobile":0,"ocean_menu_typo_line_height_unit":"","ocean_menu_typo_spacing":0,"ocean_menu_typo_spacing_tablet":0,"ocean_menu_typo_spacing_mobile":0,"ocean_menu_typo_spacing_unit":"","ocean_menu_link_color":"","ocean_menu_link_color_hover":"","ocean_menu_link_color_active":"","ocean_menu_link_background":"","ocean_menu_link_hover_background":"","ocean_menu_link_active_background":"","ocean_menu_social_links_bg":"","ocean_menu_social_hover_links_bg":"","ocean_menu_social_links_color":"","ocean_menu_social_hover_links_color":"","ocean_disable_title":"default","ocean_disable_heading":"default","ocean_post_title":"","ocean_post_subheading":"","ocean_post_title_style":"","ocean_post_title_background_color":"","ocean_post_title_background":0,"ocean_post_title_bg_image_position":"","ocean_post_title_bg_image_attachment":"","ocean_post_title_bg_image_repeat":"","ocean_post_title_bg_image_size":"","ocean_post_title_height":0,"ocean_post_title_bg_overlay":0.5,"ocean_post_title_bg_overlay_color":"","ocean_disable_breadcrumbs":"default","ocean_breadcrumbs_color":"","ocean_breadcrumbs_separator_color":"","ocean_breadcrumbs_links_color":"","ocean_breadcrumbs_links_hover_color":"","ocean_display_footer_widgets":"default","ocean_display_footer_bottom":"default","ocean_custom_footer_template":"","footnotes":""},"class_list":["post-1480","page","type-page","status-publish","hentry","entry"],"_links":{"self":[{"href":"https:\/\/www.filacp.org\/web26\/wp-json\/wp\/v2\/pages\/1480","targetHints":{"allow":["GET"]}}],"collection":[{"href":"https:\/\/www.filacp.org\/web26\/wp-json\/wp\/v2\/pages"}],"about":[{"href":"https:\/\/www.filacp.org\/web26\/wp-json\/wp\/v2\/types\/page"}],"author":[{"embeddable":true,"href":"https:\/\/www.filacp.org\/web26\/wp-json\/wp\/v2\/users\/1"}],"replies":[{"embeddable":true,"href":"https:\/\/www.filacp.org\/web26\/wp-json\/wp\/v2\/comments?post=1480"}],"version-history":[{"count":0,"href":"https:\/\/www.filacp.org\/web26\/wp-json\/wp\/v2\/pages\/1480\/revisions"}],"wp:attachment":[{"href":"https:\/\/www.filacp.org\/web26\/wp-json\/wp\/v2\/media?parent=1480"}],"curies":[{"name":"wp","href":"https:\/\/api.w.org\/{rel}","templated":true}]}}