{"id":1476,"date":"2016-09-05T23:42:30","date_gmt":"2016-09-06T02:42:30","guid":{"rendered":"http:\/\/www.filacp.org\/?page_id=1476"},"modified":"2026-03-07T15:35:15","modified_gmt":"2026-03-07T18:35:15","slug":"miembros-espana","status":"publish","type":"page","link":"https:\/\/www.filacp.org\/web26\/miembros-espana\/","title":{"rendered":"Miembros Espa\u00f1a"},"content":{"rendered":"\t\t<div data-elementor-type=\"wp-page\" data-elementor-id=\"1476\" class=\"elementor elementor-1476\">\n\t\t\t\t\t\t<section class=\"elementor-section elementor-top-section elementor-element elementor-element-66442320 elementor-section-full_width elementor-section-height-min-height elementor-section-items-stretch elementor-section-height-default\" data-id=\"66442320\" data-element_type=\"section\" data-settings=\"{&quot;background_background&quot;:&quot;classic&quot;}\">\n\t\t\t\t\t\t<div class=\"elementor-container elementor-column-gap-default\">\n\t\t\t\t\t<div class=\"elementor-column elementor-col-100 elementor-top-column elementor-element elementor-element-1b2f7aa7\" data-id=\"1b2f7aa7\" data-element_type=\"column\">\n\t\t\t<div class=\"elementor-widget-wrap elementor-element-populated\">\n\t\t\t\t\t\t<div class=\"elementor-element elementor-element-eb96750 elementor-position-left elementor-position-left elementor-vertical-align-top elementor-widget elementor-widget-image-box\" data-id=\"eb96750\" data-element_type=\"widget\" data-widget_type=\"image-box.default\">\n\t\t\t\t<div class=\"elementor-widget-container\">\n\t\t\t\t\t<div class=\"elementor-image-box-wrapper\"><figure class=\"elementor-image-box-img\"><img decoding=\"async\" width=\"70\" height=\"47\" src=\"https:\/\/www.filacp.org\/web26\/wp-content\/uploads\/Spain.png\" class=\"attachment-full size-full wp-image-497\" alt=\"\" \/><\/figure><div class=\"elementor-image-box-content\"><h3 class=\"elementor-image-box-title\">ESPA\u00d1A<\/h3><p class=\"elementor-image-box-description\">Sociedad Espa\u00f1ola de Cirug\u00eda Pl\u00e1stica Reparadora y Est\u00e9tica.<\/p><\/div><\/div>\t\t\t\t<\/div>\n\t\t\t\t<\/div>\n\t\t\t\t<div class=\"elementor-element elementor-element-37bb6698 elementor-icon-list--layout-inline elementor-align-right elementor-mobile-align-center elementor-list-item-link-full_width elementor-widget elementor-widget-icon-list\" data-id=\"37bb6698\" data-element_type=\"widget\" data-widget_type=\"icon-list.default\">\n\t\t\t\t<div class=\"elementor-widget-container\">\n\t\t\t\t\t\t\t<ul class=\"elementor-icon-list-items elementor-inline-items\">\n\t\t\t\t\t\t\t<li class=\"elementor-icon-list-item elementor-inline-item\">\n\t\t\t\t\t\t\t\t\t\t\t<a href=\"https:\/\/secpre.org\/\" target=\"_blank\" rel=\"nofollow\">\n\n\t\t\t\t\t\t\t\t\t\t\t\t<span class=\"elementor-icon-list-icon\">\n\t\t\t\t\t\t\t<i aria-hidden=\"true\" class=\"fas fa-globe\"><\/i>\t\t\t\t\t\t<\/span>\n\t\t\t\t\t\t\t\t\t\t<span class=\"elementor-icon-list-text\">Sitio Web<\/span>\n\t\t\t\t\t\t\t\t\t\t\t<\/a>\n\t\t\t\t\t\t\t\t\t<\/li>\n\t\t\t\t\t\t\t\t<li class=\"elementor-icon-list-item elementor-inline-item\">\n\t\t\t\t\t\t\t\t\t\t\t<a href=\"mailto:info@secpre.org\">\n\n\t\t\t\t\t\t\t\t\t\t\t\t<span class=\"elementor-icon-list-icon\">\n\t\t\t\t\t\t\t<i aria-hidden=\"true\" class=\"fas fa-envelope\"><\/i>\t\t\t\t\t\t<\/span>\n\t\t\t\t\t\t\t\t\t\t<span class=\"elementor-icon-list-text\">Email<\/span>\n\t\t\t\t\t\t\t\t\t\t\t<\/a>\n\t\t\t\t\t\t\t\t\t<\/li>\n\t\t\t\t\t\t\t\t<li class=\"elementor-icon-list-item elementor-inline-item\">\n\t\t\t\t\t\t\t\t\t\t\t<a href=\"https:\/\/www.filacp.org\/web26\/sociedades-miembros\/\">\n\n\t\t\t\t\t\t\t\t\t\t\t\t<span class=\"elementor-icon-list-icon\">\n\t\t\t\t\t\t\t<i aria-hidden=\"true\" class=\"fas fa-reply-all\"><\/i>\t\t\t\t\t\t<\/span>\n\t\t\t\t\t\t\t\t\t\t<span class=\"elementor-icon-list-text\">Regresar<\/span>\n\t\t\t\t\t\t\t\t\t\t\t<\/a>\n\t\t\t\t\t\t\t\t\t<\/li>\n\t\t\t\t\t\t<\/ul>\n\t\t\t\t\t\t<\/div>\n\t\t\t\t<\/div>\n\t\t\t\t\t<\/div>\n\t\t<\/div>\n\t\t\t\t\t<\/div>\n\t\t<\/section>\n\t\t\t\t<section class=\"elementor-section elementor-top-section elementor-element elementor-element-4718f68c elementor-section-full_width elementor-section-height-default elementor-section-height-default\" data-id=\"4718f68c\" data-element_type=\"section\">\n\t\t\t\t\t\t<div class=\"elementor-container elementor-column-gap-default\">\n\t\t\t\t\t<div class=\"elementor-column elementor-col-100 elementor-top-column elementor-element elementor-element-46c81095\" data-id=\"46c81095\" data-element_type=\"column\">\n\t\t\t<div class=\"elementor-widget-wrap elementor-element-populated\">\n\t\t\t\t\t\t<div class=\"elementor-element elementor-element-7d7038ba elementor-widget elementor-widget-text-editor\" data-id=\"7d7038ba\" data-element_type=\"widget\" data-widget_type=\"text-editor.default\">\n\t\t\t\t<div class=\"elementor-widget-container\">\n\t\t\t\t\t\t\t\t\t<p>ABASCAL ZULOAGA ALFONSO<br \/>ABAURREA LOSADA JUAN PEDRO<br \/>ABRIL GONZALEZ FRANCISCO<br \/>ADELL MESAS XAVIER<br \/>AGREDA ULLOA LUIS<br \/>AG\u00dcERA CARMONA JAVIER<br \/>AGUIAR SIMANCAS JUAN M<br \/>AGULLO DOMINGO ALBERTO<br \/>AGUSTI MAS ANA<br \/>ALARCON CASCALES LORENZO F<br \/>ALBERT TURCO INMACULADA<br \/>ALCELAY LASO OLAITZ<br \/>ALCONCHEL MONTORIO M\u00aa DOLORES<br \/>ALONSO BA\u00d1UELOS M\u00aa DEL CARMEN<br \/>ALONSO DE LA ROSA SIMON<br \/>ALONSO GARCIA PEDRO E<br \/>ALONSO MARTINEZ SERGIO<br \/>ALONSO PE\u00d1A DAVID<br \/>ALONSO SUEIRO FERNANDO R<br \/>ALONSO VON WERNER ARIANA C<br \/>ALSINA RIUS GLORIA<br \/>ALVARADO BENITEZ RUBEN<br \/>ALVAREZ ALVAREZ MARIA J<br \/>ALVAREZ CARRETERO EDUARDO<br \/>ALVAREZ JORGE JOSE ANGEL<br \/>ALVAREZ PE\u00d1ATE NICOLAS<br \/>ALVAREZ SUAREZ ROCIO<br \/>ALVAREZ VICENTE ESPERANZA<br \/>ALZAGA BORREGO FRANCISCO D<br \/>AMADOR DE LA GRANJA AINHOA<br \/>AMAR ROGER E.<br \/>AMOROS GARCIA MARIA D<br \/>AMORRORTU VELAYOS JORGE A<br \/>ANDRES TRIAS AUGUSTO<br \/>ANDREU CARILLA ANGEL<br \/>ANDREU LOPEZ CONCEPCIO<br \/>ANTOLIN SANTAMARIA PEDRO<br \/>ARACIL KESSLER JUAN PABLO<br \/>ARAN ARAN JOSE A<br \/>ARANA MARTIN- BEJARANO ELENA<br \/>ARAYA GUTIERREZ EMMA<br \/>ARENAS ESCRIBANO DANIEL<br \/>AREVALO VELASCO JOSE M<br \/>ARMISEN BOBO ELENA<br \/>ARNAIZ GRANDE MARGARITA<br \/>ARQUERO SALINERO PEDRO<br \/>ARRANZ LOPEZ JOSE LUIS<br \/>ARROYO MEINHARDT JOSE MARIA<br \/>ARTIGUES HIDALGO M\u00aa PAZ<br \/>AVILES MARTIN EDUARDO<br \/>AYALA GUTIERREZ HIGINIO<br \/>AYESTARAN SOTO JUAN<br \/>BADRAN BLANCO JEANETTE<br \/>BAENA MONTILLA PABLO<br \/>BAETA BAYON PILAR<br \/>BALAGUER CAMBRA JORGE<br \/>BALDA ECHARRI MARIA T<br \/>BALLESTA ALCARAZ JUAN<br \/>BALLESTEROS HERNANDEZ AGUSTIN<br \/>BARON THAIDIGSMAN JESUS<br \/>BARRES CABALLER JORDAN<br \/>BARRET NERIN JUAN PEDRO<br \/>BARRIOS SAGARDOY FRANCISCO J<br \/>BARROS MARTINEZ JESUS A<br \/>BARROS QUINTAS JORGE<br \/>BASSAS MERCADER ENRIQUE<br \/>BAZAN ALVAREZ ANTONIO<br \/>BEJAR ABAJAS JOSE M<br \/>BELASCOAIN BASTARRECHE FAUSTINO<br \/>BELLO RODRIGUEZ CHICHO<br \/>BELTRAN DE HEREDIA FREIRE IGNACIO<br \/>BENEDET AGULLA CARLOS<br \/>BENGOECHEA BEEBY MIGUEL P<br \/>BENITEZ I GUMA JOAN RAMON<br \/>BENITO ARJONILLA M\u00aa ESPERANZA<br \/>BENITO DUQUE PABLO<br \/>BENITO MORA FRANCISCO J<br \/>BENITO RUIZ JESUS<br \/>BERENGUER FR\u00d6HNER BEATRIZ<br \/>BERGUER SANDEZ ALBERTO<br \/>BERMUDEZ PIERNAGORDA MANUEL<br \/>BERNABEU ABAD TERESA<br \/>BETRAN VISUS ANDRES<br \/>BIOSCA ESTELA HELENA<br \/>BIOSCA ESTELA HELENA<br \/>BISBAL PIAZUELO JAVIER<br \/>BLANCA GOMEZ JUAN C<br \/>BLANCH RUBIO AGUSTIN<br \/>BLANCO LOBEJON GERMAN<br \/>BLANCO TAPIAS RAFAEL<br \/>BLANCO TU\u00d1ON JUAN<br \/>BONANAD FERNANDEZ ENRIQUE<br \/>BONILLA VILELA EULALIO<br \/>BOTELHO DA MATTA ALFREDO<br \/>BRA\u00d1A TOBIO JOSE C<br \/>BRASO VICEN CRISTINA<br \/>BRUALLA PLANES ANTONIO<br \/>BUENO FERNANDEZ CARLOS M<br \/>CABALLERO DIAZ OSCAR<br \/>CABEZON HEDO M\u00aa ANGELES<br \/>CABOT OSTOS ELISA M<br \/>CABRERA MONTERO JOSE MARIA<br \/>CABRERA SANCHEZ EMILIO<br \/>CAGIGAL GONZALEZ LEOPOLDO<br \/>CALDERON NAJERA RAM\u00d3N<br \/>CAMPORRO FERNANDEZ DANIEL<br \/>CANO JIMENEZ FRANCISCO J<br \/>CANOVAS SANCHIS SERGIO<br \/>CANSECO DIAZ FRANCISCO<br \/>CA\u00d1ADILLAS MATHIAS PABLO<br \/>CARBONELL BORIA ARTURO J<br \/>CARCAMO HERMOSO CARMEN<br \/>CARRASCO NARANJO ENRIQUE<br \/>CARRE\u00d1O HERNANDEZ M\u00aa ENCARNA<br \/>CARRILLO BLANCHAR DIEGO LUIS<br \/>CARTAGENA SANCHEZ MARIA P<br \/>CARTRO GINER NELLY<br \/>CARVAJO PEREZ FRANCISO<br \/>CASADO PEREZ CESAR<br \/>CASAUDOUMECQ MARTIN ALFREDO<br \/>CASTELLAR NAJERA ERICK A<br \/>CASTELLO FORTET JOSE RAMON<br \/>CASTELLO SENDRA JOAQUIN<br \/>CASTILLA PERTI\u00d1EZ RAMON<br \/>CASTILLO BERNABEU RAFAEL<br \/>CASTILLO LORENZO JULIAN J<br \/>CASTRO GARCIA JAVIER<br \/>CASTRO SIERRA ALFONSO<br \/>CASTRO SIERRA ALFREDO<br \/>CASTRO VEIGA M\u00aa JOSE<br \/>CAUSI PEDROS ANTONIO<br \/>CAVA COSTERO LOURDES<br \/>CAVADAS RODRIGUEZ PEDRO C<br \/>CEBALLOS GARCIA RAFAEL<br \/>CERDA DEZCALLAR I\u00d1IGO<br \/>CERQUEIRO MOSQUERA JAVIER<br \/>CERVILLA LOZANO JUAN M<br \/>CHAMORRO HERNANDEZ JUAN JOSE<br \/>CHAMOSA MARTIN MIGUEL<br \/>CILLER MARTINEZ TOMAS R<br \/>CIMORRA MORENO GUSTAVO A<br \/>CIRIA LLORENS GERMAN<br \/>CLARO ORDAS FLORENTINO<br \/>CODINA GARCIA JOSE<br \/>COLAS SAN JUAN CARLOS<br \/>COLLADO DELFA JOSE M<br \/>COLLEL CHAVARRIA M\u00aa TERESA<br \/>COLOM MAJAN JOSE I<br \/>COMELLAS FRANCO MANUEL<br \/>COMPAN VAZQUEZ M\u00ba DEL MAR<br \/>CORCHADO GARCIA CRISTOBAL<br \/>CORDOBA CAMPOS JOSE<br \/>CORDOBA GUZMAN GREGORIO<br \/>CORELLA ESTEVEZ PILAR<br \/>CORMENZANA OLASO PEDRO S<br \/>COSIO TUBIO LOURDES<br \/>COSTA CARRERAS ROGER<br \/>CRISOL MARTOS FRANCISCO<br \/>CUADRADO VICENTE LUIS<br \/>CUBAS SANCHEZ OSCAR<br \/>CUESTA ROMERO CARLOS<br \/>CURSACH ESTEVA ANTONIO<br \/>DARGALLO CARBONELL GLORIA<br \/>DARNELL BUISAN PEDRO<br \/>DE BENITO MOLINA ISABEL<br \/>DE CECILIA GOMEZ JOSE A<br \/>DE ELEJABEITIA GONZALEZ JAVIER<br \/>DE GRADO PE\u00d1A JESUS M<br \/>DE HARO GUERRERO FABIOLA<br \/>DE JUAN HUELVES ANA<br \/>DE JUAN PEREZ FRANCISO J<br \/>DE LA CONCEPCION GARCIA ANA BELEN<br \/>DE LA CRUZ FERRER LUIS I<br \/>DE LA CRUZ LOPEZ MIGUEL R<br \/>DE LA FUENTE GONZALEZ ANTONIO<br \/>DE LA FUENTE NU\u00d1EZ JOSE J<br \/>DEL AMO DOMENECH JOSE MARIA<br \/>DEL CACHO GARCIA CARLOS<br \/>DEL CASTILLO \u2013 OLIVARES MARRERO JOSE LUIS<br \/>DEL PINO PAREDES VICENTE<br \/>DEL PI\u00d1AL MATORRAS FRANCISCO<br \/>DEL RIO LEGARRETA JUAN<br \/>DEL SOL SANCHEZ ANTONIO<br \/>DELGADO MARTINEZ JULIO<br \/>DENIZ HERNANDEZ VICTOR M<br \/>DIAZ GOMEZ LUIS A<br \/>DIAZ GUTIERREZ ANTONIO J<br \/>DIAZ INFANTE JOSE LUIS<br \/>DIAZ TORRES JOSE MARIA<br \/>DOMENECH MIRO EDUARDO<br \/>DUARTE PIRES MARIA D<br \/>DURAND PAUL \u2013 GUY<br \/>ECHAZARRA ARAMBURU ELIER<br \/>EDER HELGA<br \/>ELEJALDE GARCIA M\u00aa VICTORIA<br \/>ENRIQUEZ DE SALAMANCA CELADA JAVIER<br \/>ERICKSON MENDEZ ROLANDO T<br \/>ESCUDERO NAFS FRANCISCO J<br \/>ESPARZA RUIZ JOSE M<br \/>ESPEJO ORTEGA LUIS<br \/>ESPI SENA CARMEN<br \/>ESPINEL PEREZ ESTHER<br \/>ESPINOSA VEGA JOSE F<br \/>ESTEFANIA DIEZ MIGUEL E<br \/>ESTRADA CUXART JAIME<br \/>ETXEBERRIA OLA\u00d1ETA ENRIQUE<br \/>EZQUERRA CARRERA FERNANDO<br \/>FADUL ROSA JOSE A<br \/>FARAH MUSA ADNAN<br \/>FEIJOO LAMAGRANDE LUIS<br \/>FERNANDEZ ALVAREZ JOSE M<br \/>FERNANDEZ BLANCO ALFREDO<br \/>FERNANDEZ CONTI PEDRO<br \/>FERNANDEZ COSSIO SERGIO<br \/>FERNANDEZ DE LA MOTA RODRIGUEZ ALEJANDRO<br \/>FERNANDEZ DELGADO JORGE M<br \/>FERNANDEZ FERNANDEZ JOSE LUIS<br \/>FERNANDEZ GARRIDO MANUEL<br \/>FERNANDEZ GONZALEZ MIGUEL<br \/>FERNANDEZ MELENDEZ FRANCISCO<br \/>FERNANDEZ ORTEGA PEDRO<br \/>FERNANDEZ SAMANIEGO FERNANDO<br \/>FERNANDEZ SANCHEZ EVA V<br \/>FERNANDEZ SANZA IGNACIO<br \/>FERNANDEZ SERRA CARLOS<br \/>FERNANDEZ TEMPRANO JOSE M<br \/>FERNANDEZ-CA\u00d1AMAQUE RODRIGUEZ JOSE LUIS<br \/>FERNANDEZ-PALACIOS MARTINEZ JAVIER<br \/>FERREIRA MONTENEGRO BARTOLOME<br \/>FERREIRO GONZALEZ ISABEL<br \/>FERRER BERGES M\u00aa ARMINDA<br \/>FERRON MARTINEZ M\u00aa SALVADORA<br \/>FIDALGO RODRIGUEZ FELIX T<br \/>FLORES SANCHEZ JOANA<br \/>FLOREZ ALVAREZ MARIA T<br \/>FONSECA VALERO RAUL A<br \/>FONTDEVILA FONT JOAN X<br \/>FRAMIS BACH MANUEL M<br \/>FRANCES GOROSPE MARIA JOSE<br \/>FRANCO RODIL JAIRO<br \/>FREGENAL GARCIA FRANCISCO J<br \/>FUERTES LANZUELA SANTIAGO<br \/>FUEYO LORENTE ANGEL<br \/>FULLANA SASTRE FRANCISCA<br \/>GABILONDO ZUBIZARRETA FRANCISCO J<br \/>GALLEGO SOLER JOSE F<br \/>GALLEGOS CARO ALVARO A<br \/>GALVEZ GARCIA ANTONIO M<br \/>GAOS FONT LUIS<br \/>GARCIA ALONSO JAVIER<br \/>GARCIA BARREIRO JUAN J<br \/>GARCIA BERNAL FRANCISCO J<br \/>GARCIA CABEZA JUAN M<br \/>GARCIA CEBALLOS JOSE I<br \/>GARCIA DOMINGUEZ JOSE<br \/>GARCIA DOMINGUEZ M\u00aa DOLORES<br \/>GARCIA GARCIA MARIA T<br \/>GARCIA HORTELANO ELADIO<br \/>GARCIA MARTINEZ ALEJANDRO<br \/>GARCIA MARTINEZ M\u00aa LOURDES<br \/>GARCIA MOYA MARINA<br \/>GARCIA ORTIN MARTA<br \/>GARCIA PEREZ JAIME A<br \/>GARCIA POCH FRANCISCO J<br \/>GARCIA SANCHEZ PALMIRA<br \/>GARCIA SANCHEZ VICENTE<br \/>GARCIA TORRES VIDAL<br \/>GARCIA TRUJILLO LUIS A<br \/>GARCIA TUTOR EMILIO<br \/>GARCIA-DIHINX CHECA MARIA J<br \/>GARCIA-MORATO JORRETO VICENTE<br \/>GARRIZ RESA PABLO<br \/>GARRO LAWRENCE L<br \/>GASPAR CUBO DIEGO<br \/>GAVI\u00d1O RODRIGUEZ JESUS<br \/>GIMENO AZCONA MIGUEL A<br \/>GIRALDO ANSIO FRANCISCO<br \/>GOMEZ ANGEL DIEGO<br \/>GOMEZ BAJO GREGORIO J<br \/>GOMEZ BALBOA PEDRO<br \/>GOMEZ BRAVO FRANCISCO<br \/>GOMEZ CIA PEDRO T<br \/>GOMEZ MONTOYA ADOLFO<br \/>GOMEZ MORELL PABLO A<br \/>GOMEZ VARELA BELEN<br \/>GONZALEZ \u2013 NICOLAS ALBANDEA JOSE A<br \/>GONZALEZ ALVAREZ EDUARDO<br \/>GONZALEZ ALVAREZ M\u00aa PILAR COVADONGA<br \/>GONZALEZ CAVERO JORGE<br \/>GONZALEZ FERNANDEZ M\u00aa DOLORES<br \/>GONZALEZ FRAILE GASPAR<br \/>GONZALEZ GONZALEZ CARLOS J<br \/>GONZALEZ GONZALEZ M\u00aa ISABEL<br \/>GONZALEZ GONZALEZ MIGUEL<br \/>GONZALEZ LABASA MIGUEL A<br \/>GONZALEZ LOPEZ RAFAEL D<br \/>GONZALEZ MARTINEZ RAFAEL<br \/>GONZALEZ MELI BEATRIZ<br \/>GONZALEZ MESTRE VICENTE<br \/>GONZALEZ PEIRONA ELIAS<br \/>GONZALEZ SARASUA JULIAN<br \/>GONZALEZ-FONTANA REAL RAMON<br \/>GORNES BENEJAM M\u00aa BELEN<br \/>GORRIZ ARIAS GUSTAVO<br \/>GRAF DE MIRANDA ELAINE A<br \/>GRANADO TIAGONCE AGUSTIN<br \/>GRANDE MIEZA NELIDA<br \/>GUEMES GORDO FERNANDO<br \/>GUIDOTTI RUSSO HUGO D<br \/>GUILLEN MORALES ISA GARA<br \/>GUINOT MADRIDEJOS ALBERTO<br \/>GUISANTES PINTOS EVA<br \/>GULLON CABRERO CARLOS<br \/>GUTIERREZ CASTELLANOS PALOMA<br \/>GUTIERREZ DE LA CAMARA ARA ARTURO<br \/>GUTIERREZ GARCIA JUANA<br \/>GUTIERREZ ONTALVILLA PATRICIA<br \/>HARO GARCIA DE JUAN JOSE<br \/>HENANDEZ MACHADO DA COSTA VICTOR<br \/>HERNANDEZ RAMOS ARACELI<br \/>HERRERA PEREZ AMANDA<br \/>HERRERO FERNANDEZ FRANCISCO J<br \/>HERRERO JOVER JAVIER<br \/>HERRERO MARTIN JULIO C<br \/>HERRERO SALADO MANUEL J<br \/>HIDALGO GALLEGO JOSE C<br \/>HIGUERAS SU\u00d1E M\u00aa CARMEN<br \/>HIJANO MIR JUAN C<br \/>HOLGUIN HOLGADO PURIFICACION<br \/>HONTANILLA CALATAYUD BERNARDO<br \/>HOYOS USTA MIGUEL B<br \/>HUC GRASA OSCAR<br \/>HUERTAS BUENO CARMEN<br \/>HURTADO DE MENDOZA GARCIA BRIANDA<br \/>IGLESIAS ALFAGEME FRANCISCO<br \/>IGLESIAS LUGRIS FERNANDO<br \/>IGLESIAS MARQUES MANUEL<br \/>IGLESIAS MECIAS CONCEPCION<br \/>IGLESIAS RODRIGUEZ LAUREANO<br \/>IGLESIAS URRACA CARMEN M<br \/>INFANTE DURENDEZ JULIO<br \/>IZQUIERDO BURRIEZA MARIA P<br \/>JIMENEZ CORDOBA GREGORIO<br \/>JIMENEZ DEL VALLE URBANO<br \/>JIMENEZ GARCIA ELENA M<br \/>JIMENEZ LOPEZ ANA MARIA<br \/>JUAREZ CORDERO ANGEL<br \/>JUL VAZQUEZ CARLOS<br \/>JUNCO POLAINO OSCAR<br \/>LABRADOR MOLINA JOSE M<br \/>LAGARON COMBA EMILIO J<br \/>LAGE BOUZAMAYOR PALOMA<br \/>LAJO RIVERA LUIS A<br \/>LALINDE CARRASCO EUGENIO<br \/>LANDIN JARILLO LUIS<br \/>LARA GARCIA FRANCISCO<br \/>LAREDO ORTIZ CARLOS<br \/>LASSO VAZQUEZ JOSE MARIA<br \/>LEIVA OLIVA ROSA MARIA<br \/>LERMA GONCE JAIME<br \/>LEYVA RODRIGUEZ FRANCISCO<br \/>LIEBANA PEREZ CARLOS<br \/>MASIA AYALA JAIME<br \/>MENENDEZ -GRAI\u00d1O LOPEZ FRANCISCO J<br \/>RODRIGUEZ RODRIGUEZ EZEQUIEL<br \/>VAQUERO MARIA DEL MAR<\/p>\t\t\t\t\t\t\t\t<\/div>\n\t\t\t\t<\/div>\n\t\t\t\t\t<\/div>\n\t\t<\/div>\n\t\t\t\t\t<\/div>\n\t\t<\/section>\n\t\t\t\t<\/div>\n\t\t","protected":false},"excerpt":{"rendered":"<p>ESPA\u00d1A Sociedad Espa\u00f1ola de Cirug\u00eda Pl\u00e1stica Reparadora y Est\u00e9tica. Sitio Web Email Regresar ABASCAL ZULOAGA ALFONSOABAURREA LOSADA JUAN PEDROABRIL GONZALEZ FRANCISCOADELL MESAS XAVIERAGREDA ULLOA LUISAG\u00dcERA CARMONA JAVIERAGUIAR SIMANCAS JUAN MAGULLO DOMINGO ALBERTOAGUSTI MAS ANAALARCON CASCALES LORENZO FALBERT TURCO INMACULADAALCELAY LASO OLAITZALCONCHEL MONTORIO M\u00aa DOLORESALONSO BA\u00d1UELOS M\u00aa DEL CARMENALONSO DE LA ROSA SIMONALONSO GARCIA PEDRO EALONSO [&hellip;]<\/p>\n","protected":false},"author":1,"featured_media":0,"parent":0,"menu_order":0,"comment_status":"closed","ping_status":"closed","template":"","meta":{"ocean_post_layout":"","ocean_both_sidebars_style":"","ocean_both_sidebars_content_width":0,"ocean_both_sidebars_sidebars_width":0,"ocean_sidebar":"","ocean_second_sidebar":"","ocean_disable_margins":"enable","ocean_add_body_class":"","ocean_shortcode_before_top_bar":"","ocean_shortcode_after_top_bar":"","ocean_shortcode_before_header":"","ocean_shortcode_after_header":"","ocean_has_shortcode":"","ocean_shortcode_after_title":"","ocean_shortcode_before_footer_widgets":"","ocean_shortcode_after_footer_widgets":"","ocean_shortcode_before_footer_bottom":"","ocean_shortcode_after_footer_bottom":"","ocean_display_top_bar":"default","ocean_display_header":"default","ocean_header_style":"","ocean_center_header_left_menu":"","ocean_custom_header_template":"","ocean_custom_logo":0,"ocean_custom_retina_logo":0,"ocean_custom_logo_max_width":0,"ocean_custom_logo_tablet_max_width":0,"ocean_custom_logo_mobile_max_width":0,"ocean_custom_logo_max_height":0,"ocean_custom_logo_tablet_max_height":0,"ocean_custom_logo_mobile_max_height":0,"ocean_header_custom_menu":"","ocean_menu_typo_font_family":"","ocean_menu_typo_font_subset":"","ocean_menu_typo_font_size":0,"ocean_menu_typo_font_size_tablet":0,"ocean_menu_typo_font_size_mobile":0,"ocean_menu_typo_font_size_unit":"px","ocean_menu_typo_font_weight":"","ocean_menu_typo_font_weight_tablet":"","ocean_menu_typo_font_weight_mobile":"","ocean_menu_typo_transform":"","ocean_menu_typo_transform_tablet":"","ocean_menu_typo_transform_mobile":"","ocean_menu_typo_line_height":0,"ocean_menu_typo_line_height_tablet":0,"ocean_menu_typo_line_height_mobile":0,"ocean_menu_typo_line_height_unit":"","ocean_menu_typo_spacing":0,"ocean_menu_typo_spacing_tablet":0,"ocean_menu_typo_spacing_mobile":0,"ocean_menu_typo_spacing_unit":"","ocean_menu_link_color":"","ocean_menu_link_color_hover":"","ocean_menu_link_color_active":"","ocean_menu_link_background":"","ocean_menu_link_hover_background":"","ocean_menu_link_active_background":"","ocean_menu_social_links_bg":"","ocean_menu_social_hover_links_bg":"","ocean_menu_social_links_color":"","ocean_menu_social_hover_links_color":"","ocean_disable_title":"default","ocean_disable_heading":"default","ocean_post_title":"","ocean_post_subheading":"","ocean_post_title_style":"","ocean_post_title_background_color":"","ocean_post_title_background":0,"ocean_post_title_bg_image_position":"","ocean_post_title_bg_image_attachment":"","ocean_post_title_bg_image_repeat":"","ocean_post_title_bg_image_size":"","ocean_post_title_height":0,"ocean_post_title_bg_overlay":0.5,"ocean_post_title_bg_overlay_color":"","ocean_disable_breadcrumbs":"default","ocean_breadcrumbs_color":"","ocean_breadcrumbs_separator_color":"","ocean_breadcrumbs_links_color":"","ocean_breadcrumbs_links_hover_color":"","ocean_display_footer_widgets":"default","ocean_display_footer_bottom":"default","ocean_custom_footer_template":"","footnotes":""},"class_list":["post-1476","page","type-page","status-publish","hentry","entry"],"_links":{"self":[{"href":"https:\/\/www.filacp.org\/web26\/wp-json\/wp\/v2\/pages\/1476","targetHints":{"allow":["GET"]}}],"collection":[{"href":"https:\/\/www.filacp.org\/web26\/wp-json\/wp\/v2\/pages"}],"about":[{"href":"https:\/\/www.filacp.org\/web26\/wp-json\/wp\/v2\/types\/page"}],"author":[{"embeddable":true,"href":"https:\/\/www.filacp.org\/web26\/wp-json\/wp\/v2\/users\/1"}],"replies":[{"embeddable":true,"href":"https:\/\/www.filacp.org\/web26\/wp-json\/wp\/v2\/comments?post=1476"}],"version-history":[{"count":0,"href":"https:\/\/www.filacp.org\/web26\/wp-json\/wp\/v2\/pages\/1476\/revisions"}],"wp:attachment":[{"href":"https:\/\/www.filacp.org\/web26\/wp-json\/wp\/v2\/media?parent=1476"}],"curies":[{"name":"wp","href":"https:\/\/api.w.org\/{rel}","templated":true}]}}