{"id":1460,"date":"2016-09-05T22:42:25","date_gmt":"2016-09-06T01:42:25","guid":{"rendered":"http:\/\/www.filacp.org\/?page_id=1460"},"modified":"2026-04-06T16:02:51","modified_gmt":"2026-04-06T19:02:51","slug":"miembros-ecuador","status":"publish","type":"page","link":"https:\/\/www.filacp.org\/web26\/miembros-ecuador\/","title":{"rendered":"Miembros Ecuador"},"content":{"rendered":"\t\t<div data-elementor-type=\"wp-page\" data-elementor-id=\"1460\" class=\"elementor elementor-1460\">\n\t\t\t\t\t\t<section class=\"elementor-section elementor-top-section elementor-element elementor-element-6183c821 elementor-section-full_width elementor-section-height-min-height elementor-section-items-stretch elementor-section-height-default\" data-id=\"6183c821\" data-element_type=\"section\" data-settings=\"{&quot;background_background&quot;:&quot;classic&quot;}\">\n\t\t\t\t\t\t<div class=\"elementor-container elementor-column-gap-default\">\n\t\t\t\t\t<div class=\"elementor-column elementor-col-100 elementor-top-column elementor-element elementor-element-2e8df835\" data-id=\"2e8df835\" data-element_type=\"column\">\n\t\t\t<div class=\"elementor-widget-wrap elementor-element-populated\">\n\t\t\t\t\t\t<div class=\"elementor-element elementor-element-d50b924 elementor-position-left elementor-position-left elementor-vertical-align-top elementor-widget elementor-widget-image-box\" data-id=\"d50b924\" data-element_type=\"widget\" data-widget_type=\"image-box.default\">\n\t\t\t\t<div class=\"elementor-widget-container\">\n\t\t\t\t\t<div class=\"elementor-image-box-wrapper\"><figure class=\"elementor-image-box-img\"><img decoding=\"async\" width=\"70\" height=\"47\" src=\"https:\/\/www.filacp.org\/web26\/wp-content\/uploads\/Ecuador.png\" class=\"attachment-full size-full wp-image-412\" alt=\"\" \/><\/figure><div class=\"elementor-image-box-content\"><h3 class=\"elementor-image-box-title\">ECUADOR<\/h3><p class=\"elementor-image-box-description\">Sociedad Ecuatoriana de Cirug\u00eda Pl\u00e1stica Reconstructiva y Est\u00e9tica.<\/p><\/div><\/div>\t\t\t\t<\/div>\n\t\t\t\t<\/div>\n\t\t\t\t<div class=\"elementor-element elementor-element-2872ac68 elementor-icon-list--layout-inline elementor-align-right elementor-mobile-align-center elementor-list-item-link-full_width elementor-widget elementor-widget-icon-list\" data-id=\"2872ac68\" data-element_type=\"widget\" data-widget_type=\"icon-list.default\">\n\t\t\t\t<div class=\"elementor-widget-container\">\n\t\t\t\t\t\t\t<ul class=\"elementor-icon-list-items elementor-inline-items\">\n\t\t\t\t\t\t\t<li class=\"elementor-icon-list-item elementor-inline-item\">\n\t\t\t\t\t\t\t\t\t\t\t<a href=\"https:\/\/secpre.ec\/\" target=\"_blank\" rel=\"nofollow\">\n\n\t\t\t\t\t\t\t\t\t\t\t\t<span class=\"elementor-icon-list-icon\">\n\t\t\t\t\t\t\t<i aria-hidden=\"true\" class=\"fas fa-globe\"><\/i>\t\t\t\t\t\t<\/span>\n\t\t\t\t\t\t\t\t\t\t<span class=\"elementor-icon-list-text\">Sitio Web<\/span>\n\t\t\t\t\t\t\t\t\t\t\t<\/a>\n\t\t\t\t\t\t\t\t\t<\/li>\n\t\t\t\t\t\t\t\t<li class=\"elementor-icon-list-item elementor-inline-item\">\n\t\t\t\t\t\t\t\t\t\t\t<a href=\"mailto:contacto@secpre.ec\">\n\n\t\t\t\t\t\t\t\t\t\t\t\t<span class=\"elementor-icon-list-icon\">\n\t\t\t\t\t\t\t<i aria-hidden=\"true\" class=\"fas fa-envelope\"><\/i>\t\t\t\t\t\t<\/span>\n\t\t\t\t\t\t\t\t\t\t<span class=\"elementor-icon-list-text\">Email<\/span>\n\t\t\t\t\t\t\t\t\t\t\t<\/a>\n\t\t\t\t\t\t\t\t\t<\/li>\n\t\t\t\t\t\t\t\t<li class=\"elementor-icon-list-item elementor-inline-item\">\n\t\t\t\t\t\t\t\t\t\t\t<a href=\"https:\/\/www.filacp.org\/web26\/sociedades-miembros\/\">\n\n\t\t\t\t\t\t\t\t\t\t\t\t<span class=\"elementor-icon-list-icon\">\n\t\t\t\t\t\t\t<i aria-hidden=\"true\" class=\"fas fa-reply-all\"><\/i>\t\t\t\t\t\t<\/span>\n\t\t\t\t\t\t\t\t\t\t<span class=\"elementor-icon-list-text\">Regresar<\/span>\n\t\t\t\t\t\t\t\t\t\t\t<\/a>\n\t\t\t\t\t\t\t\t\t<\/li>\n\t\t\t\t\t\t<\/ul>\n\t\t\t\t\t\t<\/div>\n\t\t\t\t<\/div>\n\t\t\t\t\t<\/div>\n\t\t<\/div>\n\t\t\t\t\t<\/div>\n\t\t<\/section>\n\t\t\t\t<section class=\"elementor-section elementor-top-section elementor-element elementor-element-ef15f27 elementor-section-full_width elementor-section-height-default elementor-section-height-default\" data-id=\"ef15f27\" data-element_type=\"section\">\n\t\t\t\t\t\t<div class=\"elementor-container elementor-column-gap-default\">\n\t\t\t\t\t<div class=\"elementor-column elementor-col-100 elementor-top-column elementor-element elementor-element-7edd7d38\" data-id=\"7edd7d38\" data-element_type=\"column\">\n\t\t\t<div class=\"elementor-widget-wrap elementor-element-populated\">\n\t\t\t\t\t\t<div class=\"elementor-element elementor-element-72454058 elementor-widget elementor-widget-text-editor\" data-id=\"72454058\" data-element_type=\"widget\" data-widget_type=\"text-editor.default\">\n\t\t\t\t<div class=\"elementor-widget-container\">\n\t\t\t\t\t\t\t\t\t<p>ABAD MOSQUERA EDITHSON MARCELO<br \/>ACOSTA ROSERO ANA VANESSA<br \/>ACU\u00d1A ACHON ADRIAN ENRIQUE<br \/>AGUIRRE CABRERA HENRRY ALBERTO<br \/>ALCOCER CORDERO LILIA PRISCILLA<br \/>ALMEIDA BETTY JOHANNA CRISTINA<br \/>ALMEIDA VALAREZO ROBERTO ALONSO<br \/>ALTAMIRANO ARCOS CARLOS ALBERTO<br \/>ALVARADO AGUIRRE LUIS FRANCISCO<br \/>ALVAREZ COELLO EDWAR<br \/>ALVAREZ JIMENEZ VICTOR AGUSTO<br \/>ALVAREZ PESANTES RUBEN ARTURO<br \/>ASTUDILLO CARRERA CRISTIAN XAVIER<br \/>ASTUDILLO DAVALOS VICTOR FABRIZIO<br \/>BASTIDAS DELGADO LILIAN JACKELINE<br \/>BEDOYA FREIRE MARCELO ERNESTO<br \/>BITAR AUAD LUIS VICENTE<br \/>BITAR CABEZAS ROBERTO NAGIB<br \/>BLUM GILBERT DANIEL SEBASTIAN<br \/>BORJA ZAVALA JOSE FRANCISCO<br \/>BRACHO TORRES JOSE JULIO<br \/>BRAVO LOPEZ DIANA PATRICIA<br \/>BRAVO MARTINEZ DAVID ANDR\u00c8S<br \/>BRIONES IGLESIAS TOMMY JAVIER<br \/>BRIONES MALDONADO LINDA NATALY<br \/>BUCHELI EG\u00dcEZ CARLOS IGNACIO<br \/>CAICEDO ESCUDERO DANIELA MARGARITA<br \/>CANDO BURAYE PATRICIO BAGICH<br \/>CARPIO MORENO KAREN CRISTINA<br \/>CEDE\u00d1O ALAVA ANGELICA MARIA<br \/>CEDE\u00d1O VELASQUEZ LUIS ALEJANDRO<br \/>CHALEN ZAMBRANO SANDRA ANGELICA<br \/>CHARFUELAN ESPINOZA MARIA ELIANA<br \/>CISNEROS QUINTANILLA MARCELO EDUARDO<br \/>CUEVA GALARRAGA MARCELO IVAN<br \/>DAVALOS DAVALOS ANDRES ALFONSO<br \/>DAVALOS DAVALOS PABLO AGUSTIN (HIJO)<br \/>DAVALOS DAVALOS PABLO AGUSTIN (PADRE)<br \/>DELGADO QUIROZ JUAN CARLOS<br \/>DUE\u00d1AS FRANCO ROSA AMADA<br \/>DURAN JARAMILLO MARIA CARMEN<br \/>ECHEVERRIA SANCHEZ WILMER IVAN<br \/>ESCORZA PALACIOS FREDDY ALONSO<br \/>ESCUDERO CASTRO LORENA SOFIA<br \/>ESPINOZA ROMERO GALO DANIEL <br \/>ESTRELLA LEON NELSON EURO<br \/>ESTRELLA MEDINA JUAN BOLIVAR<br \/>FAJARDO MORALES PAUL FERNANDO<br \/>FAYAD VERA LUIGGI MANUEL<br \/>FELIPE ALONSO ESTELA<br \/>FRANCO ZU\u00d1IGA MARIA NARCISA<br \/>GALLEGOS TORRES PABLO DAVID<br \/>GARCIA ROMAN ADRIANA PATRICIA<br \/>GAVILANES PILCO JHON JAIRO<br \/>GONZALEZ GONZALEZ VICTOR FLORENCIO<br \/>GUALPA SOLORZANO STHEFANI SOFIA<br \/>GUAYASAMIN VILLACIS ALDO GONZALO<br \/>GUERRERO VICU\u00d1A ROMULO EDUARDO<br \/>GUEVARA AGUILERA FREDDY ORLANDO<br \/>GUEVARA VIVERO DIEGO CRISTOBAL<br \/>HIDALGO LICHTENSTERN PABLO KORCHAGUIN<br \/>HIDALGO QUISPHE CHARLES MARCELO<br \/>IDROVO ANDRADE CARLOS FABIAN <br \/>JARAMILLO MENDOZA LUIS FRANCISCO<br \/>JARAMILLO VERA PRISCILA ODERAY<br \/>JATIVA NARANJO HUGO RAFAEL<br \/>LARA TOAPANTA C\u00c9SAR FERNANDO<br \/>LATORRE GORDILLO ANDRES PATRICIO <br \/>LEBED QUEIROLO JAIME RICARDO<br \/>LEON JALON JULIO CESAR<br \/>LITUMA COBOS ENRIQUE SANTIAGO <br \/>LOAIZA ALTAMIRANO MANUEL IGNACIO<br \/>LOOR VIDAL MIGUEL ANTONIO<br \/>LOPEZ CASTILLO CARLOS ANTONIO<br \/>L\u00d3PEZ CISNEROS ERNESTO WASHINGTON<br \/>LOPEZ MENDIETA LUIS CORNELIO<br \/>LUDE\u00d1A JARAMILLO IVAN ANDRES<br \/>MALDONADO AGUILAR JOSE GUILLERMO <br \/>MANTUANO MART\u00cdNEZ KAREN JACQUELINE <br \/>MARQUEZ ZEVALLOS CARLOS EFRAIN<br \/>MART\u00cdNEZ REINOSO MARCO ANTONIO<br \/>MEJIA MICHAY JIMMY DARIO <br \/>MENDOZA ANDRADE MARIANO ALFREDO<br \/>MENDOZA VELEZ MARIA DE LOS ANGELES<br \/>MENENDEZ MOLINA NORA JASMIN<br \/>MENENDEZ ZAVALA JUAN PABLO<br \/>MIRANDA ZAVALA JORGE ALBERTO<br \/>MOLINA VINUEZA YESENIA MARIBEL<br \/>MONCAYO BADILLA LEONARDO F<br \/>MONCAYO MORENO CARLOS MARCELO<br \/>MONTALVAN RODRIGUEZ GINELDA VERONICA <br \/>MORALES MARIN FRANCISCO XAVIER <br \/>MORALES VANEGAS LEONARDO AGUSTIN<br \/>MORAN QUI\u00d1ONEZ MARESA MARINA<br \/>MORENO BARRERA KARINA FABIOLA<br \/>MORENO GONZALEZ IVO RICARDO<br \/>MORENO SALINAS RONALD GEOVANI<br \/>MOSQUERA TORRES MARCO AURELIO<br \/>MUIRRAGUI MAGGI ALDO GONZALO<br \/>NARANJO PINCAY MARTHA ELINA<br \/>NORO\u00d1A CEDE\u00d1O BYRON ANIBAL<br \/>OBANDO NAVAS JOSE LUIS<br \/>OCHOA AVILES MARCO VINICIO<br \/>O\u00d1ATE VALDIVIESO CARLOS ALBERTO <br \/>O\u00d1ATE VALDIVIESO DANIEL EDUARDO <br \/>ORDO\u00d1EZ ARISAGA DAVID SANTIAGO<br \/>ORELLANA GONZALEZ ANTONIO FABIAN<br \/>ORTEGA HEREDIA ANDRES DAMI\u00c1N <br \/>ORTEGA RAMIREZ CLAUDIO EDUARDO <br \/>ORTIZ LARCO FERNANDO ANTONIO<br \/>OZAETTA CABRERA RITA ELIZABETH<br \/>PALACIOS BELTRAN GUIDO EFREN<br \/>PALACIOS MARTINEZ JORGE HUMBERTO<br \/>PAREDES GARRIDO FRANKLIN JAVIER<br \/>PAZMI\u00d1O NARVAEZ ANDREA<br \/>PE\u00d1AFIEL LUNA YOLANDA DEL PILAR<br \/>PE\u00d1AFIEL SALAZAR DANIEL ENRIQUE<br \/>PE\u00d1ARANDA TOLOZA RUTH MERCEDES<br \/>PERALTA RODRIGUEZ PEDRO JOSE<br \/>PEREZ WALKER HERNAN PATRICIO<br \/>PESANTEZ ALVAREZ EDSON SANTIAGO<br \/>POLO BARZALLO PEDRO FERNANDO<br \/>PONCE LOPEZ HERNAN MARCELO<br \/>POSSO YEPEZ GALO PATRICIO<br \/>PRADO VALENCIA PATRICIA ELIZABETH<br \/>PUEBLA PALADINES JOSE ALBERTO<br \/>QUINTANA JEDERMANN HUGO FERNANDO<br \/>RAMIREZ SOASTI IVAN MARCELO<br \/>RAMOS GONZALEZ EDISON ESTUARDO<br \/>RECALDE LOAIZA MARIA JOSE<br \/>RENGEL MALDONADO JUAN FERNANDO<br \/>RIVADENEIRA MALDONADO ANDRES FERNANDO<br \/>ROBY CEVALLOS YNGHEBORTH DEL<br \/>RODRIGUEZ ALVARADO NELSON DANILO<br \/>ROMERO CORONEL ELIAS ANTONIO<br \/>RONQUILLO SOXO ALDO RENSO<br \/>SALAMEA AVILES JUAN JOSU\u00c8 <br \/>SALAMEA MOLINA PABLO JAVIER <br \/>SALAZAR SANCHEZ GUSTAVO HERNANDO <br \/>SALCEDO FAYTONG MONICA GISSEL<br \/>SALCEDO ORELLANA VICTOR ANTONIO<br \/>SALTOS ARCE OLENKITA MARILYN<br \/>SALTOS CATAGUA ARCADIO CELESTINO<br \/>SAMANIEGO ROJAS JUAN FERNANDO<br \/>SAMANIEGO VILLACIS GUSTAVO FERNANDO <br \/>SANDOVAL GUZMAN EDGAR MAURICIO<br \/>SANTAMARIA SALVADOR CECILIA GUADALUPE<br \/>SARANGO LAPO BRAULIO MICHAEL<br \/>SERRANO ANDRADE JORGE DAVID<br \/>SERRANO GONZALES ARMANDO JOSE<br \/>SGHEIZ SALA DIEGO<br \/>SIGUA GARCIA JORGE VICENTE<br \/>SILVA TAMAYO FERNANDO XAVIER<br \/>SILVERS ESPINOSA JUAN ENRIQUE<br \/>SILVERS GODOY JOHNY PAUL<br \/>SUAREZ RUIZ ELOISA VANESSA<br \/>TAPIA MU\u00d1OZ FRANKLIN RAUL<br \/>TERAN RIOFRIO DIEGO FERNANDO<br \/>TINOCO CAZORLA LUIS ALBERTO <br \/>TRUJILLO LINCANGO MARIA BELEN<br \/>TRUJILLO ORBE OLIMPIA RAQUEL<br \/>VALDEZ TOMALA MARIANGEL<br \/>VALLEJO TORO SERGIO <br \/>VARGAS BA\u00d1OS MARCELO JORGE<br \/>VARGAS DIAZ RICARDO ENRIQUE<br \/>VARGAS MENDEZ MARIA ISABEL <br \/>VARGAS ROQUE MARIA GABRIELA<br \/>VARGAS ROQUE MARINA ELIZABETH<br \/>VARGAS ROQUE RICARDO DIFILO<br \/>V\u00c1SQUEZ GARC\u00cdA \u00c1NGEL RODRIGO<br \/>VAZQUEZ ALBORNOZ JHONATAN <br \/>VEGA RIVERA MAYRA ALEJANDRA<br \/>VELEZ LEDESMA GIL MARCELO<br \/>VERA MOGRO MARCELO RAFAEL<br \/>VERDUGO AVALOS GALO ANDRES <br \/>VILLAVICENCIO NAVIA LEONARDO ALFREDO<br \/>VILLEGAS GRAHAM JOHN EDWARD<br \/>VIZUETA CAJO ANA YACQUELINE<br \/>YEPEZ INTRIAGO MARCELA<\/p>\t\t\t\t\t\t\t\t<\/div>\n\t\t\t\t<\/div>\n\t\t\t\t\t<\/div>\n\t\t<\/div>\n\t\t\t\t\t<\/div>\n\t\t<\/section>\n\t\t\t\t<\/div>\n\t\t","protected":false},"excerpt":{"rendered":"<p>ECUADOR Sociedad Ecuatoriana de Cirug\u00eda Pl\u00e1stica Reconstructiva y Est\u00e9tica. Sitio Web Email Regresar ABAD MOSQUERA EDITHSON MARCELOACOSTA ROSERO ANA VANESSAACU\u00d1A ACHON ADRIAN ENRIQUEAGUIRRE CABRERA HENRRY ALBERTOALCOCER CORDERO LILIA PRISCILLAALMEIDA BETTY JOHANNA CRISTINAALMEIDA VALAREZO ROBERTO ALONSOALTAMIRANO ARCOS CARLOS ALBERTOALVARADO AGUIRRE LUIS FRANCISCOALVAREZ COELLO EDWARALVAREZ JIMENEZ VICTOR AGUSTOALVAREZ PESANTES RUBEN ARTUROASTUDILLO CARRERA CRISTIAN XAVIERASTUDILLO DAVALOS VICTOR FABRIZIOBASTIDAS [&hellip;]<\/p>\n","protected":false},"author":1,"featured_media":0,"parent":0,"menu_order":0,"comment_status":"closed","ping_status":"closed","template":"","meta":{"ocean_post_layout":"","ocean_both_sidebars_style":"","ocean_both_sidebars_content_width":0,"ocean_both_sidebars_sidebars_width":0,"ocean_sidebar":"","ocean_second_sidebar":"","ocean_disable_margins":"enable","ocean_add_body_class":"","ocean_shortcode_before_top_bar":"","ocean_shortcode_after_top_bar":"","ocean_shortcode_before_header":"","ocean_shortcode_after_header":"","ocean_has_shortcode":"","ocean_shortcode_after_title":"","ocean_shortcode_before_footer_widgets":"","ocean_shortcode_after_footer_widgets":"","ocean_shortcode_before_footer_bottom":"","ocean_shortcode_after_footer_bottom":"","ocean_display_top_bar":"default","ocean_display_header":"default","ocean_header_style":"","ocean_center_header_left_menu":"","ocean_custom_header_template":"","ocean_custom_logo":0,"ocean_custom_retina_logo":0,"ocean_custom_logo_max_width":0,"ocean_custom_logo_tablet_max_width":0,"ocean_custom_logo_mobile_max_width":0,"ocean_custom_logo_max_height":0,"ocean_custom_logo_tablet_max_height":0,"ocean_custom_logo_mobile_max_height":0,"ocean_header_custom_menu":"","ocean_menu_typo_font_family":"","ocean_menu_typo_font_subset":"","ocean_menu_typo_font_size":0,"ocean_menu_typo_font_size_tablet":0,"ocean_menu_typo_font_size_mobile":0,"ocean_menu_typo_font_size_unit":"px","ocean_menu_typo_font_weight":"","ocean_menu_typo_font_weight_tablet":"","ocean_menu_typo_font_weight_mobile":"","ocean_menu_typo_transform":"","ocean_menu_typo_transform_tablet":"","ocean_menu_typo_transform_mobile":"","ocean_menu_typo_line_height":0,"ocean_menu_typo_line_height_tablet":0,"ocean_menu_typo_line_height_mobile":0,"ocean_menu_typo_line_height_unit":"","ocean_menu_typo_spacing":0,"ocean_menu_typo_spacing_tablet":0,"ocean_menu_typo_spacing_mobile":0,"ocean_menu_typo_spacing_unit":"","ocean_menu_link_color":"","ocean_menu_link_color_hover":"","ocean_menu_link_color_active":"","ocean_menu_link_background":"","ocean_menu_link_hover_background":"","ocean_menu_link_active_background":"","ocean_menu_social_links_bg":"","ocean_menu_social_hover_links_bg":"","ocean_menu_social_links_color":"","ocean_menu_social_hover_links_color":"","ocean_disable_title":"default","ocean_disable_heading":"default","ocean_post_title":"","ocean_post_subheading":"","ocean_post_title_style":"","ocean_post_title_background_color":"","ocean_post_title_background":0,"ocean_post_title_bg_image_position":"","ocean_post_title_bg_image_attachment":"","ocean_post_title_bg_image_repeat":"","ocean_post_title_bg_image_size":"","ocean_post_title_height":0,"ocean_post_title_bg_overlay":0.5,"ocean_post_title_bg_overlay_color":"","ocean_disable_breadcrumbs":"default","ocean_breadcrumbs_color":"","ocean_breadcrumbs_separator_color":"","ocean_breadcrumbs_links_color":"","ocean_breadcrumbs_links_hover_color":"","ocean_display_footer_widgets":"default","ocean_display_footer_bottom":"default","ocean_custom_footer_template":"","footnotes":""},"class_list":["post-1460","page","type-page","status-publish","hentry","entry"],"_links":{"self":[{"href":"https:\/\/www.filacp.org\/web26\/wp-json\/wp\/v2\/pages\/1460","targetHints":{"allow":["GET"]}}],"collection":[{"href":"https:\/\/www.filacp.org\/web26\/wp-json\/wp\/v2\/pages"}],"about":[{"href":"https:\/\/www.filacp.org\/web26\/wp-json\/wp\/v2\/types\/page"}],"author":[{"embeddable":true,"href":"https:\/\/www.filacp.org\/web26\/wp-json\/wp\/v2\/users\/1"}],"replies":[{"embeddable":true,"href":"https:\/\/www.filacp.org\/web26\/wp-json\/wp\/v2\/comments?post=1460"}],"version-history":[{"count":0,"href":"https:\/\/www.filacp.org\/web26\/wp-json\/wp\/v2\/pages\/1460\/revisions"}],"wp:attachment":[{"href":"https:\/\/www.filacp.org\/web26\/wp-json\/wp\/v2\/media?parent=1460"}],"curies":[{"name":"wp","href":"https:\/\/api.w.org\/{rel}","templated":true}]}}