{"id":1456,"date":"2016-09-05T22:38:26","date_gmt":"2016-09-06T01:38:26","guid":{"rendered":"http:\/\/www.filacp.org\/?page_id=1456"},"modified":"2026-03-07T15:33:54","modified_gmt":"2026-03-07T18:33:54","slug":"miembros-cuba","status":"publish","type":"page","link":"https:\/\/www.filacp.org\/web26\/miembros-cuba\/","title":{"rendered":"Miembros Cuba"},"content":{"rendered":"\t\t<div data-elementor-type=\"wp-page\" data-elementor-id=\"1456\" class=\"elementor elementor-1456\">\n\t\t\t\t\t\t<section class=\"elementor-section elementor-top-section elementor-element elementor-element-517139c8 elementor-section-full_width elementor-section-height-min-height elementor-section-items-stretch elementor-section-height-default\" data-id=\"517139c8\" data-element_type=\"section\" data-settings=\"{&quot;background_background&quot;:&quot;classic&quot;}\">\n\t\t\t\t\t\t<div class=\"elementor-container elementor-column-gap-default\">\n\t\t\t\t\t<div class=\"elementor-column elementor-col-100 elementor-top-column elementor-element elementor-element-5aac3b91\" data-id=\"5aac3b91\" data-element_type=\"column\">\n\t\t\t<div class=\"elementor-widget-wrap elementor-element-populated\">\n\t\t\t\t\t\t<div class=\"elementor-element elementor-element-5e51833 elementor-position-left elementor-position-left elementor-vertical-align-top elementor-widget elementor-widget-image-box\" data-id=\"5e51833\" data-element_type=\"widget\" data-widget_type=\"image-box.default\">\n\t\t\t\t<div class=\"elementor-widget-container\">\n\t\t\t\t\t<div class=\"elementor-image-box-wrapper\"><figure class=\"elementor-image-box-img\"><img decoding=\"async\" width=\"70\" height=\"47\" src=\"https:\/\/www.filacp.org\/web26\/wp-content\/uploads\/Cuba.png\" class=\"attachment-full size-full wp-image-466\" alt=\"\" \/><\/figure><div class=\"elementor-image-box-content\"><h3 class=\"elementor-image-box-title\">CUBA<\/h3><p class=\"elementor-image-box-description\">Sociedad Cubana de Cirug\u00eda Pl\u00e1stica y Caumatolog\u00eda.<\/p><\/div><\/div>\t\t\t\t<\/div>\n\t\t\t\t<\/div>\n\t\t\t\t<div class=\"elementor-element elementor-element-26b60346 elementor-icon-list--layout-inline elementor-align-right elementor-mobile-align-center elementor-list-item-link-full_width elementor-widget elementor-widget-icon-list\" data-id=\"26b60346\" data-element_type=\"widget\" data-widget_type=\"icon-list.default\">\n\t\t\t\t<div class=\"elementor-widget-container\">\n\t\t\t\t\t\t\t<ul class=\"elementor-icon-list-items elementor-inline-items\">\n\t\t\t\t\t\t\t<li class=\"elementor-icon-list-item elementor-inline-item\">\n\t\t\t\t\t\t\t\t\t\t\t<a href=\"https:\/\/especialidades.sld.cu\/cirugiaplastica\/\" target=\"_blank\" rel=\"nofollow\">\n\n\t\t\t\t\t\t\t\t\t\t\t\t<span class=\"elementor-icon-list-icon\">\n\t\t\t\t\t\t\t<i aria-hidden=\"true\" class=\"fas fa-globe\"><\/i>\t\t\t\t\t\t<\/span>\n\t\t\t\t\t\t\t\t\t\t<span class=\"elementor-icon-list-text\">Sitio Web<\/span>\n\t\t\t\t\t\t\t\t\t\t\t<\/a>\n\t\t\t\t\t\t\t\t\t<\/li>\n\t\t\t\t\t\t\t\t<li class=\"elementor-icon-list-item elementor-inline-item\">\n\t\t\t\t\t\t\t\t\t\t\t<a href=\"https:\/\/especialidades.sld.cu\/cirugiaplastica\/contacto\/\" target=\"_blank\" rel=\"nofollow\">\n\n\t\t\t\t\t\t\t\t\t\t\t\t<span class=\"elementor-icon-list-icon\">\n\t\t\t\t\t\t\t<i aria-hidden=\"true\" class=\"fas fa-envelope\"><\/i>\t\t\t\t\t\t<\/span>\n\t\t\t\t\t\t\t\t\t\t<span class=\"elementor-icon-list-text\">Email<\/span>\n\t\t\t\t\t\t\t\t\t\t\t<\/a>\n\t\t\t\t\t\t\t\t\t<\/li>\n\t\t\t\t\t\t\t\t<li class=\"elementor-icon-list-item elementor-inline-item\">\n\t\t\t\t\t\t\t\t\t\t\t<a href=\"https:\/\/www.filacp.org\/web26\/sociedades-miembros\/\">\n\n\t\t\t\t\t\t\t\t\t\t\t\t<span class=\"elementor-icon-list-icon\">\n\t\t\t\t\t\t\t<i aria-hidden=\"true\" class=\"fas fa-reply-all\"><\/i>\t\t\t\t\t\t<\/span>\n\t\t\t\t\t\t\t\t\t\t<span class=\"elementor-icon-list-text\">Regresar<\/span>\n\t\t\t\t\t\t\t\t\t\t\t<\/a>\n\t\t\t\t\t\t\t\t\t<\/li>\n\t\t\t\t\t\t<\/ul>\n\t\t\t\t\t\t<\/div>\n\t\t\t\t<\/div>\n\t\t\t\t\t<\/div>\n\t\t<\/div>\n\t\t\t\t\t<\/div>\n\t\t<\/section>\n\t\t\t\t<section class=\"elementor-section elementor-top-section elementor-element elementor-element-45030ca4 elementor-section-full_width elementor-section-height-default elementor-section-height-default\" data-id=\"45030ca4\" data-element_type=\"section\">\n\t\t\t\t\t\t<div class=\"elementor-container elementor-column-gap-default\">\n\t\t\t\t\t<div class=\"elementor-column elementor-col-100 elementor-top-column elementor-element elementor-element-546faae7\" data-id=\"546faae7\" data-element_type=\"column\">\n\t\t\t<div class=\"elementor-widget-wrap elementor-element-populated\">\n\t\t\t\t\t\t<div class=\"elementor-element elementor-element-f7b0f05 elementor-widget elementor-widget-text-editor\" data-id=\"f7b0f05\" data-element_type=\"widget\" data-widget_type=\"text-editor.default\">\n\t\t\t\t<div class=\"elementor-widget-container\">\n\t\t\t\t\t\t\t\t\t<p>ABRAHAN BEATO CANFUX<br \/>ALICIA TAMAYO CARBON<br \/>ARAMIS ESTEVES APARICIO<br \/>ARIEL REN\u00c9 CASTELLANO PRADA<br \/>ARMANDO SANCHEZ LEAL<br \/>DANIEL RODOLFO NORIEGA RODRIGUEZ<br \/>ERIK ANDR\u00c9S RODR\u00ccGUEZ MARTIN<br \/>FERNANDO GARC\u00cdA BRITO<br \/>GEORGEANA CHIRINO RODRIGUEZ<br \/>IONEXI LA ROSA VALD\u00c8S<br \/>JENNY TERESA SERA GARCIA<br \/>JESUS BURGU\u00c9 CEDE\u00d1O<br \/>JUAN CARLOS MU\u00d1IS VIGUERAS<br \/>JULIAN MORALES SANABRIA<br \/>JULIO G\u00c1LVEZ CH\u00c1VEZ CESAR<br \/>LUZ MARINA MIQUET ROMERO<br \/>MARIA DEI CARMEN FRANCO<br \/>MARIO LOZADA CHINEA<br \/>OLIVER ALAIN DIEPPA RAMIREZ<br \/>ORESTES SUAREZ MORALES<br \/>PAVEL REYES RODR\u00cdGUEZ<br \/>RAFAEL RODR\u00cdGUEZ GARCELL<br \/>RAQUEL IDOLIRIS PUEBLAS BL\u00c8S<br \/>RILDER ACOSTA VAILLANT<br \/>SORAYA IZAGUIRRE HERNANDEZ<br \/>TATIANA HERNANDEZ GONZALEZ<br \/>YOSVANI REYNALDO REYES OCHOA<\/p>\t\t\t\t\t\t\t\t<\/div>\n\t\t\t\t<\/div>\n\t\t\t\t\t<\/div>\n\t\t<\/div>\n\t\t\t\t\t<\/div>\n\t\t<\/section>\n\t\t\t\t<\/div>\n\t\t","protected":false},"excerpt":{"rendered":"<p>CUBA Sociedad Cubana de Cirug\u00eda Pl\u00e1stica y Caumatolog\u00eda. Sitio Web Email Regresar ABRAHAN BEATO CANFUXALICIA TAMAYO CARBONARAMIS ESTEVES APARICIOARIEL REN\u00c9 CASTELLANO PRADAARMANDO SANCHEZ LEALDANIEL RODOLFO NORIEGA RODRIGUEZERIK ANDR\u00c9S RODR\u00ccGUEZ MARTINFERNANDO GARC\u00cdA BRITOGEORGEANA CHIRINO RODRIGUEZIONEXI LA ROSA VALD\u00c8SJENNY TERESA SERA GARCIAJESUS BURGU\u00c9 CEDE\u00d1OJUAN CARLOS MU\u00d1IS VIGUERASJULIAN MORALES SANABRIAJULIO G\u00c1LVEZ CH\u00c1VEZ CESARLUZ MARINA MIQUET ROMEROMARIA DEI CARMEN [&hellip;]<\/p>\n","protected":false},"author":1,"featured_media":0,"parent":0,"menu_order":0,"comment_status":"closed","ping_status":"closed","template":"","meta":{"ocean_post_layout":"","ocean_both_sidebars_style":"","ocean_both_sidebars_content_width":0,"ocean_both_sidebars_sidebars_width":0,"ocean_sidebar":"0","ocean_second_sidebar":"0","ocean_disable_margins":"enable","ocean_add_body_class":"","ocean_shortcode_before_top_bar":"","ocean_shortcode_after_top_bar":"","ocean_shortcode_before_header":"","ocean_shortcode_after_header":"","ocean_has_shortcode":"","ocean_shortcode_after_title":"","ocean_shortcode_before_footer_widgets":"","ocean_shortcode_after_footer_widgets":"","ocean_shortcode_before_footer_bottom":"","ocean_shortcode_after_footer_bottom":"","ocean_display_top_bar":"default","ocean_display_header":"default","ocean_header_style":"","ocean_center_header_left_menu":"0","ocean_custom_header_template":"0","ocean_custom_logo":0,"ocean_custom_retina_logo":0,"ocean_custom_logo_max_width":0,"ocean_custom_logo_tablet_max_width":0,"ocean_custom_logo_mobile_max_width":0,"ocean_custom_logo_max_height":0,"ocean_custom_logo_tablet_max_height":0,"ocean_custom_logo_mobile_max_height":0,"ocean_header_custom_menu":"0","ocean_menu_typo_font_family":"0","ocean_menu_typo_font_subset":"","ocean_menu_typo_font_size":0,"ocean_menu_typo_font_size_tablet":0,"ocean_menu_typo_font_size_mobile":0,"ocean_menu_typo_font_size_unit":"px","ocean_menu_typo_font_weight":"","ocean_menu_typo_font_weight_tablet":"","ocean_menu_typo_font_weight_mobile":"","ocean_menu_typo_transform":"","ocean_menu_typo_transform_tablet":"","ocean_menu_typo_transform_mobile":"","ocean_menu_typo_line_height":0,"ocean_menu_typo_line_height_tablet":0,"ocean_menu_typo_line_height_mobile":0,"ocean_menu_typo_line_height_unit":"","ocean_menu_typo_spacing":0,"ocean_menu_typo_spacing_tablet":0,"ocean_menu_typo_spacing_mobile":0,"ocean_menu_typo_spacing_unit":"","ocean_menu_link_color":"","ocean_menu_link_color_hover":"","ocean_menu_link_color_active":"","ocean_menu_link_background":"","ocean_menu_link_hover_background":"","ocean_menu_link_active_background":"","ocean_menu_social_links_bg":"","ocean_menu_social_hover_links_bg":"","ocean_menu_social_links_color":"","ocean_menu_social_hover_links_color":"","ocean_disable_title":"default","ocean_disable_heading":"default","ocean_post_title":"","ocean_post_subheading":"","ocean_post_title_style":"","ocean_post_title_background_color":"","ocean_post_title_background":0,"ocean_post_title_bg_image_position":"","ocean_post_title_bg_image_attachment":"","ocean_post_title_bg_image_repeat":"","ocean_post_title_bg_image_size":"","ocean_post_title_height":0,"ocean_post_title_bg_overlay":0.5,"ocean_post_title_bg_overlay_color":"","ocean_disable_breadcrumbs":"default","ocean_breadcrumbs_color":"","ocean_breadcrumbs_separator_color":"","ocean_breadcrumbs_links_color":"","ocean_breadcrumbs_links_hover_color":"","ocean_display_footer_widgets":"default","ocean_display_footer_bottom":"default","ocean_custom_footer_template":"0","footnotes":""},"class_list":["post-1456","page","type-page","status-publish","hentry","entry"],"_links":{"self":[{"href":"https:\/\/www.filacp.org\/web26\/wp-json\/wp\/v2\/pages\/1456","targetHints":{"allow":["GET"]}}],"collection":[{"href":"https:\/\/www.filacp.org\/web26\/wp-json\/wp\/v2\/pages"}],"about":[{"href":"https:\/\/www.filacp.org\/web26\/wp-json\/wp\/v2\/types\/page"}],"author":[{"embeddable":true,"href":"https:\/\/www.filacp.org\/web26\/wp-json\/wp\/v2\/users\/1"}],"replies":[{"embeddable":true,"href":"https:\/\/www.filacp.org\/web26\/wp-json\/wp\/v2\/comments?post=1456"}],"version-history":[{"count":0,"href":"https:\/\/www.filacp.org\/web26\/wp-json\/wp\/v2\/pages\/1456\/revisions"}],"wp:attachment":[{"href":"https:\/\/www.filacp.org\/web26\/wp-json\/wp\/v2\/media?parent=1456"}],"curies":[{"name":"wp","href":"https:\/\/api.w.org\/{rel}","templated":true}]}}