{"id":1493,"date":"2016-09-06T00:04:31","date_gmt":"2016-09-06T03:04:31","guid":{"rendered":"http:\/\/www.filacp.org\/?page_id=1493"},"modified":"2025-12-26T23:02:17","modified_gmt":"2025-12-27T02:02:17","slug":"miembros-venezuela","status":"publish","type":"page","link":"https:\/\/www.filacp.org\/web\/miembros-venezuela\/","title":{"rendered":"Miembros Venezuela"},"content":{"rendered":"\t\t<div data-elementor-type=\"wp-page\" data-elementor-id=\"1493\" class=\"elementor elementor-1493\">\n\t\t\t\t\t\t<section class=\"elementor-section elementor-top-section elementor-element elementor-element-52e9e488 elementor-section-full_width elementor-section-height-default elementor-section-height-default\" data-id=\"52e9e488\" data-element_type=\"section\">\n\t\t\t\t\t\t<div class=\"elementor-container elementor-column-gap-narrow\">\n\t\t\t\t\t<div class=\"elementor-column elementor-col-66 elementor-top-column elementor-element elementor-element-65ff330\" data-id=\"65ff330\" data-element_type=\"column\">\n\t\t\t<div class=\"elementor-widget-wrap elementor-element-populated\">\n\t\t\t\t\t\t<div class=\"elementor-element elementor-element-48f544b0 elementor-position-left elementor-vertical-align-middle elementor-widget elementor-widget-image-box\" data-id=\"48f544b0\" data-element_type=\"widget\" data-widget_type=\"image-box.default\">\n\t\t\t\t<div class=\"elementor-widget-container\">\n\t\t\t\t\t<div class=\"elementor-image-box-wrapper\"><figure class=\"elementor-image-box-img\"><img decoding=\"async\" width=\"70\" height=\"47\" src=\"https:\/\/www.filacp.org\/web\/wp-content\/uploads\/Venezuela.png\" class=\"attachment-full size-full wp-image-461\" alt=\"\" \/><\/figure><div class=\"elementor-image-box-content\"><h3 class=\"elementor-image-box-title\">Sociedad Venezolana de Cirug\u00eda Pl\u00e1stica, Reconstructiva, Est\u00e9tica y Maxilofacial<\/h3><\/div><\/div>\t\t\t\t<\/div>\n\t\t\t\t<\/div>\n\t\t\t\t\t<\/div>\n\t\t<\/div>\n\t\t\t\t<div class=\"elementor-column elementor-col-33 elementor-top-column elementor-element elementor-element-5d345ce7\" data-id=\"5d345ce7\" data-element_type=\"column\">\n\t\t\t<div class=\"elementor-widget-wrap elementor-element-populated\">\n\t\t\t\t\t\t<div class=\"elementor-element elementor-element-78103489 elementor-align-justify elementor-widget elementor-widget-button\" data-id=\"78103489\" data-element_type=\"widget\" data-widget_type=\"button.default\">\n\t\t\t\t<div class=\"elementor-widget-container\">\n\t\t\t\t\t\t\t\t\t<div class=\"elementor-button-wrapper\">\n\t\t\t\t\t<a class=\"elementor-button elementor-button-link elementor-size-xs elementor-animation-push\" href=\"https:\/\/sociedadvenezolanacirugiaplastica.org\/\" target=\"_blank\">\n\t\t\t\t\t\t<span class=\"elementor-button-content-wrapper\">\n\t\t\t\t\t\t\t\t\t<span class=\"elementor-button-text\">Sitio Web de la<br>Sociedad Miembro<\/span>\n\t\t\t\t\t<\/span>\n\t\t\t\t\t<\/a>\n\t\t\t\t<\/div>\n\t\t\t\t\t\t\t\t<\/div>\n\t\t\t\t<\/div>\n\t\t\t\t<div class=\"elementor-element elementor-element-7fd0b48 elementor-widget elementor-widget-heading\" data-id=\"7fd0b48\" data-element_type=\"widget\" data-widget_type=\"heading.default\">\n\t\t\t\t<div class=\"elementor-widget-container\">\n\t\t\t\t\t<h2 class=\"elementor-heading-title elementor-size-default\"><a href=\"history.back()\"> Volver Atr\u00e1s<\/a><\/h2>\t\t\t\t<\/div>\n\t\t\t\t<\/div>\n\t\t\t\t\t<\/div>\n\t\t<\/div>\n\t\t\t\t\t<\/div>\n\t\t<\/section>\n\t\t\t\t<section class=\"elementor-section elementor-top-section elementor-element elementor-element-5a5a586b elementor-section-boxed elementor-section-height-default elementor-section-height-default\" data-id=\"5a5a586b\" data-element_type=\"section\">\n\t\t\t\t\t\t<div class=\"elementor-container elementor-column-gap-default\">\n\t\t\t\t\t<div class=\"elementor-column elementor-col-100 elementor-top-column elementor-element elementor-element-625300f8\" data-id=\"625300f8\" data-element_type=\"column\">\n\t\t\t<div class=\"elementor-widget-wrap elementor-element-populated\">\n\t\t\t\t\t\t<div class=\"elementor-element elementor-element-41c9147f elementor-widget-divider--view-line elementor-widget elementor-widget-divider\" data-id=\"41c9147f\" data-element_type=\"widget\" data-widget_type=\"divider.default\">\n\t\t\t\t<div class=\"elementor-widget-container\">\n\t\t\t\t\t\t\t<div class=\"elementor-divider\">\n\t\t\t<span class=\"elementor-divider-separator\">\n\t\t\t\t\t\t<\/span>\n\t\t<\/div>\n\t\t\t\t\t\t<\/div>\n\t\t\t\t<\/div>\n\t\t\t\t\t<\/div>\n\t\t<\/div>\n\t\t\t\t\t<\/div>\n\t\t<\/section>\n\t\t\t\t<section class=\"elementor-section elementor-top-section elementor-element elementor-element-7846af73 elementor-section-boxed elementor-section-height-default elementor-section-height-default\" data-id=\"7846af73\" data-element_type=\"section\">\n\t\t\t\t\t\t<div class=\"elementor-container elementor-column-gap-default\">\n\t\t\t\t\t<div class=\"elementor-column elementor-col-100 elementor-top-column elementor-element elementor-element-7bb9b5b\" data-id=\"7bb9b5b\" data-element_type=\"column\">\n\t\t\t<div class=\"elementor-widget-wrap elementor-element-populated\">\n\t\t\t\t\t\t<div class=\"elementor-element elementor-element-4c10cb57 elementor-widget elementor-widget-heading\" data-id=\"4c10cb57\" data-element_type=\"widget\" data-widget_type=\"heading.default\">\n\t\t\t\t<div class=\"elementor-widget-container\">\n\t\t\t\t\t<h2 class=\"elementor-heading-title elementor-size-default\">Listado de Miembros<\/h2>\t\t\t\t<\/div>\n\t\t\t\t<\/div>\n\t\t\t\t<div class=\"elementor-element elementor-element-6b09ad3a elementor-widget elementor-widget-text-editor\" data-id=\"6b09ad3a\" data-element_type=\"widget\" data-widget_type=\"text-editor.default\">\n\t\t\t\t<div class=\"elementor-widget-container\">\n\t\t\t\t\t\t\t\t\t<p>ABREU CHOPITE CARMEN CECILIA<br \/>ACOSTA DE SU\u00c1REZ N\u00c1YADE<br \/>ALCAYAGA ABARCA ANG\u00c9LICA MAR\u00cdA<br \/>ALFONZO JOS\u00c9 VI\u00d1A ATUESTA<br \/>ANDARA DUR\u00c1N YSAURA S. <br \/>ANTONIETTA PACIA SANTANIELLO<br \/>ARCIA MENDOZA ZORANJE ADRIANA<br \/>ARROYO ESCOBAR ANA MARILUZ<br \/>BALZA BUSTAMANTE GRESLY ANDREINA<br \/>BARRAGAN BRAVO JESSICA CAROLINA<br \/>BARRETO SERVENT HEBERT DAVID<br \/>BARRIOS HERN\u00c1NDEZ WUENDYS MARYBELL<br \/>BAUTISTA PE\u00d1A EYDIS MARGARITA<br \/>BELANDRIA RODRIGUEZ FRANCY GRISOLETH<br \/>BETANCOURT CARPIO MARIA ELENA<br \/>BEYLOUNE LOPEZ GEORGE<br \/>BRUZUAL ORTIZ BEVERLY JACKELINE<br \/>CABELLO BUSCEMA GINA GABRIELA<br \/>CAICEDO CIANCI JUAN MANUEL<br \/>C\u00c1RDENAS VARGAS SUSANA CAROLINA<br \/>CASTELLANOS MORENO YELITZA MARIOLI<br \/>CASTILLO DELIMAR DE JES\u00daS<br \/>CAVALIERI VALENTINA M<br \/>CEDE\u00d1O LAMUS NIURKA ESTELA<br \/>CELIS VELEZ JULIETH PATRICIA<br \/>CEMBORAIN MARISELA<br \/>CENTENO MENA JORGE LUIS<br \/>CHAFFARDETT THEIS MARIA AUXILIADORA<br \/>CHIRIVELLA L. OXMERARI J.<br \/>CHOW LEE GLADYS <br \/>COLOMBO CLAUDIO <br \/>CONTRERAS CRUZ ALICIA<br \/>CONTRERAS FIGUERA JUAN SILVESTRE<br \/>COUTSOGIANNIS PAPAGIANNIS ATHANACIO<br \/>DALLOS DE GARRIDO MAGALY<br \/>DAVID ROJAS MAR\u00cdA CAROLINA<br \/>D\u00c1VILA MARCANO OLIKA BEATRIZ<br \/>D\u00c1VILA VERA RENATO ALFONSO<br \/>DE ALMEIDA C. CORALIA M.<br \/>DE MACEDO CASTRO ISAAC DANIEL <br \/>DEMPERE BALLESTEROS MIGUEL JOS\u00c9<br \/>DIAZ CORDONES CARLOS ALFREDO<br \/>DOMINGUEZ DOMINGUEZ LUELY ALESSANDRA<br \/>DUGARTE FLORES CINDY ZORANNIE<br \/>EDWARD MART\u00cdNEZ AGNEDYS DEL VALLE<br \/>FEO MENDOZA MARITZA JOSEFINA<br \/>FERM\u00cdN MAR\u00cdA ROSARIO<br \/>FERN\u00c1NDES ANDRADE JUAN SERGIO<br \/>FREITEZ MAR\u00cdA AUXILIADORA<br \/>FUENTES JUAN CARLOS<br \/>GALENO AULAR LIDISAY PASTORA <br \/>GALINDO ECHEAND\u00cdA ROGER<br \/>GARCIA MIRIAM <br \/>GARCIA ALBORNOZ JES\u00daS ORANGEL<br \/>GHATTAS NEGE TOUFIC<br \/>GIL MART\u00cdNEZ LUISA ELENA<br \/>GIL MASROUA BERNARDETTE GUADALUPE<br \/>GIULIANO D\u2019ANGELO SEBASTIAN<br \/>GODOY BRICE\u00d1O ELIANA YULIETH <br \/>GOITIA ALONZI LEIPZIG SIREIZBE<br \/>GONZ\u00c1LEZ FIGUEROA RAFAEL J.<br \/>GONZALEZ H. OTTO J.<br \/>GONZ\u00c1LEZ ROMERO THA\u00cdS CAROLINA<br \/>GORDON PARRA MANUEL VICENTE<br \/>GUILLEN PEREZ ADRIANA VIRGINIA<br \/>GUTI\u00c9RREZ MOLINA ALEJANDRA S.<br \/>GUZMAN DUARTE PAOLA VALENTINA<br \/>HAWI FTOUNI HOUSSEIN<br \/>HERRERA GARRIDO NELSON JOS\u00c9<br \/>HERRERA ORTEGA LILIAN<br \/>HINOJOSA MORALES MARIANGEL<br \/>HUERTA SANGRONIS DAROLD ALBERTO<br \/>INFANTE N\u00da\u00d1EZ FRANCISCO JAVIER<br \/>KAAKEDJIAN GARBIS<br \/>LEAL JEREZ MARIALIN JOSEFINA<br \/>LOZADA URBANI JES\u00daS ARMANDO<br \/>MAKAREM LAREZ ANA ROSALINDA<br \/>MARCANO VLADIMIR<br \/>MARCANO DALIS INGRID DEL VALLE<br \/>MAR\u00cdN QUEIPO RAMON GERARDO<br \/>MART\u00cdNEZ ARDILA JOS\u00c9 LUIS<br \/>MARUM MARLENE<br \/>MATA BARRETO GERARDO GABRIEL<br \/>MAZLOUM P\u00c9REZ MAR\u00cdA AUXILIADORA<br \/>MEDINA HERN\u00c1NDEZ JOS\u00c9 RAFAEL<br \/>MEL\u00c9NDEZ SILVA ROSA BERLINDA<br \/>M\u00c9NDEZ T. FREDDY<br \/>MOLINA MARCELA<br \/>MONTA\u00d1A JENNIFER VIVIANA<br \/>MORALES SANCHEZ ANA KATIUSKA<br \/>MORENO PINEDA CARLOS L.<br \/>NARV\u00c1EZ R. DOUGLAS<br \/>NAVARRO VALBUENA YOSIM\u00c9 DEL C.<br \/>NAVAS GUTIERREZ ALEJANDRA KARINA<br \/>OCANDO BOSC\u00c1N ANDR\u00c9S ENRIQUE <br \/>OLIVARES YASSER JAVIER<br \/>ORELLANA MARRUFO CAROLINA<br \/>OVIEDO FRANKLIN <br \/>PALACIOS CALIXTO MAR\u00cdA ALEJANDRA <br \/>PEREIRA DOS REIS LUIS ALBERTO<br \/>P\u00c9REZ PARRA RUB\u00c9N DARIO<br \/>P\u00c9REZ S\u00c1NCHEZ YAMILET JOSEFINA<br \/>PINTO OLIVEIRA HEIRO DANIEL<br \/>PLAGLIOCCA FLORES GABRIELA STEFANIA<br \/>PRADO ENCINOZA DANIEL EDUARDO<br \/>QUINTERO LARROVERE MILAGRO CAROLINA<br \/>QUI\u00d1ONEZ SARMIENTO H\u00c9CTOR EDUARDO<br \/>RAM\u00cdREZ CHAC\u00d3N MARITZA JACKELINE <br \/>RAMIREZ COLMENAREZ ANAIS MARLENE<br \/>RAM\u00cdREZ ROMERO EMY ANDREINA<br \/>RANALLI CAMACHO DANIELA DE LAS NIEVES<br \/>RINC\u00d3N LINDA LORENA<br \/>RINC\u00d3N NILYAN B.<br \/>RIVAS JAIMES JOHANA CAROLINA<br \/>RIVERO VERA TE\u00d3DULO A<br \/>RIVEROS ALTERBO JUAN CHRISTIAN<br \/>RODR\u00cdGUEZ LOBO MARIANA<br \/>RODRIGUEZ RAMIREZ DANY ERIXON<br \/>RODR\u00cdGUEZ RODR\u00cdGUEZ DI\u00d3GENES<br \/>RODR\u00cdGUEZ ROJAS CARLOS EDUARDO <br \/>ROJAS MATUTE GABRIELA<br \/>ROMERO RAMOS ALBA GABRIELA<br \/>ROSALES DONIS JOS\u00c9 ALBERTO<br \/>RUIZ ROSIRYS<br \/>SAAB MARWAN<br \/>SALAZAR S. GUSTAVO A.<br \/>S\u00c1NCHEZ MEZA MARIBEL CAROLINA<br \/>S\u00c1NCHEZ ROJAS N\u00c9STOR ORLANDO<br \/>S\u00c1NCHEZ SILVA BIANCA EVANGHELY<br \/>SANDOVAL URSULA<br \/>SANJUANELO HERN\u00c1NDEZ JORGE RAFAEL<br \/>SANTANA GARC\u00cdA ERIKA<br \/>SAUD OTAHOLA ANA KARINA<br \/>SEGOVIA RODIZ ISMAEL EDUARDO<br \/>SERRANO PE\u00d1A SAIRVI IAJARI<br \/>SOCORRO BEATRIZ<br \/>SOL\u00d3RZANO PARRA NATALIA CAROLINA<br \/>SOTO GIOSDANELLI VANESSA NATHALY<br \/>SOTO MONTENEGRO ANDR\u00c9S ELOY<br \/>SU\u00c1REZ AZ\u00d3CAR ARMANDO JOS\u00c9<br \/>SULEIMAN AL ESPER MIKAYEL NASIF<br \/>TORO PARILLI GERARDO ALEXANDER<br \/>TORREALBA GUZM\u00c1N ANA MERCEDES<br \/>TORREALBA PACHECO FRANCISCO JOS\u00c9<br \/>TORREALBA V\u00c1SQUEZ MAR\u00cdA PATRICIA<br \/>TORRES C\u00c0CERES REICH ERASMO<br \/>TRISTANO CATIGLIONI SANDRA T.<br \/>URRIETA CHACIN MARY CARMEN <br \/>USECHE MUJICA MIGUELANGEL<br \/>VALECILLO HURTADO RAFAEL ANTONIO<br \/>VEGA CH\u00c1VEZ LUCY <br \/>VELASQUEZ RODRIGUEZ JOS\u00c9 RAM\u00d3N<br \/>VILLANUEVA LOPEZ CARLOS JAVIER <br \/>VILLARMOSA LE\u00d3N ATTILIO JAVIER<br \/>VIVAS ALVAREZ CARLOS LUIS<br \/>VLADILO POLJANSKAYA VANI<br \/>ZAMBRANO MAR\u00cdA EUGENIA<br \/>ZAMBRANO CHACON ROSA ELENA<br \/>ZAMBRANO VIVAS MARYSABEL<br \/>ZAMBRANO Z. NANCY JAKELINE<br \/>ZAMORA VALOR IRMA<\/p>\t\t\t\t\t\t\t\t<\/div>\n\t\t\t\t<\/div>\n\t\t\t\t\t<\/div>\n\t\t<\/div>\n\t\t\t\t\t<\/div>\n\t\t<\/section>\n\t\t\t\t<\/div>\n\t\t","protected":false},"excerpt":{"rendered":"<p>Sociedad Venezolana de Cirug\u00eda Pl\u00e1stica, Reconstructiva, Est\u00e9tica y Maxilofacial Sitio Web de laSociedad Miembro Volver Atr\u00e1s Listado de Miembros ABREU CHOPITE CARMEN CECILIAACOSTA DE SU\u00c1REZ N\u00c1YADEALCAYAGA ABARCA ANG\u00c9LICA MAR\u00cdAALFONZO JOS\u00c9 VI\u00d1A ATUESTAANDARA DUR\u00c1N YSAURA S. ANTONIETTA PACIA SANTANIELLOARCIA MENDOZA ZORANJE ADRIANAARROYO ESCOBAR ANA MARILUZBALZA BUSTAMANTE GRESLY ANDREINABARRAGAN BRAVO JESSICA CAROLINABARRETO SERVENT HEBERT DAVIDBARRIOS HERN\u00c1NDEZ WUENDYS [&hellip;]<\/p>\n","protected":false},"author":1,"featured_media":0,"parent":0,"menu_order":0,"comment_status":"closed","ping_status":"closed","template":"","meta":{"ocean_post_layout":"","ocean_both_sidebars_style":"","ocean_both_sidebars_content_width":0,"ocean_both_sidebars_sidebars_width":0,"ocean_sidebar":"","ocean_second_sidebar":"","ocean_disable_margins":"enable","ocean_add_body_class":"","ocean_shortcode_before_top_bar":"","ocean_shortcode_after_top_bar":"","ocean_shortcode_before_header":"","ocean_shortcode_after_header":"","ocean_has_shortcode":"","ocean_shortcode_after_title":"","ocean_shortcode_before_footer_widgets":"","ocean_shortcode_after_footer_widgets":"","ocean_shortcode_before_footer_bottom":"","ocean_shortcode_after_footer_bottom":"","ocean_display_top_bar":"default","ocean_display_header":"default","ocean_header_style":"","ocean_center_header_left_menu":"","ocean_custom_header_template":"","ocean_custom_logo":0,"ocean_custom_retina_logo":0,"ocean_custom_logo_max_width":0,"ocean_custom_logo_tablet_max_width":0,"ocean_custom_logo_mobile_max_width":0,"ocean_custom_logo_max_height":0,"ocean_custom_logo_tablet_max_height":0,"ocean_custom_logo_mobile_max_height":0,"ocean_header_custom_menu":"","ocean_menu_typo_font_family":"","ocean_menu_typo_font_subset":"","ocean_menu_typo_font_size":0,"ocean_menu_typo_font_size_tablet":0,"ocean_menu_typo_font_size_mobile":0,"ocean_menu_typo_font_size_unit":"px","ocean_menu_typo_font_weight":"","ocean_menu_typo_font_weight_tablet":"","ocean_menu_typo_font_weight_mobile":"","ocean_menu_typo_transform":"","ocean_menu_typo_transform_tablet":"","ocean_menu_typo_transform_mobile":"","ocean_menu_typo_line_height":0,"ocean_menu_typo_line_height_tablet":0,"ocean_menu_typo_line_height_mobile":0,"ocean_menu_typo_line_height_unit":"","ocean_menu_typo_spacing":0,"ocean_menu_typo_spacing_tablet":0,"ocean_menu_typo_spacing_mobile":0,"ocean_menu_typo_spacing_unit":"","ocean_menu_link_color":"","ocean_menu_link_color_hover":"","ocean_menu_link_color_active":"","ocean_menu_link_background":"","ocean_menu_link_hover_background":"","ocean_menu_link_active_background":"","ocean_menu_social_links_bg":"","ocean_menu_social_hover_links_bg":"","ocean_menu_social_links_color":"","ocean_menu_social_hover_links_color":"","ocean_disable_title":"default","ocean_disable_heading":"default","ocean_post_title":"","ocean_post_subheading":"","ocean_post_title_style":"","ocean_post_title_background_color":"","ocean_post_title_background":0,"ocean_post_title_bg_image_position":"","ocean_post_title_bg_image_attachment":"","ocean_post_title_bg_image_repeat":"","ocean_post_title_bg_image_size":"","ocean_post_title_height":0,"ocean_post_title_bg_overlay":0.5,"ocean_post_title_bg_overlay_color":"","ocean_disable_breadcrumbs":"default","ocean_breadcrumbs_color":"","ocean_breadcrumbs_separator_color":"","ocean_breadcrumbs_links_color":"","ocean_breadcrumbs_links_hover_color":"","ocean_display_footer_widgets":"default","ocean_display_footer_bottom":"default","ocean_custom_footer_template":"","footnotes":""},"class_list":["post-1493","page","type-page","status-publish","hentry","entry"],"_links":{"self":[{"href":"https:\/\/www.filacp.org\/web\/wp-json\/wp\/v2\/pages\/1493","targetHints":{"allow":["GET"]}}],"collection":[{"href":"https:\/\/www.filacp.org\/web\/wp-json\/wp\/v2\/pages"}],"about":[{"href":"https:\/\/www.filacp.org\/web\/wp-json\/wp\/v2\/types\/page"}],"author":[{"embeddable":true,"href":"https:\/\/www.filacp.org\/web\/wp-json\/wp\/v2\/users\/1"}],"replies":[{"embeddable":true,"href":"https:\/\/www.filacp.org\/web\/wp-json\/wp\/v2\/comments?post=1493"}],"version-history":[{"count":3,"href":"https:\/\/www.filacp.org\/web\/wp-json\/wp\/v2\/pages\/1493\/revisions"}],"predecessor-version":[{"id":8297,"href":"https:\/\/www.filacp.org\/web\/wp-json\/wp\/v2\/pages\/1493\/revisions\/8297"}],"wp:attachment":[{"href":"https:\/\/www.filacp.org\/web\/wp-json\/wp\/v2\/media?parent=1493"}],"curies":[{"name":"wp","href":"https:\/\/api.w.org\/{rel}","templated":true}]}}