{"id":1487,"date":"2016-09-05T23:57:47","date_gmt":"2016-09-06T02:57:47","guid":{"rendered":"http:\/\/www.filacp.org\/?page_id=1487"},"modified":"2025-09-29T16:22:36","modified_gmt":"2025-09-29T19:22:36","slug":"miembros-uruguay","status":"publish","type":"page","link":"https:\/\/www.filacp.org\/web\/miembros-uruguay\/","title":{"rendered":"Miembros Uruguay"},"content":{"rendered":"\t\t<div data-elementor-type=\"wp-page\" data-elementor-id=\"1487\" class=\"elementor elementor-1487\">\n\t\t\t\t\t\t<section class=\"elementor-section elementor-top-section elementor-element elementor-element-2b634e8e elementor-section-full_width elementor-section-height-default elementor-section-height-default\" data-id=\"2b634e8e\" data-element_type=\"section\">\n\t\t\t\t\t\t<div class=\"elementor-container elementor-column-gap-narrow\">\n\t\t\t\t\t<div class=\"elementor-column elementor-col-66 elementor-top-column elementor-element elementor-element-14d5a95f\" data-id=\"14d5a95f\" data-element_type=\"column\">\n\t\t\t<div class=\"elementor-widget-wrap elementor-element-populated\">\n\t\t\t\t\t\t<div class=\"elementor-element elementor-element-6178f393 elementor-position-left elementor-vertical-align-middle elementor-widget elementor-widget-image-box\" data-id=\"6178f393\" data-element_type=\"widget\" data-widget_type=\"image-box.default\">\n\t\t\t\t<div class=\"elementor-widget-container\">\n\t\t\t\t\t<div class=\"elementor-image-box-wrapper\"><figure class=\"elementor-image-box-img\"><img decoding=\"async\" width=\"70\" height=\"47\" src=\"https:\/\/www.filacp.org\/web\/wp-content\/uploads\/Uruguay.png\" class=\"attachment-full size-full wp-image-511\" alt=\"\" \/><\/figure><div class=\"elementor-image-box-content\"><h3 class=\"elementor-image-box-title\">Sociedad de Cirug\u00eda Pl\u00e1stica, Reparadora y Est\u00e9tica del Uruguay<\/h3><\/div><\/div>\t\t\t\t<\/div>\n\t\t\t\t<\/div>\n\t\t\t\t\t<\/div>\n\t\t<\/div>\n\t\t\t\t<div class=\"elementor-column elementor-col-33 elementor-top-column elementor-element elementor-element-5bf5be7\" data-id=\"5bf5be7\" data-element_type=\"column\">\n\t\t\t<div class=\"elementor-widget-wrap elementor-element-populated\">\n\t\t\t\t\t\t<div class=\"elementor-element elementor-element-608ccab7 elementor-align-justify elementor-widget elementor-widget-button\" data-id=\"608ccab7\" data-element_type=\"widget\" data-widget_type=\"button.default\">\n\t\t\t\t<div class=\"elementor-widget-container\">\n\t\t\t\t\t\t\t\t\t<div class=\"elementor-button-wrapper\">\n\t\t\t\t\t<a class=\"elementor-button elementor-button-link elementor-size-xs elementor-animation-push\" href=\"http:\/\/scpu.uy\/\" target=\"_blank\">\n\t\t\t\t\t\t<span class=\"elementor-button-content-wrapper\">\n\t\t\t\t\t\t\t\t\t<span class=\"elementor-button-text\">Sitio Web de la<br>Sociedad Miembro<\/span>\n\t\t\t\t\t<\/span>\n\t\t\t\t\t<\/a>\n\t\t\t\t<\/div>\n\t\t\t\t\t\t\t\t<\/div>\n\t\t\t\t<\/div>\n\t\t\t\t<div class=\"elementor-element elementor-element-2afa6ae0 elementor-widget elementor-widget-heading\" data-id=\"2afa6ae0\" data-element_type=\"widget\" data-widget_type=\"heading.default\">\n\t\t\t\t<div class=\"elementor-widget-container\">\n\t\t\t\t\t<h2 class=\"elementor-heading-title elementor-size-default\"><a href=\"history.back()\"> Volver Atr\u00e1s<\/a><\/h2>\t\t\t\t<\/div>\n\t\t\t\t<\/div>\n\t\t\t\t\t<\/div>\n\t\t<\/div>\n\t\t\t\t\t<\/div>\n\t\t<\/section>\n\t\t\t\t<section class=\"elementor-section elementor-top-section elementor-element elementor-element-73dca433 elementor-section-boxed elementor-section-height-default elementor-section-height-default\" data-id=\"73dca433\" data-element_type=\"section\">\n\t\t\t\t\t\t<div class=\"elementor-container elementor-column-gap-default\">\n\t\t\t\t\t<div class=\"elementor-column elementor-col-100 elementor-top-column elementor-element elementor-element-75311821\" data-id=\"75311821\" data-element_type=\"column\">\n\t\t\t<div class=\"elementor-widget-wrap elementor-element-populated\">\n\t\t\t\t\t\t<div class=\"elementor-element elementor-element-10966dfd elementor-widget-divider--view-line elementor-widget elementor-widget-divider\" data-id=\"10966dfd\" data-element_type=\"widget\" data-widget_type=\"divider.default\">\n\t\t\t\t<div class=\"elementor-widget-container\">\n\t\t\t\t\t\t\t<div class=\"elementor-divider\">\n\t\t\t<span class=\"elementor-divider-separator\">\n\t\t\t\t\t\t<\/span>\n\t\t<\/div>\n\t\t\t\t\t\t<\/div>\n\t\t\t\t<\/div>\n\t\t\t\t\t<\/div>\n\t\t<\/div>\n\t\t\t\t\t<\/div>\n\t\t<\/section>\n\t\t\t\t<section class=\"elementor-section elementor-top-section elementor-element elementor-element-2befa1ed elementor-section-boxed elementor-section-height-default elementor-section-height-default\" data-id=\"2befa1ed\" data-element_type=\"section\">\n\t\t\t\t\t\t<div class=\"elementor-container elementor-column-gap-default\">\n\t\t\t\t\t<div class=\"elementor-column elementor-col-100 elementor-top-column elementor-element elementor-element-1ad52249\" data-id=\"1ad52249\" data-element_type=\"column\">\n\t\t\t<div class=\"elementor-widget-wrap elementor-element-populated\">\n\t\t\t\t\t\t<div class=\"elementor-element elementor-element-4a460e17 elementor-widget elementor-widget-heading\" data-id=\"4a460e17\" data-element_type=\"widget\" data-widget_type=\"heading.default\">\n\t\t\t\t<div class=\"elementor-widget-container\">\n\t\t\t\t\t<h2 class=\"elementor-heading-title elementor-size-default\">Listado de Miembros<\/h2>\t\t\t\t<\/div>\n\t\t\t\t<\/div>\n\t\t\t\t<div class=\"elementor-element elementor-element-55bce013 elementor-widget elementor-widget-text-editor\" data-id=\"55bce013\" data-element_type=\"widget\" data-widget_type=\"text-editor.default\">\n\t\t\t\t<div class=\"elementor-widget-container\">\n\t\t\t\t\t\t\t\t\t<p>ACOSTA ALBA<br \/>ALVAREZ MANUEL<br \/>ANDREOLI ANGELA<br \/>ARRUE CARLOS<br \/>BARBIERI LUCIA<br \/>BARREIRA FLORENCIA<br \/>BARREIRO ALVARO<br \/>BARRIOS EMILIA<br \/>BEROIS DENISE<br \/>BORAD JORGE<br \/>BRUM PATRICIO<br \/>CALISTRO JOAQUIN<br \/>CAMACHO ELIANA<br \/>CAPORALE SILVANA<br \/>CARRIQUIRY CARLOS<br \/>CASAPIETRA SERGIO<br \/>CASTILLO FERNANDO<br \/>CERVO NATALIA<br \/>CHUNG ALEJANDRA<br \/>COLELLO MELLIZA<br \/>COLLAZO MILAGROS<br \/>CORBELLINI JORGE<br \/>CORSINO PAOLA<br \/>CORTABARRIA NATALIA<br \/>CRAVIOTTO; MATIAS<br \/>CUELHO CARLA<br \/>CUNHA ANA<br \/>CURBELO JORGE<br \/>D\u00b4 OLIVEIRA LUCIA<br \/>DE ANGELIS GEORGINA<br \/>DE LOS RIOS GIMENA<br \/>DE VECCHI JORGE<br \/>DI STEFANO RAQUEL<br \/>DIAZ IGNACIO<br \/>ECHEGOYEN EDUARDO<br \/>ELBAUM ALBERTO<br \/>FERNANDEZ ALVARO<br \/>FONTES LAURA<br \/>FOSSATI GONZALO<br \/>FOSSATI MANUEL<br \/>FOSSATI SANTIAGO<br \/>FRAGA LIBER<br \/>FRAGA NOEL<br \/>GALLINO PATRICIA<br \/>GARCIA SANTIAGO<br \/>GARREL MARCOS<br \/>GENTA JUAN<br \/>GIACHERO VIRGINIA<br \/>GOMEZ GUSTAVO<br \/>GOMEZ HAEDO ANA<br \/>GOMEZ SILVIA<br \/>GRACIANO RAFAEL<br \/>GRATTAROLA GABRIELLA<br \/>GRIECCO JOSE<br \/>GRUNDINGER; JEANNETTE<br \/>GRYNGRAS NATALIA<br \/>GUTIERREZ DIEGO<br \/>HARTWIG DENISSE<br \/>HENANDEZ MA JOSE<br \/>HERNANDEZ VICTORIA<br \/>INFANTOZZI PAOLA<br \/>JACOBO OSCAR<br \/>JURI HECTOR<br \/>KADVEJIAN MARTIN<br \/>LAMAS MARIA<br \/>LAMOTH ANDRES<br \/>LENA TANIA<br \/>LONDINSKY MARIO<br \/>LOPEZ ANTONELLA <br \/>LORENZO MARIANA<br \/>MACHADO VICTORIA<br \/>MANARO BEATRIZ<br \/>MANTRANA GUSTAVO<br \/>MANZANI JESUS<br \/>MASDEU FERNANDA<br \/>MATEUCCI DANIELA<br \/>MAYOL ALFREDO<br \/>MERCATINI HUGO<br \/>MIGUES CINTHIA<br \/>MIRANDETTI FEDERICO<br \/>MOLLER LUIS<br \/>MORALES VERONICA<br \/>MOREIRA AGUSTINA<br \/>NOVELLO GABRIELA<br \/>ORTIZ ROBERTO<br \/>OTORMIN GABRIEL<br \/>PALACIO CARLOS<br \/>PALACIO INES<br \/>PALERMO LUCIA<br \/>PASTRE FLAVIA<br \/>PAZ VERONICA<br \/>PE\u00d1A RAQUEL<br \/>PEREZ NOELIA<br \/>PERI DAYSI<br \/>PIGUET FRANCINE<br \/>PIROTTO RAFAEL<br \/>PORTAS LUIS<br \/>POSSE SANDRA<br \/>PREGO CAMILO<br \/>PUNZO FERNANDO<br \/>RAFFO MATIAS<br \/>RIPOLL GUZMAN<br \/>RODRIGUEZ CLEMENTINA<br \/>RODRIGUEZ PABLO<br \/>SANCHEZ JULIO<br \/>SANCHEZ YUANNORK<br \/>SARAVIA ANDRES<br \/>SCARONE MALENA<br \/>SEGAL BORIS<br \/>SEOANE JAVIER<br \/>SILVA JUAN<br \/>SILVA LEYTON ALBA<br \/>SORRENTI NATALIA<br \/>SPECKER NICOLE<br \/>TEALDI NICOLAS<br \/>TORRES EUGENIA<br \/>TORROBA LUCIA<br \/>UDAQUIOLA ANA<br \/>URROZ NICOLAS<br \/>VAZ GUSTAVO<br \/>VENTOS ALEJANDRA<br \/>VENTOS LUCIA<br \/>VENTURINO ADRIANA<br \/>VILLARREAL RODOLFO<br \/>VI\u00d1OLY PILAR<br \/>VOWODOZ ANA<br \/>WOLFF DANIEL<br \/>ZLOTNISKI FEDERICA<\/p>\t\t\t\t\t\t\t\t<\/div>\n\t\t\t\t<\/div>\n\t\t\t\t\t<\/div>\n\t\t<\/div>\n\t\t\t\t\t<\/div>\n\t\t<\/section>\n\t\t\t\t<\/div>\n\t\t","protected":false},"excerpt":{"rendered":"<p>Sociedad de Cirug\u00eda Pl\u00e1stica, Reparadora y Est\u00e9tica del Uruguay Sitio Web de laSociedad Miembro Volver Atr\u00e1s Listado de Miembros ACOSTA ALBAALVAREZ MANUELANDREOLI ANGELAARRUE CARLOSBARBIERI LUCIABARREIRA FLORENCIABARREIRO ALVAROBARRIOS EMILIABEROIS DENISEBORAD JORGEBRUM PATRICIOCALISTRO JOAQUINCAMACHO ELIANACAPORALE SILVANACARRIQUIRY CARLOSCASAPIETRA SERGIOCASTILLO FERNANDOCERVO NATALIACHUNG ALEJANDRACOLELLO MELLIZACOLLAZO MILAGROSCORBELLINI JORGECORSINO PAOLACORTABARRIA NATALIACRAVIOTTO; MATIASCUELHO CARLACUNHA ANACURBELO JORGED\u00b4 OLIVEIRA LUCIADE ANGELIS GEORGINADE LOS RIOS GIMENADE [&hellip;]<\/p>\n","protected":false},"author":1,"featured_media":0,"parent":0,"menu_order":0,"comment_status":"closed","ping_status":"closed","template":"","meta":{"ocean_post_layout":"","ocean_both_sidebars_style":"","ocean_both_sidebars_content_width":0,"ocean_both_sidebars_sidebars_width":0,"ocean_sidebar":"","ocean_second_sidebar":"","ocean_disable_margins":"enable","ocean_add_body_class":"","ocean_shortcode_before_top_bar":"","ocean_shortcode_after_top_bar":"","ocean_shortcode_before_header":"","ocean_shortcode_after_header":"","ocean_has_shortcode":"","ocean_shortcode_after_title":"","ocean_shortcode_before_footer_widgets":"","ocean_shortcode_after_footer_widgets":"","ocean_shortcode_before_footer_bottom":"","ocean_shortcode_after_footer_bottom":"","ocean_display_top_bar":"default","ocean_display_header":"default","ocean_header_style":"","ocean_center_header_left_menu":"","ocean_custom_header_template":"","ocean_custom_logo":0,"ocean_custom_retina_logo":0,"ocean_custom_logo_max_width":0,"ocean_custom_logo_tablet_max_width":0,"ocean_custom_logo_mobile_max_width":0,"ocean_custom_logo_max_height":0,"ocean_custom_logo_tablet_max_height":0,"ocean_custom_logo_mobile_max_height":0,"ocean_header_custom_menu":"","ocean_menu_typo_font_family":"","ocean_menu_typo_font_subset":"","ocean_menu_typo_font_size":0,"ocean_menu_typo_font_size_tablet":0,"ocean_menu_typo_font_size_mobile":0,"ocean_menu_typo_font_size_unit":"px","ocean_menu_typo_font_weight":"","ocean_menu_typo_font_weight_tablet":"","ocean_menu_typo_font_weight_mobile":"","ocean_menu_typo_transform":"","ocean_menu_typo_transform_tablet":"","ocean_menu_typo_transform_mobile":"","ocean_menu_typo_line_height":0,"ocean_menu_typo_line_height_tablet":0,"ocean_menu_typo_line_height_mobile":0,"ocean_menu_typo_line_height_unit":"","ocean_menu_typo_spacing":0,"ocean_menu_typo_spacing_tablet":0,"ocean_menu_typo_spacing_mobile":0,"ocean_menu_typo_spacing_unit":"","ocean_menu_link_color":"","ocean_menu_link_color_hover":"","ocean_menu_link_color_active":"","ocean_menu_link_background":"","ocean_menu_link_hover_background":"","ocean_menu_link_active_background":"","ocean_menu_social_links_bg":"","ocean_menu_social_hover_links_bg":"","ocean_menu_social_links_color":"","ocean_menu_social_hover_links_color":"","ocean_disable_title":"default","ocean_disable_heading":"default","ocean_post_title":"","ocean_post_subheading":"","ocean_post_title_style":"","ocean_post_title_background_color":"","ocean_post_title_background":0,"ocean_post_title_bg_image_position":"","ocean_post_title_bg_image_attachment":"","ocean_post_title_bg_image_repeat":"","ocean_post_title_bg_image_size":"","ocean_post_title_height":0,"ocean_post_title_bg_overlay":0.5,"ocean_post_title_bg_overlay_color":"","ocean_disable_breadcrumbs":"default","ocean_breadcrumbs_color":"","ocean_breadcrumbs_separator_color":"","ocean_breadcrumbs_links_color":"","ocean_breadcrumbs_links_hover_color":"","ocean_display_footer_widgets":"default","ocean_display_footer_bottom":"default","ocean_custom_footer_template":"","footnotes":""},"class_list":["post-1487","page","type-page","status-publish","hentry","entry"],"_links":{"self":[{"href":"https:\/\/www.filacp.org\/web\/wp-json\/wp\/v2\/pages\/1487","targetHints":{"allow":["GET"]}}],"collection":[{"href":"https:\/\/www.filacp.org\/web\/wp-json\/wp\/v2\/pages"}],"about":[{"href":"https:\/\/www.filacp.org\/web\/wp-json\/wp\/v2\/types\/page"}],"author":[{"embeddable":true,"href":"https:\/\/www.filacp.org\/web\/wp-json\/wp\/v2\/users\/1"}],"replies":[{"embeddable":true,"href":"https:\/\/www.filacp.org\/web\/wp-json\/wp\/v2\/comments?post=1487"}],"version-history":[{"count":0,"href":"https:\/\/www.filacp.org\/web\/wp-json\/wp\/v2\/pages\/1487\/revisions"}],"wp:attachment":[{"href":"https:\/\/www.filacp.org\/web\/wp-json\/wp\/v2\/media?parent=1487"}],"curies":[{"name":"wp","href":"https:\/\/api.w.org\/{rel}","templated":true}]}}