{"id":1484,"date":"2016-09-05T23:53:05","date_gmt":"2016-09-06T02:53:05","guid":{"rendered":"http:\/\/www.filacp.org\/?page_id=1484"},"modified":"2022-08-24T11:33:31","modified_gmt":"2022-08-24T14:33:31","slug":"miembros-nicaragua","status":"publish","type":"page","link":"https:\/\/www.filacp.org\/web\/miembros-nicaragua\/","title":{"rendered":"Miembros Nicaragua"},"content":{"rendered":"\t\t<div data-elementor-type=\"wp-page\" data-elementor-id=\"1484\" class=\"elementor elementor-1484\">\n\t\t\t\t\t\t<section class=\"elementor-section elementor-top-section elementor-element elementor-element-96ccde1 elementor-section-full_width elementor-section-height-default elementor-section-height-default\" data-id=\"96ccde1\" data-element_type=\"section\">\n\t\t\t\t\t\t<div class=\"elementor-container elementor-column-gap-narrow\">\n\t\t\t\t\t<div class=\"elementor-column elementor-col-66 elementor-top-column elementor-element elementor-element-65f61172\" data-id=\"65f61172\" data-element_type=\"column\">\n\t\t\t<div class=\"elementor-widget-wrap elementor-element-populated\">\n\t\t\t\t\t\t<div class=\"elementor-element elementor-element-6f9a1505 elementor-position-left elementor-vertical-align-middle elementor-widget elementor-widget-image-box\" data-id=\"6f9a1505\" data-element_type=\"widget\" data-widget_type=\"image-box.default\">\n\t\t\t\t<div class=\"elementor-widget-container\">\n\t\t\t\t\t<div class=\"elementor-image-box-wrapper\"><figure class=\"elementor-image-box-img\"><img decoding=\"async\" width=\"70\" height=\"47\" src=\"https:\/\/www.filacp.org\/web\/wp-content\/uploads\/Nicaragua.png\" class=\"attachment-full size-full wp-image-502\" alt=\"\" \/><\/figure><div class=\"elementor-image-box-content\"><h3 class=\"elementor-image-box-title\">Asociaci\u00f3n Nicarag\u00fcense de Cirug\u00eda Pl\u00e1stica<\/h3><\/div><\/div>\t\t\t\t<\/div>\n\t\t\t\t<\/div>\n\t\t\t\t\t<\/div>\n\t\t<\/div>\n\t\t\t\t<div class=\"elementor-column elementor-col-33 elementor-top-column elementor-element elementor-element-66cce61b\" data-id=\"66cce61b\" data-element_type=\"column\">\n\t\t\t<div class=\"elementor-widget-wrap elementor-element-populated\">\n\t\t\t\t\t\t<div class=\"elementor-element elementor-element-7d8c6270 elementor-align-justify elementor-widget elementor-widget-button\" data-id=\"7d8c6270\" data-element_type=\"widget\" data-widget_type=\"button.default\">\n\t\t\t\t<div class=\"elementor-widget-container\">\n\t\t\t\t\t\t\t\t\t<div class=\"elementor-button-wrapper\">\n\t\t\t\t\t<a class=\"elementor-button elementor-button-link elementor-size-xs elementor-animation-push\" href=\"http:\/\/www.cirujanosplasticosnicaragua.com\/\" target=\"_blank\">\n\t\t\t\t\t\t<span class=\"elementor-button-content-wrapper\">\n\t\t\t\t\t\t\t\t\t<span class=\"elementor-button-text\">Sitio Web de la<br>Sociedad Miembro<\/span>\n\t\t\t\t\t<\/span>\n\t\t\t\t\t<\/a>\n\t\t\t\t<\/div>\n\t\t\t\t\t\t\t\t<\/div>\n\t\t\t\t<\/div>\n\t\t\t\t<div class=\"elementor-element elementor-element-26f88cb0 elementor-widget elementor-widget-heading\" data-id=\"26f88cb0\" data-element_type=\"widget\" data-widget_type=\"heading.default\">\n\t\t\t\t<div class=\"elementor-widget-container\">\n\t\t\t\t\t<h2 class=\"elementor-heading-title elementor-size-default\"><a href=\"history.back()\"> Volver Atr\u00e1s<\/a><\/h2>\t\t\t\t<\/div>\n\t\t\t\t<\/div>\n\t\t\t\t\t<\/div>\n\t\t<\/div>\n\t\t\t\t\t<\/div>\n\t\t<\/section>\n\t\t\t\t<section class=\"elementor-section elementor-top-section elementor-element elementor-element-58ce21ef elementor-section-boxed elementor-section-height-default elementor-section-height-default\" data-id=\"58ce21ef\" data-element_type=\"section\">\n\t\t\t\t\t\t<div class=\"elementor-container elementor-column-gap-default\">\n\t\t\t\t\t<div class=\"elementor-column elementor-col-100 elementor-top-column elementor-element elementor-element-7b7a639\" data-id=\"7b7a639\" data-element_type=\"column\">\n\t\t\t<div class=\"elementor-widget-wrap elementor-element-populated\">\n\t\t\t\t\t\t<div class=\"elementor-element elementor-element-378cc899 elementor-widget-divider--view-line elementor-widget elementor-widget-divider\" data-id=\"378cc899\" data-element_type=\"widget\" data-widget_type=\"divider.default\">\n\t\t\t\t<div class=\"elementor-widget-container\">\n\t\t\t\t\t\t\t<div class=\"elementor-divider\">\n\t\t\t<span class=\"elementor-divider-separator\">\n\t\t\t\t\t\t<\/span>\n\t\t<\/div>\n\t\t\t\t\t\t<\/div>\n\t\t\t\t<\/div>\n\t\t\t\t\t<\/div>\n\t\t<\/div>\n\t\t\t\t\t<\/div>\n\t\t<\/section>\n\t\t\t\t<section class=\"elementor-section elementor-top-section elementor-element elementor-element-6a27ed4 elementor-section-boxed elementor-section-height-default elementor-section-height-default\" data-id=\"6a27ed4\" data-element_type=\"section\">\n\t\t\t\t\t\t<div class=\"elementor-container elementor-column-gap-default\">\n\t\t\t\t\t<div class=\"elementor-column elementor-col-100 elementor-top-column elementor-element elementor-element-780f8154\" data-id=\"780f8154\" data-element_type=\"column\">\n\t\t\t<div class=\"elementor-widget-wrap elementor-element-populated\">\n\t\t\t\t\t\t<div class=\"elementor-element elementor-element-2d7cbd1b elementor-widget elementor-widget-heading\" data-id=\"2d7cbd1b\" data-element_type=\"widget\" data-widget_type=\"heading.default\">\n\t\t\t\t<div class=\"elementor-widget-container\">\n\t\t\t\t\t<h2 class=\"elementor-heading-title elementor-size-default\">Listado de Miembros<\/h2>\t\t\t\t<\/div>\n\t\t\t\t<\/div>\n\t\t\t\t<div class=\"elementor-element elementor-element-5b55571c elementor-widget elementor-widget-text-editor\" data-id=\"5b55571c\" data-element_type=\"widget\" data-widget_type=\"text-editor.default\">\n\t\t\t\t<div class=\"elementor-widget-container\">\n\t\t\t\t\t\t\t\t\t<p>ARBIZ\u00da MEDINA MARTHA FRANCISCA<br \/>BARAHONA CALDER\u00d3N KARLA YAHOSKA<br \/>BATRES SILVA CINTHIA VALESKA<br \/>BROCKMANN STUBBERT JOS\u00c9 DOLORES<br \/>CABRERA MENDIETA RODRIGO ALEJANDRO<br \/>CERDA GARC\u00cdA LEONEL<br \/>CH\u00c1VEZ VALD\u00c9S JUAN CARLOS<br \/>CORT\u00c9S HERN\u00c1NDEZ FRANCISCO RAMIRO<br \/>ESPINOSA ORTEGA LIGIA<br \/>ESPINOZA HUNTER ALFREDO<br \/>ESPINOZA T\u00c9LLEZ SONIA MAR\u00cdA<br \/>FERN\u00c1NDEZ QUINTANA ANDREA JOS\u00c9<br \/>FLORES FLORES MAR\u00cdA EUGENIA<br \/>FLORES GONZ\u00c1LEZ SA\u00daL DAVID<br \/>FRANCHINI SAAVEDRA CAROLINA DEL CARMEN<br \/>FUENTES GONZ\u00c1LEZ DIANA MARGARITA<br \/>G\u00d3MEZ CASTILLO ARTURO FRANCISCO<br \/>GUTIERREZ G\u00d3MEZ SANDRA MAR\u00cdA<br \/>IBARRA PASOS EDGAR DOMINGO<br \/>JARQU\u00cdN ARAG\u00d3N KARLA VANESSA<br \/>MENDIETA ESPINOSA MAURICIO JOS\u00c9<br \/>MORALES ESPINOZA FIDEL ANTONIO<br \/>MORENO MAR\u00cdN YORLIN CAROLINA<br \/>PALMA AGUILAR MARIA LILLIEN<br \/>PAR\u00c9S BARBERENA ALFONSO JOAQU\u00cdN<br \/>P\u00c9REZ RODR\u00cdGUEZ LEANDRO JOS\u00c9<br \/>QUINTANA MORALES FRANCISCO JAVIER<br \/>QUINTANILLA AGUILAR MARIO DANILO <br \/>RAMOS KARLA VANESA<br \/>RUIZ HERRERA ROLANDO JOS\u00c9<br \/>SALAZAR ALVAREZ ALICIA DEL SOCORRO<br \/>SIU BERM\u00daDEZ ARMANDO MART\u00cdN<br \/>TREJOS CRUZ ROSSANA ISABEL<br \/>VALLADARES BLESSING MARTHA SABRINA<\/p>\t\t\t\t\t\t\t\t<\/div>\n\t\t\t\t<\/div>\n\t\t\t\t\t<\/div>\n\t\t<\/div>\n\t\t\t\t\t<\/div>\n\t\t<\/section>\n\t\t\t\t<\/div>\n\t\t","protected":false},"excerpt":{"rendered":"<p>Asociaci\u00f3n Nicarag\u00fcense de Cirug\u00eda Pl\u00e1stica Sitio Web de laSociedad Miembro Volver Atr\u00e1s Listado de Miembros ARBIZ\u00da MEDINA MARTHA FRANCISCABARAHONA CALDER\u00d3N KARLA YAHOSKABATRES SILVA CINTHIA VALESKABROCKMANN STUBBERT JOS\u00c9 DOLORESCABRERA MENDIETA RODRIGO ALEJANDROCERDA GARC\u00cdA LEONELCH\u00c1VEZ VALD\u00c9S JUAN CARLOSCORT\u00c9S HERN\u00c1NDEZ FRANCISCO RAMIROESPINOSA ORTEGA LIGIAESPINOZA HUNTER ALFREDOESPINOZA T\u00c9LLEZ SONIA MAR\u00cdAFERN\u00c1NDEZ QUINTANA ANDREA JOS\u00c9FLORES FLORES MAR\u00cdA EUGENIAFLORES GONZ\u00c1LEZ SA\u00daL DAVIDFRANCHINI [&hellip;]<\/p>\n","protected":false},"author":1,"featured_media":0,"parent":0,"menu_order":0,"comment_status":"closed","ping_status":"closed","template":"","meta":{"ocean_post_layout":"","ocean_both_sidebars_style":"","ocean_both_sidebars_content_width":0,"ocean_both_sidebars_sidebars_width":0,"ocean_sidebar":"","ocean_second_sidebar":"","ocean_disable_margins":"enable","ocean_add_body_class":"","ocean_shortcode_before_top_bar":"","ocean_shortcode_after_top_bar":"","ocean_shortcode_before_header":"","ocean_shortcode_after_header":"","ocean_has_shortcode":"","ocean_shortcode_after_title":"","ocean_shortcode_before_footer_widgets":"","ocean_shortcode_after_footer_widgets":"","ocean_shortcode_before_footer_bottom":"","ocean_shortcode_after_footer_bottom":"","ocean_display_top_bar":"default","ocean_display_header":"default","ocean_header_style":"","ocean_center_header_left_menu":"","ocean_custom_header_template":"","ocean_custom_logo":0,"ocean_custom_retina_logo":0,"ocean_custom_logo_max_width":0,"ocean_custom_logo_tablet_max_width":0,"ocean_custom_logo_mobile_max_width":0,"ocean_custom_logo_max_height":0,"ocean_custom_logo_tablet_max_height":0,"ocean_custom_logo_mobile_max_height":0,"ocean_header_custom_menu":"","ocean_menu_typo_font_family":"","ocean_menu_typo_font_subset":"","ocean_menu_typo_font_size":0,"ocean_menu_typo_font_size_tablet":0,"ocean_menu_typo_font_size_mobile":0,"ocean_menu_typo_font_size_unit":"px","ocean_menu_typo_font_weight":"","ocean_menu_typo_font_weight_tablet":"","ocean_menu_typo_font_weight_mobile":"","ocean_menu_typo_transform":"","ocean_menu_typo_transform_tablet":"","ocean_menu_typo_transform_mobile":"","ocean_menu_typo_line_height":0,"ocean_menu_typo_line_height_tablet":0,"ocean_menu_typo_line_height_mobile":0,"ocean_menu_typo_line_height_unit":"","ocean_menu_typo_spacing":0,"ocean_menu_typo_spacing_tablet":0,"ocean_menu_typo_spacing_mobile":0,"ocean_menu_typo_spacing_unit":"","ocean_menu_link_color":"","ocean_menu_link_color_hover":"","ocean_menu_link_color_active":"","ocean_menu_link_background":"","ocean_menu_link_hover_background":"","ocean_menu_link_active_background":"","ocean_menu_social_links_bg":"","ocean_menu_social_hover_links_bg":"","ocean_menu_social_links_color":"","ocean_menu_social_hover_links_color":"","ocean_disable_title":"default","ocean_disable_heading":"default","ocean_post_title":"","ocean_post_subheading":"","ocean_post_title_style":"","ocean_post_title_background_color":"","ocean_post_title_background":0,"ocean_post_title_bg_image_position":"","ocean_post_title_bg_image_attachment":"","ocean_post_title_bg_image_repeat":"","ocean_post_title_bg_image_size":"","ocean_post_title_height":0,"ocean_post_title_bg_overlay":0.5,"ocean_post_title_bg_overlay_color":"","ocean_disable_breadcrumbs":"default","ocean_breadcrumbs_color":"","ocean_breadcrumbs_separator_color":"","ocean_breadcrumbs_links_color":"","ocean_breadcrumbs_links_hover_color":"","ocean_display_footer_widgets":"default","ocean_display_footer_bottom":"default","ocean_custom_footer_template":"","footnotes":""},"class_list":["post-1484","page","type-page","status-publish","hentry","entry"],"_links":{"self":[{"href":"https:\/\/www.filacp.org\/web\/wp-json\/wp\/v2\/pages\/1484","targetHints":{"allow":["GET"]}}],"collection":[{"href":"https:\/\/www.filacp.org\/web\/wp-json\/wp\/v2\/pages"}],"about":[{"href":"https:\/\/www.filacp.org\/web\/wp-json\/wp\/v2\/types\/page"}],"author":[{"embeddable":true,"href":"https:\/\/www.filacp.org\/web\/wp-json\/wp\/v2\/users\/1"}],"replies":[{"embeddable":true,"href":"https:\/\/www.filacp.org\/web\/wp-json\/wp\/v2\/comments?post=1484"}],"version-history":[{"count":0,"href":"https:\/\/www.filacp.org\/web\/wp-json\/wp\/v2\/pages\/1484\/revisions"}],"wp:attachment":[{"href":"https:\/\/www.filacp.org\/web\/wp-json\/wp\/v2\/media?parent=1484"}],"curies":[{"name":"wp","href":"https:\/\/api.w.org\/{rel}","templated":true}]}}