{"id":1480,"date":"2016-09-05T23:47:37","date_gmt":"2016-09-06T02:47:37","guid":{"rendered":"http:\/\/www.filacp.org\/?page_id=1480"},"modified":"2025-06-18T10:35:45","modified_gmt":"2025-06-18T13:35:45","slug":"miembros-guatemala","status":"publish","type":"page","link":"https:\/\/www.filacp.org\/web\/miembros-guatemala\/","title":{"rendered":"Miembros Guatemala"},"content":{"rendered":"\t\t<div data-elementor-type=\"wp-page\" data-elementor-id=\"1480\" class=\"elementor elementor-1480\">\n\t\t\t\t\t\t<section class=\"elementor-section elementor-top-section elementor-element elementor-element-318dcc15 elementor-section-full_width elementor-section-height-default elementor-section-height-default\" data-id=\"318dcc15\" data-element_type=\"section\">\n\t\t\t\t\t\t<div class=\"elementor-container elementor-column-gap-narrow\">\n\t\t\t\t\t<div class=\"elementor-column elementor-col-66 elementor-top-column elementor-element elementor-element-5c657e04\" data-id=\"5c657e04\" data-element_type=\"column\">\n\t\t\t<div class=\"elementor-widget-wrap elementor-element-populated\">\n\t\t\t\t\t\t<div class=\"elementor-element elementor-element-79c29588 elementor-position-left elementor-vertical-align-middle elementor-widget elementor-widget-image-box\" data-id=\"79c29588\" data-element_type=\"widget\" data-widget_type=\"image-box.default\">\n\t\t\t\t<div class=\"elementor-widget-container\">\n\t\t\t\t\t<div class=\"elementor-image-box-wrapper\"><figure class=\"elementor-image-box-img\"><img decoding=\"async\" width=\"70\" height=\"47\" src=\"https:\/\/www.filacp.org\/web\/wp-content\/uploads\/Guatemala.png\" class=\"attachment-full size-full wp-image-498\" alt=\"\" \/><\/figure><div class=\"elementor-image-box-content\"><h3 class=\"elementor-image-box-title\">Asociaci\u00f3n de Cirujanos Pl\u00e1sticos Est\u00e9ticos y Reconstructivos de Guatemala<\/h3><\/div><\/div>\t\t\t\t<\/div>\n\t\t\t\t<\/div>\n\t\t\t\t\t<\/div>\n\t\t<\/div>\n\t\t\t\t<div class=\"elementor-column elementor-col-33 elementor-top-column elementor-element elementor-element-698f9eee\" data-id=\"698f9eee\" data-element_type=\"column\">\n\t\t\t<div class=\"elementor-widget-wrap elementor-element-populated\">\n\t\t\t\t\t\t<div class=\"elementor-element elementor-element-18e757fb elementor-align-justify elementor-widget elementor-widget-button\" data-id=\"18e757fb\" data-element_type=\"widget\" data-widget_type=\"button.default\">\n\t\t\t\t<div class=\"elementor-widget-container\">\n\t\t\t\t\t\t\t\t\t<div class=\"elementor-button-wrapper\">\n\t\t\t\t\t<a class=\"elementor-button elementor-button-link elementor-size-xs elementor-animation-push\" href=\"http:\/\/cirujanosplasticosdeguatemala.com\/\" target=\"_blank\">\n\t\t\t\t\t\t<span class=\"elementor-button-content-wrapper\">\n\t\t\t\t\t\t\t\t\t<span class=\"elementor-button-text\">Sitio Web de la<br>Sociedad Miembro<\/span>\n\t\t\t\t\t<\/span>\n\t\t\t\t\t<\/a>\n\t\t\t\t<\/div>\n\t\t\t\t\t\t\t\t<\/div>\n\t\t\t\t<\/div>\n\t\t\t\t<div class=\"elementor-element elementor-element-1b8a6f50 elementor-widget elementor-widget-heading\" data-id=\"1b8a6f50\" data-element_type=\"widget\" data-widget_type=\"heading.default\">\n\t\t\t\t<div class=\"elementor-widget-container\">\n\t\t\t\t\t<h2 class=\"elementor-heading-title elementor-size-default\"><a href=\"history.back()\"> Volver Atr\u00e1s<\/a><\/h2>\t\t\t\t<\/div>\n\t\t\t\t<\/div>\n\t\t\t\t\t<\/div>\n\t\t<\/div>\n\t\t\t\t\t<\/div>\n\t\t<\/section>\n\t\t\t\t<section class=\"elementor-section elementor-top-section elementor-element elementor-element-5638bf elementor-section-boxed elementor-section-height-default elementor-section-height-default\" data-id=\"5638bf\" data-element_type=\"section\">\n\t\t\t\t\t\t<div class=\"elementor-container elementor-column-gap-default\">\n\t\t\t\t\t<div class=\"elementor-column elementor-col-100 elementor-top-column elementor-element elementor-element-74353ff6\" data-id=\"74353ff6\" data-element_type=\"column\">\n\t\t\t<div class=\"elementor-widget-wrap elementor-element-populated\">\n\t\t\t\t\t\t<div class=\"elementor-element elementor-element-32efe82c elementor-widget-divider--view-line elementor-widget elementor-widget-divider\" data-id=\"32efe82c\" data-element_type=\"widget\" data-widget_type=\"divider.default\">\n\t\t\t\t<div class=\"elementor-widget-container\">\n\t\t\t\t\t\t\t<div class=\"elementor-divider\">\n\t\t\t<span class=\"elementor-divider-separator\">\n\t\t\t\t\t\t<\/span>\n\t\t<\/div>\n\t\t\t\t\t\t<\/div>\n\t\t\t\t<\/div>\n\t\t\t\t\t<\/div>\n\t\t<\/div>\n\t\t\t\t\t<\/div>\n\t\t<\/section>\n\t\t\t\t<section class=\"elementor-section elementor-top-section elementor-element elementor-element-51cf560e elementor-section-boxed elementor-section-height-default elementor-section-height-default\" data-id=\"51cf560e\" data-element_type=\"section\">\n\t\t\t\t\t\t<div class=\"elementor-container elementor-column-gap-default\">\n\t\t\t\t\t<div class=\"elementor-column elementor-col-100 elementor-top-column elementor-element elementor-element-1e293cf3\" data-id=\"1e293cf3\" data-element_type=\"column\">\n\t\t\t<div class=\"elementor-widget-wrap elementor-element-populated\">\n\t\t\t\t\t\t<div class=\"elementor-element elementor-element-2f1aa1b elementor-widget elementor-widget-heading\" data-id=\"2f1aa1b\" data-element_type=\"widget\" data-widget_type=\"heading.default\">\n\t\t\t\t<div class=\"elementor-widget-container\">\n\t\t\t\t\t<h2 class=\"elementor-heading-title elementor-size-default\">Listado de Miembros<\/h2>\t\t\t\t<\/div>\n\t\t\t\t<\/div>\n\t\t\t\t<div class=\"elementor-element elementor-element-5f15dd96 elementor-widget elementor-widget-text-editor\" data-id=\"5f15dd96\" data-element_type=\"widget\" data-widget_type=\"text-editor.default\">\n\t\t\t\t<div class=\"elementor-widget-container\">\n\t\t\t\t\t\t\t\t\t<p>ALEJANDRO JOSE REYNA CRUZ<br \/>\u00c1NGEL ALFREDO LONGO CALDER\u00d3N<br \/>\u00c1NGEL DAR\u00cdO ROSALES PAZ<br \/>CARLOS HORACIO LOPEZ MART\u00cdNEZ<br \/>CARLOS L\u00d3PEZ CARVAJAL<br \/>CARLOS QUINTERO<br \/>CARLOS ROLANDO VALLADARES AREANO<br \/>EDGAR MILTON SOLIS LOPEZ<br \/>EDUARDO JOS\u00c9 CONDE ORELLANA<br \/>EMILIO MENESES CASTILLO<br \/>EMILIO MONTT DE LE\u00d3N<br \/>ERIBERTO ORELLANA MORALES<br \/>ESTUARDO RODRIGUEZ<br \/>FEDERICO ROSALES ARZ\u00da<br \/>GERMAN VARGAS<br \/>GUILLERMO ECHEVERRIA ROLDAN<br \/>H\u00c9CTOR EDUARDO LOPEZ<br \/>IVAN ROSADA<br \/>JEANE FUENMAYOR<br \/>JORGE LUIS P\u00c9REZ V\u00c1SQUEZ<br \/>JOSE FERNANDO LOPEZ<br \/>JOSE FERNANDO SILVA GAVARRETE<br \/>JUAN CARLOS GALINDO<br \/>JUAN FERNANDO VETTORAZZI<br \/>JULIO CESAR MENDEZ<br \/>KAREN LETONA FLORES<br \/>LANDELINO CONSTANZA<br \/>LUIS FERNANDO CRUZ G\u00c1LVEZ<br \/>LUIS FERNANDO MONTENEGRO<br \/>LUIS JAIME GIRON CASTILLO<br \/>LUISA FERNANDA ARMAS<br \/>MARCO ANTONIO S\u00c1NCHEZ C\u00d3RDOVA<br \/>MARIA ALEJANDRA DOMINGO V\u00c1SQUEZ<br \/>MAR\u00cdA ESTHER PALACIOS<br \/>MARIO CHICAS RUIZ<br \/>MYNOR MANUEL MIGUEL ROS<br \/>\u00d3SCAR ALEJANDRO HERRERA G\u00c1LVEZ<br \/>OSWALDO QUIROA SOTO<br \/>PABLO JOS\u00c9 RAMAZZINI GARC\u00cdA<br \/>PEDRO ALEJANDRO JEREZ<br \/>RAFAEL BIGURIA<br \/>RIGOBERTO ALEJANDRO \u00c1VILA VALD\u00c9Z<br \/>ROBERTO BOLA\u00d1OS SPINOLA<br \/>SALVADOR ANTONIO RECINOS FERN\u00c1NDEZ<br \/>SARA MARIA CONTRERAS M\u00c9RIDA<\/p>\t\t\t\t\t\t\t\t<\/div>\n\t\t\t\t<\/div>\n\t\t\t\t\t<\/div>\n\t\t<\/div>\n\t\t\t\t\t<\/div>\n\t\t<\/section>\n\t\t\t\t<\/div>\n\t\t","protected":false},"excerpt":{"rendered":"<p>Asociaci\u00f3n de Cirujanos Pl\u00e1sticos Est\u00e9ticos y Reconstructivos de Guatemala Sitio Web de laSociedad Miembro Volver Atr\u00e1s Listado de Miembros ALEJANDRO JOSE REYNA CRUZ\u00c1NGEL ALFREDO LONGO CALDER\u00d3N\u00c1NGEL DAR\u00cdO ROSALES PAZCARLOS HORACIO LOPEZ MART\u00cdNEZCARLOS L\u00d3PEZ CARVAJALCARLOS QUINTEROCARLOS ROLANDO VALLADARES AREANOEDGAR MILTON SOLIS LOPEZEDUARDO JOS\u00c9 CONDE ORELLANAEMILIO MENESES CASTILLOEMILIO MONTT DE LE\u00d3NERIBERTO ORELLANA MORALESESTUARDO RODRIGUEZFEDERICO ROSALES ARZ\u00daGERMAN VARGASGUILLERMO [&hellip;]<\/p>\n","protected":false},"author":1,"featured_media":0,"parent":0,"menu_order":0,"comment_status":"closed","ping_status":"closed","template":"","meta":{"ocean_post_layout":"","ocean_both_sidebars_style":"","ocean_both_sidebars_content_width":0,"ocean_both_sidebars_sidebars_width":0,"ocean_sidebar":"","ocean_second_sidebar":"","ocean_disable_margins":"enable","ocean_add_body_class":"","ocean_shortcode_before_top_bar":"","ocean_shortcode_after_top_bar":"","ocean_shortcode_before_header":"","ocean_shortcode_after_header":"","ocean_has_shortcode":"","ocean_shortcode_after_title":"","ocean_shortcode_before_footer_widgets":"","ocean_shortcode_after_footer_widgets":"","ocean_shortcode_before_footer_bottom":"","ocean_shortcode_after_footer_bottom":"","ocean_display_top_bar":"default","ocean_display_header":"default","ocean_header_style":"","ocean_center_header_left_menu":"","ocean_custom_header_template":"","ocean_custom_logo":0,"ocean_custom_retina_logo":0,"ocean_custom_logo_max_width":0,"ocean_custom_logo_tablet_max_width":0,"ocean_custom_logo_mobile_max_width":0,"ocean_custom_logo_max_height":0,"ocean_custom_logo_tablet_max_height":0,"ocean_custom_logo_mobile_max_height":0,"ocean_header_custom_menu":"","ocean_menu_typo_font_family":"","ocean_menu_typo_font_subset":"","ocean_menu_typo_font_size":0,"ocean_menu_typo_font_size_tablet":0,"ocean_menu_typo_font_size_mobile":0,"ocean_menu_typo_font_size_unit":"px","ocean_menu_typo_font_weight":"","ocean_menu_typo_font_weight_tablet":"","ocean_menu_typo_font_weight_mobile":"","ocean_menu_typo_transform":"","ocean_menu_typo_transform_tablet":"","ocean_menu_typo_transform_mobile":"","ocean_menu_typo_line_height":0,"ocean_menu_typo_line_height_tablet":0,"ocean_menu_typo_line_height_mobile":0,"ocean_menu_typo_line_height_unit":"","ocean_menu_typo_spacing":0,"ocean_menu_typo_spacing_tablet":0,"ocean_menu_typo_spacing_mobile":0,"ocean_menu_typo_spacing_unit":"","ocean_menu_link_color":"","ocean_menu_link_color_hover":"","ocean_menu_link_color_active":"","ocean_menu_link_background":"","ocean_menu_link_hover_background":"","ocean_menu_link_active_background":"","ocean_menu_social_links_bg":"","ocean_menu_social_hover_links_bg":"","ocean_menu_social_links_color":"","ocean_menu_social_hover_links_color":"","ocean_disable_title":"default","ocean_disable_heading":"default","ocean_post_title":"","ocean_post_subheading":"","ocean_post_title_style":"","ocean_post_title_background_color":"","ocean_post_title_background":0,"ocean_post_title_bg_image_position":"","ocean_post_title_bg_image_attachment":"","ocean_post_title_bg_image_repeat":"","ocean_post_title_bg_image_size":"","ocean_post_title_height":0,"ocean_post_title_bg_overlay":0.5,"ocean_post_title_bg_overlay_color":"","ocean_disable_breadcrumbs":"default","ocean_breadcrumbs_color":"","ocean_breadcrumbs_separator_color":"","ocean_breadcrumbs_links_color":"","ocean_breadcrumbs_links_hover_color":"","ocean_display_footer_widgets":"default","ocean_display_footer_bottom":"default","ocean_custom_footer_template":"","footnotes":""},"class_list":["post-1480","page","type-page","status-publish","hentry","entry"],"_links":{"self":[{"href":"https:\/\/www.filacp.org\/web\/wp-json\/wp\/v2\/pages\/1480","targetHints":{"allow":["GET"]}}],"collection":[{"href":"https:\/\/www.filacp.org\/web\/wp-json\/wp\/v2\/pages"}],"about":[{"href":"https:\/\/www.filacp.org\/web\/wp-json\/wp\/v2\/types\/page"}],"author":[{"embeddable":true,"href":"https:\/\/www.filacp.org\/web\/wp-json\/wp\/v2\/users\/1"}],"replies":[{"embeddable":true,"href":"https:\/\/www.filacp.org\/web\/wp-json\/wp\/v2\/comments?post=1480"}],"version-history":[{"count":0,"href":"https:\/\/www.filacp.org\/web\/wp-json\/wp\/v2\/pages\/1480\/revisions"}],"wp:attachment":[{"href":"https:\/\/www.filacp.org\/web\/wp-json\/wp\/v2\/media?parent=1480"}],"curies":[{"name":"wp","href":"https:\/\/api.w.org\/{rel}","templated":true}]}}