{"id":1449,"date":"2016-09-05T22:19:47","date_gmt":"2016-09-06T01:19:47","guid":{"rendered":"http:\/\/www.filacp.org\/?page_id=1449"},"modified":"2026-04-06T15:53:18","modified_gmt":"2026-04-06T18:53:18","slug":"miembros-chile","status":"publish","type":"page","link":"https:\/\/www.filacp.org\/web\/miembros-chile\/","title":{"rendered":"Miembros Chile"},"content":{"rendered":"\t\t<div data-elementor-type=\"wp-page\" data-elementor-id=\"1449\" class=\"elementor elementor-1449\">\n\t\t\t\t\t\t<section class=\"elementor-section elementor-top-section elementor-element elementor-element-bcc15dd elementor-section-full_width elementor-section-height-default elementor-section-height-default\" data-id=\"bcc15dd\" data-element_type=\"section\">\n\t\t\t\t\t\t<div class=\"elementor-container elementor-column-gap-narrow\">\n\t\t\t\t\t<div class=\"elementor-column elementor-col-66 elementor-top-column elementor-element elementor-element-e145ddd\" data-id=\"e145ddd\" data-element_type=\"column\">\n\t\t\t<div class=\"elementor-widget-wrap elementor-element-populated\">\n\t\t\t\t\t\t<div class=\"elementor-element elementor-element-f7d50b5 elementor-position-left elementor-vertical-align-middle elementor-widget elementor-widget-image-box\" data-id=\"f7d50b5\" data-element_type=\"widget\" data-widget_type=\"image-box.default\">\n\t\t\t\t<div class=\"elementor-widget-container\">\n\t\t\t\t\t<div class=\"elementor-image-box-wrapper\"><figure class=\"elementor-image-box-img\"><img decoding=\"async\" width=\"70\" height=\"47\" src=\"https:\/\/www.filacp.org\/web\/wp-content\/uploads\/Chile.png\" class=\"attachment-full size-full wp-image-471\" alt=\"\" \/><\/figure><div class=\"elementor-image-box-content\"><h3 class=\"elementor-image-box-title\">Sociedad Chilena de Cirug\u00eda Pl\u00e1stica<\/h3><\/div><\/div>\t\t\t\t<\/div>\n\t\t\t\t<\/div>\n\t\t\t\t\t<\/div>\n\t\t<\/div>\n\t\t\t\t<div class=\"elementor-column elementor-col-33 elementor-top-column elementor-element elementor-element-bb321b5\" data-id=\"bb321b5\" data-element_type=\"column\">\n\t\t\t<div class=\"elementor-widget-wrap elementor-element-populated\">\n\t\t\t\t\t\t<div class=\"elementor-element elementor-element-02bc829 elementor-align-justify elementor-widget elementor-widget-button\" data-id=\"02bc829\" data-element_type=\"widget\" data-widget_type=\"button.default\">\n\t\t\t\t<div class=\"elementor-widget-container\">\n\t\t\t\t\t\t\t\t\t<div class=\"elementor-button-wrapper\">\n\t\t\t\t\t<a class=\"elementor-button elementor-button-link elementor-size-xs elementor-animation-push\" href=\"https:\/\/sccp.cl\/\" target=\"_blank\">\n\t\t\t\t\t\t<span class=\"elementor-button-content-wrapper\">\n\t\t\t\t\t\t\t\t\t<span class=\"elementor-button-text\">Sitio Web de la<br>Sociedad Miembro<\/span>\n\t\t\t\t\t<\/span>\n\t\t\t\t\t<\/a>\n\t\t\t\t<\/div>\n\t\t\t\t\t\t\t\t<\/div>\n\t\t\t\t<\/div>\n\t\t\t\t<div class=\"elementor-element elementor-element-25e0a73 elementor-widget elementor-widget-heading\" data-id=\"25e0a73\" data-element_type=\"widget\" data-widget_type=\"heading.default\">\n\t\t\t\t<div class=\"elementor-widget-container\">\n\t\t\t\t\t<h2 class=\"elementor-heading-title elementor-size-default\"><a href=\"history.back()\"> Volver Atr\u00e1s<\/a><\/h2>\t\t\t\t<\/div>\n\t\t\t\t<\/div>\n\t\t\t\t\t<\/div>\n\t\t<\/div>\n\t\t\t\t\t<\/div>\n\t\t<\/section>\n\t\t\t\t<section class=\"elementor-section elementor-top-section elementor-element elementor-element-49132c7e elementor-section-boxed elementor-section-height-default elementor-section-height-default\" data-id=\"49132c7e\" data-element_type=\"section\">\n\t\t\t\t\t\t<div class=\"elementor-container elementor-column-gap-default\">\n\t\t\t\t\t<div class=\"elementor-column elementor-col-100 elementor-top-column elementor-element elementor-element-26cc1687\" data-id=\"26cc1687\" data-element_type=\"column\">\n\t\t\t<div class=\"elementor-widget-wrap elementor-element-populated\">\n\t\t\t\t\t\t<div class=\"elementor-element elementor-element-ca1fbe7 elementor-widget-divider--view-line elementor-widget elementor-widget-divider\" data-id=\"ca1fbe7\" data-element_type=\"widget\" data-widget_type=\"divider.default\">\n\t\t\t\t<div class=\"elementor-widget-container\">\n\t\t\t\t\t\t\t<div class=\"elementor-divider\">\n\t\t\t<span class=\"elementor-divider-separator\">\n\t\t\t\t\t\t<\/span>\n\t\t<\/div>\n\t\t\t\t\t\t<\/div>\n\t\t\t\t<\/div>\n\t\t\t\t\t<\/div>\n\t\t<\/div>\n\t\t\t\t\t<\/div>\n\t\t<\/section>\n\t\t\t\t<section class=\"elementor-section elementor-top-section elementor-element elementor-element-13a108f7 elementor-section-boxed elementor-section-height-default elementor-section-height-default\" data-id=\"13a108f7\" data-element_type=\"section\">\n\t\t\t\t\t\t<div class=\"elementor-container elementor-column-gap-default\">\n\t\t\t\t\t<div class=\"elementor-column elementor-col-100 elementor-top-column elementor-element elementor-element-70800708\" data-id=\"70800708\" data-element_type=\"column\">\n\t\t\t<div class=\"elementor-widget-wrap elementor-element-populated\">\n\t\t\t\t\t\t<div class=\"elementor-element elementor-element-35b7625 elementor-widget elementor-widget-heading\" data-id=\"35b7625\" data-element_type=\"widget\" data-widget_type=\"heading.default\">\n\t\t\t\t<div class=\"elementor-widget-container\">\n\t\t\t\t\t<h2 class=\"elementor-heading-title elementor-size-default\">Listado de Miembros<\/h2>\t\t\t\t<\/div>\n\t\t\t\t<\/div>\n\t\t\t\t<div class=\"elementor-element elementor-element-3574c1fc elementor-widget elementor-widget-text-editor\" data-id=\"3574c1fc\" data-element_type=\"widget\" data-widget_type=\"text-editor.default\">\n\t\t\t\t<div class=\"elementor-widget-container\">\n\t\t\t\t\t\t\t\t\t<p>AAACH RODR\u00cdGUEZ AREF<br \/>ABOU KHEIR NOHELIA<br \/>ACOSTA VIANA SILVANA<br \/>AGUIRRE PADR\u00d3N LEIDER MARIANI<br \/>ALBORNOZ GARRIDO CLAUDIA<br \/>ALIAGA SANTOS ERICK<br \/>ALZATE RODAS ADRIANA<br \/>ARANCIBIA QUEZADA VALERIA<br \/>ARRIAGADA IRARRAZAVAL CRISTIAN<br \/>ARRIAGADA STUVEN JAIME<br \/>AYALA PARDO CARLOS <br \/>BEHM OLIVARES RODOLFO<br \/>BEJARANO FARRAH GABRIELLA<br \/>BEN\u00cdTEZ SEGUEL SUSANA<br \/>BERNALES MALDONADO JOAQU\u00cdN<br \/>BRAVO SEPULVEDA MARCO ANTONIO<br \/>BROUSSAIN KYLING VALENTINA<br \/>CABELLO P\u00c9REZ DE ARCE RODRIGO<br \/>CALDER\u00d3N GONZ\u00c1LEZ MAR\u00cdA ELSA<br \/>CALDER\u00d3N ORTEGA WILFREDO<br \/>CAMACHO MARTINO JUAN PABLO<br \/>C\u00c1RDENAS LARENAS JUAN PABLO<br \/>CASTELLANOS MORENO YELITZA<br \/>CASTILLO DELGADO PAULO<br \/>CASTILLO MONTOYA PABLO<br \/>CATAL\u00c1N CID JUAN EDUARDO<br \/>CHOMALI KOKALY TERESA<br \/>CIFUENTES ORT\u00cdZ IGNACIO<br \/>CISTERNAS VERA JUAN PABLO<br \/>CONEJERO ROOS ALEJANDRO<br \/>CONTRERAS DARVAS RODRIGO<br \/>CONTRERAS MORAGA PABLO<br \/>CORREA MIRANDA NELSON<br \/>COSSIO CASTRO FERNANDO<br \/>COVARRUBIAS C\u00c1RCELES PATRICIO<br \/>COVARRUBIAS GIORDANO OSVALDO<br \/>CUADRA CAMPOS ALVARO<br \/>CUEVAS TRONCOSO PEDRO <br \/>CULACIATI TAPIA CLAUDIO<br \/>DAGNINO URRUTIA BRUNO<br \/>DANILLA ENEI STEFAN<br \/>DAZA O\u00d1ATE LUIS<br \/>DE CAROLIS FRIEDMAN VICENTE<br \/>DE LA CERDA ALARC\u00d3N TERESA<br \/>DEICHLER VEGA MAR\u00cdA FERNANDA<br \/>D\u00cdAZ FLORES GABRIEL IGNACIO<br \/>D\u00cdAZ GUISADO ALEJANDRA<br \/>DOMINGUEZ CONTRERAS CARLOS<br \/>EGGER ZAVALA EDUARDO<br \/>ERAZO CORT\u00c9S CRISTIAN<br \/>EULUFI MU\u00d1OZ ALEX<br \/>FERES WOLF MARCELO<br \/>FIGUEROA RIVAS CARLOS <br \/>FLEITAS MORENO MILVIS<br \/>FLORES MOLTEDO NICOL\u00c1S<br \/>FLORES ALEXANDER DE JES\u00daS<br \/>FONFACH ZAHN CARLOS<br \/>FONSECA CANTEROS MARCELO<br \/>FONTBONA TORRES MONTSERRAT<br \/>FORD MART\u00cdNEZ ALISON<br \/>FUENTES AMESTY JOS\u00c9<br \/>FUENTES FREIRE PATRICIO<br \/>GACITUA GARSTMAN HUMBERTO<br \/>GALILEA FERN\u00c1NDEZ CARLOS<br \/>GAME MARCOS EMILIO<br \/>GARC\u00cdA DELANO GERM\u00c1N<br \/>GARC\u00cdA-HUIDOBRO MAR\u00cdA ANG\u00c9LICA<br \/>GIUGLIANO VILLARROEL CARLOS<br \/>GODOY SILANES MARIO<br \/>GOMEZ CORONA GONZALO<br \/>GONZ\u00c1LEZ BARTOLOMEI DANTE<br \/>GONZALEZ CIRIANO ROLANDO<br \/>GONZ\u00c1LEZ RODR\u00cdGUEZ C. PATRICIO<br \/>GUERRA S\u00c1NCHEZ CLAUDIO<br \/>GULER GONZ\u00c1LEZ KENNETH<br \/>GURIDI GUBBINS RODRIGO<br \/>HAACK VALDIVIA FLORENCIA<br \/>HASBUN NAZAR ANDREA<br \/>HERN\u00c1NDEZ ROJAS V\u00cdCTOR<br \/>HITSCHFELD GONZ\u00c1LEZ MARIO<br \/>IBA\u00d1EZ RAM\u00cdREZ MAURICIO<br \/>I\u00d1IGUEZ CUADRA ARMANDO<br \/>IRIBARREN BROWN OSVALDO<br \/>ISRAEL VILLAFA\u00d1E GUILLERMO<br \/>JACUBOVSKY LITVAK DANIEL<br \/>JARA CONTRERAS ROC\u00cdO<br \/>JURY SANTIB\u00c1\u00d1EZ OSVALDO<br \/>KARPYN BRITO ZULLYMAR<br \/>KAUAK KAUAK LLAMIL<br \/>KORZENSZKY TOMEK ANTONIO<br \/>LAGOS JEFFERSON CAROLINA<br \/>LAS HERAS FABREGAT ROC\u00cdO<br \/>LASEN DE SOLMINIHAC JOS\u00c9<br \/>LEE FLORES ENRIQUE<br \/>L\u00c9NIZ MEJ\u00cdA PATRICIO<br \/>LENNON ZANINOVIC MAR\u00cdA LORETO<br \/>LE\u00d3N GANEM FRANCISCA<br \/>LLANOS OLMEDO SERGIO<br \/>LOBOS BERMUDES LUIS<br \/>LOMBARDI AZOCAR JUAN JOS\u00c9<br \/>LOMBARDO MART\u00cdN EZEQUIEL<br \/>LONGTON BRUNET CRIST\u00d3BAL<br \/>MACAN MIRANDA FERNANDO<br \/>MANGELSDORFF GALEB GUNTHER<br \/>MAR\u00cdN ESPINOSA MICHEL<br \/>MARRE MEDINA DIEGO<br \/>MAYDANA MAT\u00cdNEZ MAR\u00cdA ANG\u00c9LICA <br \/>MERUANE NARANJO MANUEL<br \/>MONASTERIO ALJARO LUIS<br \/>MORA PULIDO CARLA<br \/>MORAGA CONCHA JAVIER<br \/>MORALES MEZA EDUARDO<br \/>MOROVIC INOSTROZACARMEN GLORIA<br \/>NAVIA TORELLI ALFONSO JORGE<br \/>NOVA NOVA MATIAS<br \/>NOZZI OGGERO GUILLERMO<br \/>O\u00d1ATE GUILAR VANESA<br \/>ORDENES EVENSEN ANDR\u00c9S<br \/>OYARCE TORRES FRANCISCO<br \/>PAILLALEF C\u00d3RDOVA ARTURO<br \/>PARADA CAMPOS FRANCISCO <br \/>PARADA MATUS LEONARDO<br \/>PAULOS PARTO MAR\u00cdA ANG\u00c9LICA<br \/>PE\u00d1A MART\u00cdNEZ VER\u00d3NICA<br \/>PEREIRA COVARRUBIAS NICOL\u00c1S<br \/>P\u00c9REZ ZAPATA SONNIA ELOINA<br \/>PESQUEIRA BANDERAS M.TERESA<br \/>PINTO EST\u00c9 MARTHA<br \/>PI\u00d1EROS BARRAG\u00c1N JOS\u00c9 LUIS<br \/>POLANCO MONTALVAN DIEGO<br \/>PRADO SANHUEZA ROBERTO<br \/>PRADO SCOTT ARTURO<br \/>QUI\u00d1ONEZ SARMIENTO H\u00c9CTOR<br \/>QUISPE VALD\u00c9S DIEGO<br \/>RAM\u00cdREZ BURGOS ANDREA NICOL<br \/>RAM\u00cdREZ SNEBERGER JOAQU\u00cdN<br \/>REYES JARAMILLO SERGIO<br \/>RIGAUD MENDOZA DAIRENE<br \/>R\u00cdOS VERGARA MARCO ANTONIO<br \/>ROA GUTI\u00c9RREZ RICARDO<br \/>ROCO MOLINA H\u00c9CTOR<br \/>RODRIGUEZ LE\u00d3N ALEJANDRA<br \/>RODRIGUEZ RODR\u00cdGUEZ ADALIS<br \/>RODR\u00cdGUEZ JOS\u00c9 RAM\u00d3N<br \/>ROJAS GORIGOYTIA GAST\u00d3N<br \/>ROJAS YA\u00d1EZ CARLOS<br \/>ROJAS ZEGERS JORGE<br \/>ROJAS ZEGERS JORGE<br \/>ROM\u00c1N FERN\u00c1NDEZ JOS\u00c9 LUIS<br \/>ROZAS CONTRERAS CECILIA<br \/>RUBIO GONZALEZ ALVARO<br \/>RUDOLPH GEISSE ARMIN<br \/>RUIZ ROSIRYS MILAGROS<br \/>SAA SCHERPING EDUARDO<br \/>SALEM ZAMORANO CHRISTI\u00c1N<br \/>SALISBURY DEVINCENZI CAROLINA<br \/>SAMMANN BARTLING MICHAEL<br \/>S\u00c1NCHEZ LIBERONA VICENTE ALBERTO<br \/>SCHWEMBER FERN\u00c1NDEZGERARDO<br \/>SCHWINGELER REUTTER MART\u00cdN<br \/>SCIARAFFIA MERINO CARLOS<br \/>SEARLE FERRARI SUSANA<br \/>SEP\u00daLVEDA PEREIRA SERGIO<br \/>SEP\u00daLVEDA TORRES CRISTIAN<br \/>SIERRA DE PRINCE DIANA<br \/>SILVA VERGARA CLAUDIO<br \/>SOROLLA PARKER JUAN PABLO<br \/>SOSA NARVAEZ JUAN CARLOS<br \/>SOTILLO OCHOA GUSTAVO<br \/>SOTO DIEZ CAROLINA<br \/>SPROHNLE FLORES VIVIANA<br \/>STANDEN MITCHELL MARCELO<br \/>STEINER GOLDBAUM MARCELO<br \/>STEVENS MOYA PATRICIO<br \/>SUDY PINTO HERN\u00c1N<br \/>SWETT P\u00c9REZ ALEJANDRO<br \/>SYLVESTER FR\u00cdAS MARIL\u00da<br \/>TEJOS SUF\u00c1N RODRIGO<br \/>THOMAS BAS CLAUDIO<br \/>TOLOZA MAT\u00cdAS<br \/>TORRES EGA\u00d1A ESTEBAN<br \/>TORRES MART\u00cdNEZ JAVIER ALBERTO<br \/>TRONCOSO OLCHEVSKAIA EKATERINA<br \/>TRONCOSO RIGOTTI ANTONIO<br \/>ULLOA MU\u00d1OZ PEDRO PABLO<br \/>URENDA VALD\u00c9S JORGE<br \/>VALDES CID JORGE<br \/>VALD\u00c9S CONSUELO<br \/>VALENZUELA URQUIDI SERGIO<br \/>VALVERDE LYON TOM\u00c1S <br \/>VIDAL GARC\u00cdA-HUIDOBRO PEDRO<br \/>VIELMA MONSALVES RODRIGO<br \/>VILLAFRANCA ARENAS JORGE<br \/>VILLAL\u00d3N FUSTER EDUARDO<br \/>VILLAM\u00c1N GONZ\u00c1LEZ JUAN JOS\u00c9<br \/>VILLEGAS CANQUIL JORGE<br \/>VIVAS ROSALES GIOVANNI ALEXANDER<br \/>WISNIA CONTRERAS PAMELA<br \/>YA\u00d1EZ MARTINEZ RICARDO<\/p>\t\t\t\t\t\t\t\t<\/div>\n\t\t\t\t<\/div>\n\t\t\t\t\t<\/div>\n\t\t<\/div>\n\t\t\t\t\t<\/div>\n\t\t<\/section>\n\t\t\t\t<\/div>\n\t\t","protected":false},"excerpt":{"rendered":"<p>Sociedad Chilena de Cirug\u00eda Pl\u00e1stica Sitio Web de laSociedad Miembro Volver Atr\u00e1s Listado de Miembros AAACH RODR\u00cdGUEZ AREFABOU KHEIR NOHELIAACOSTA VIANA SILVANAAGUIRRE PADR\u00d3N LEIDER MARIANIALBORNOZ GARRIDO CLAUDIAALIAGA SANTOS ERICKALZATE RODAS ADRIANAARANCIBIA QUEZADA VALERIAARRIAGADA IRARRAZAVAL CRISTIANARRIAGADA STUVEN JAIMEAYALA PARDO CARLOS BEHM OLIVARES RODOLFOBEJARANO FARRAH GABRIELLABEN\u00cdTEZ SEGUEL SUSANABERNALES MALDONADO JOAQU\u00cdNBRAVO SEPULVEDA MARCO ANTONIOBROUSSAIN KYLING VALENTINACABELLO P\u00c9REZ DE [&hellip;]<\/p>\n","protected":false},"author":1,"featured_media":0,"parent":0,"menu_order":0,"comment_status":"closed","ping_status":"closed","template":"","meta":{"ocean_post_layout":"","ocean_both_sidebars_style":"","ocean_both_sidebars_content_width":0,"ocean_both_sidebars_sidebars_width":0,"ocean_sidebar":"","ocean_second_sidebar":"","ocean_disable_margins":"enable","ocean_add_body_class":"","ocean_shortcode_before_top_bar":"","ocean_shortcode_after_top_bar":"","ocean_shortcode_before_header":"","ocean_shortcode_after_header":"","ocean_has_shortcode":"","ocean_shortcode_after_title":"","ocean_shortcode_before_footer_widgets":"","ocean_shortcode_after_footer_widgets":"","ocean_shortcode_before_footer_bottom":"","ocean_shortcode_after_footer_bottom":"","ocean_display_top_bar":"default","ocean_display_header":"default","ocean_header_style":"","ocean_center_header_left_menu":"","ocean_custom_header_template":"","ocean_custom_logo":0,"ocean_custom_retina_logo":0,"ocean_custom_logo_max_width":0,"ocean_custom_logo_tablet_max_width":0,"ocean_custom_logo_mobile_max_width":0,"ocean_custom_logo_max_height":0,"ocean_custom_logo_tablet_max_height":0,"ocean_custom_logo_mobile_max_height":0,"ocean_header_custom_menu":"","ocean_menu_typo_font_family":"","ocean_menu_typo_font_subset":"","ocean_menu_typo_font_size":0,"ocean_menu_typo_font_size_tablet":0,"ocean_menu_typo_font_size_mobile":0,"ocean_menu_typo_font_size_unit":"px","ocean_menu_typo_font_weight":"","ocean_menu_typo_font_weight_tablet":"","ocean_menu_typo_font_weight_mobile":"","ocean_menu_typo_transform":"","ocean_menu_typo_transform_tablet":"","ocean_menu_typo_transform_mobile":"","ocean_menu_typo_line_height":0,"ocean_menu_typo_line_height_tablet":0,"ocean_menu_typo_line_height_mobile":0,"ocean_menu_typo_line_height_unit":"","ocean_menu_typo_spacing":0,"ocean_menu_typo_spacing_tablet":0,"ocean_menu_typo_spacing_mobile":0,"ocean_menu_typo_spacing_unit":"","ocean_menu_link_color":"","ocean_menu_link_color_hover":"","ocean_menu_link_color_active":"","ocean_menu_link_background":"","ocean_menu_link_hover_background":"","ocean_menu_link_active_background":"","ocean_menu_social_links_bg":"","ocean_menu_social_hover_links_bg":"","ocean_menu_social_links_color":"","ocean_menu_social_hover_links_color":"","ocean_disable_title":"default","ocean_disable_heading":"default","ocean_post_title":"","ocean_post_subheading":"","ocean_post_title_style":"","ocean_post_title_background_color":"","ocean_post_title_background":0,"ocean_post_title_bg_image_position":"","ocean_post_title_bg_image_attachment":"","ocean_post_title_bg_image_repeat":"","ocean_post_title_bg_image_size":"","ocean_post_title_height":0,"ocean_post_title_bg_overlay":0.5,"ocean_post_title_bg_overlay_color":"","ocean_disable_breadcrumbs":"default","ocean_breadcrumbs_color":"","ocean_breadcrumbs_separator_color":"","ocean_breadcrumbs_links_color":"","ocean_breadcrumbs_links_hover_color":"","ocean_display_footer_widgets":"default","ocean_display_footer_bottom":"default","ocean_custom_footer_template":"","footnotes":""},"class_list":["post-1449","page","type-page","status-publish","hentry","entry"],"_links":{"self":[{"href":"https:\/\/www.filacp.org\/web\/wp-json\/wp\/v2\/pages\/1449","targetHints":{"allow":["GET"]}}],"collection":[{"href":"https:\/\/www.filacp.org\/web\/wp-json\/wp\/v2\/pages"}],"about":[{"href":"https:\/\/www.filacp.org\/web\/wp-json\/wp\/v2\/types\/page"}],"author":[{"embeddable":true,"href":"https:\/\/www.filacp.org\/web\/wp-json\/wp\/v2\/users\/1"}],"replies":[{"embeddable":true,"href":"https:\/\/www.filacp.org\/web\/wp-json\/wp\/v2\/comments?post=1449"}],"version-history":[{"count":6,"href":"https:\/\/www.filacp.org\/web\/wp-json\/wp\/v2\/pages\/1449\/revisions"}],"predecessor-version":[{"id":8438,"href":"https:\/\/www.filacp.org\/web\/wp-json\/wp\/v2\/pages\/1449\/revisions\/8438"}],"wp:attachment":[{"href":"https:\/\/www.filacp.org\/web\/wp-json\/wp\/v2\/media?parent=1449"}],"curies":[{"name":"wp","href":"https:\/\/api.w.org\/{rel}","templated":true}]}}