{"id":1418,"date":"2016-09-05T21:52:37","date_gmt":"2016-09-06T00:52:37","guid":{"rendered":"http:\/\/www.filacp.org\/?page_id=1418"},"modified":"2025-06-11T15:57:32","modified_gmt":"2025-06-11T18:57:32","slug":"miembros-bolivia","status":"publish","type":"page","link":"https:\/\/www.filacp.org\/web\/miembros-bolivia\/","title":{"rendered":"Miembros Bolivia"},"content":{"rendered":"\t\t<div data-elementor-type=\"wp-page\" data-elementor-id=\"1418\" class=\"elementor elementor-1418\">\n\t\t\t\t\t\t<section class=\"elementor-section elementor-top-section elementor-element elementor-element-dd25a34 elementor-section-full_width elementor-section-height-default elementor-section-height-default\" data-id=\"dd25a34\" data-element_type=\"section\">\n\t\t\t\t\t\t<div class=\"elementor-container elementor-column-gap-narrow\">\n\t\t\t\t\t<div class=\"elementor-column elementor-col-66 elementor-top-column elementor-element elementor-element-0aa4bd2\" data-id=\"0aa4bd2\" data-element_type=\"column\">\n\t\t\t<div class=\"elementor-widget-wrap elementor-element-populated\">\n\t\t\t\t\t\t<div class=\"elementor-element elementor-element-086a63b elementor-position-left elementor-vertical-align-middle elementor-widget elementor-widget-image-box\" data-id=\"086a63b\" data-element_type=\"widget\" data-widget_type=\"image-box.default\">\n\t\t\t\t<div class=\"elementor-widget-container\">\n\t\t\t\t\t<div class=\"elementor-image-box-wrapper\"><figure class=\"elementor-image-box-img\"><img decoding=\"async\" width=\"70\" height=\"47\" src=\"https:\/\/www.filacp.org\/web\/wp-content\/uploads\/Bolivia.png\" class=\"attachment-full size-full wp-image-351\" alt=\"\" \/><\/figure><div class=\"elementor-image-box-content\"><h3 class=\"elementor-image-box-title\">Sociedad Boliviana de Cirug\u00eda Pl\u00e1stica, Est\u00e9tica y Reconstructiva<\/h3><\/div><\/div>\t\t\t\t<\/div>\n\t\t\t\t<\/div>\n\t\t\t\t\t<\/div>\n\t\t<\/div>\n\t\t\t\t<div class=\"elementor-column elementor-col-33 elementor-top-column elementor-element elementor-element-0c8fee1\" data-id=\"0c8fee1\" data-element_type=\"column\">\n\t\t\t<div class=\"elementor-widget-wrap elementor-element-populated\">\n\t\t\t\t\t\t<div class=\"elementor-element elementor-element-a712a14 elementor-align-justify elementor-widget elementor-widget-button\" data-id=\"a712a14\" data-element_type=\"widget\" data-widget_type=\"button.default\">\n\t\t\t\t<div class=\"elementor-widget-container\">\n\t\t\t\t\t\t\t\t\t<div class=\"elementor-button-wrapper\">\n\t\t\t\t\t<a class=\"elementor-button elementor-button-link elementor-size-xs elementor-animation-push\" href=\"http:\/\/www.cirplasticabolivia.com\/\" target=\"_blank\">\n\t\t\t\t\t\t<span class=\"elementor-button-content-wrapper\">\n\t\t\t\t\t\t\t\t\t<span class=\"elementor-button-text\">Sitio Web de la<br>Sociedad Miembro<\/span>\n\t\t\t\t\t<\/span>\n\t\t\t\t\t<\/a>\n\t\t\t\t<\/div>\n\t\t\t\t\t\t\t\t<\/div>\n\t\t\t\t<\/div>\n\t\t\t\t<div class=\"elementor-element elementor-element-d8083ee elementor-widget elementor-widget-heading\" data-id=\"d8083ee\" data-element_type=\"widget\" data-widget_type=\"heading.default\">\n\t\t\t\t<div class=\"elementor-widget-container\">\n\t\t\t\t\t<h2 class=\"elementor-heading-title elementor-size-default\"><a href=\"history.back()\"> Volver Atr\u00e1s<\/a><\/h2>\t\t\t\t<\/div>\n\t\t\t\t<\/div>\n\t\t\t\t\t<\/div>\n\t\t<\/div>\n\t\t\t\t\t<\/div>\n\t\t<\/section>\n\t\t\t\t<section class=\"elementor-section elementor-top-section elementor-element elementor-element-38196d74 elementor-section-boxed elementor-section-height-default elementor-section-height-default\" data-id=\"38196d74\" data-element_type=\"section\">\n\t\t\t\t\t\t<div class=\"elementor-container elementor-column-gap-default\">\n\t\t\t\t\t<div class=\"elementor-column elementor-col-100 elementor-top-column elementor-element elementor-element-4403fbfc\" data-id=\"4403fbfc\" data-element_type=\"column\">\n\t\t\t<div class=\"elementor-widget-wrap elementor-element-populated\">\n\t\t\t\t\t\t<div class=\"elementor-element elementor-element-fc0b9e1 elementor-widget-divider--view-line elementor-widget elementor-widget-divider\" data-id=\"fc0b9e1\" data-element_type=\"widget\" data-widget_type=\"divider.default\">\n\t\t\t\t<div class=\"elementor-widget-container\">\n\t\t\t\t\t\t\t<div class=\"elementor-divider\">\n\t\t\t<span class=\"elementor-divider-separator\">\n\t\t\t\t\t\t<\/span>\n\t\t<\/div>\n\t\t\t\t\t\t<\/div>\n\t\t\t\t<\/div>\n\t\t\t\t\t<\/div>\n\t\t<\/div>\n\t\t\t\t\t<\/div>\n\t\t<\/section>\n\t\t\t\t<section class=\"elementor-section elementor-top-section elementor-element elementor-element-5cba2270 elementor-section-boxed elementor-section-height-default elementor-section-height-default\" data-id=\"5cba2270\" data-element_type=\"section\">\n\t\t\t\t\t\t<div class=\"elementor-container elementor-column-gap-default\">\n\t\t\t\t\t<div class=\"elementor-column elementor-col-100 elementor-top-column elementor-element elementor-element-5ea81026\" data-id=\"5ea81026\" data-element_type=\"column\">\n\t\t\t<div class=\"elementor-widget-wrap elementor-element-populated\">\n\t\t\t\t\t\t<div class=\"elementor-element elementor-element-a3d1c44 elementor-widget elementor-widget-heading\" data-id=\"a3d1c44\" data-element_type=\"widget\" data-widget_type=\"heading.default\">\n\t\t\t\t<div class=\"elementor-widget-container\">\n\t\t\t\t\t<h2 class=\"elementor-heading-title elementor-size-default\">Listado de Miembros<\/h2>\t\t\t\t<\/div>\n\t\t\t\t<\/div>\n\t\t\t\t<div class=\"elementor-element elementor-element-3bd16ab6 elementor-widget elementor-widget-text-editor\" data-id=\"3bd16ab6\" data-element_type=\"widget\" data-widget_type=\"text-editor.default\">\n\t\t\t\t<div class=\"elementor-widget-container\">\n\t\t\t\t\t\t\t\t\t<p>ACHA VARGAS EDGAR<br \/>AICARDI MIRIAM DEL VALLE<br \/>ANDRADE GAMARRA GABRIELA LOURDES<br \/>APONTE DELLIEN PAULA<br \/>ARCIENEGA LLANO ELIGIO ROLANDO<br \/>ARRIARAN CUELLAR ORLANDO<br \/>ARZE GOMEZ WILFOR GUILLERMO <br \/>AYOROA GORENA EDUARDO<br \/>BALLIVI\u00c1N RICO JOS\u00c9 LUIS<br \/>BALL\u00d3N T\u00c9LLEZ MARCO ANTONIO <br \/>BARRERO BLANCO VERONICA <br \/>BARZOLA MARTINEZ TITO SAID<br \/>BOLLWEG ROYO KLAUS<br \/>BUSTAMANTE BUSTAMANTE CLAUDIA MARIA<br \/>CABALLERO FLORES FEDONY<br \/>C\u00c1CERES QUINTANA GIANINA<br \/>CALVO PEDRAZA JES\u00daS REYNALDO<br \/>CANDIA BARRERO JORGE HERNAN<br \/>CARY VILLCA RENE <br \/>CASAZOLA FRANCO CRISTHIAM J.<br \/>CASTELLANOS VAZQUEZ ENRIQUE GENARO<br \/>CEPEDA MORUCHI FRANKLIN<br \/>CHAVEZ CHAVEZ EDGAR<br \/>CLAROS SANTANDER BORIS ROLANDO<br \/>CORREA ROCA FERNANDO<br \/>CORTEZ CHAVARRIA SIRLEY<br \/>COSS\u00cdO SALVATIERRA JAVIER<br \/>DUR\u00c1N LAFUENTE JANNETH<br \/>EID CABALLERO JUAN YAMIL<br \/>EL\u00cdAS BUSTILLOS CARLOS<br \/>ESCOBAR UGARTE RA\u00daL ADRI\u00c1N<br \/>EYZAGUIRRE SUAREZ MARCO ANTONIO<br \/>FERN\u00c1NDEZ NI\u00d1O DE GUZM\u00c1N JESSIKA<br \/>FLORES RAMOS MARCO TUCIO<br \/>FUENTES POL ANDRE<br \/>GARCIA IRIARTE HUMBERTO<br \/>GIL RIVERO ANA MAR\u00cdA<br \/>GOMEZ BORJA KATHIA NINOSKA<br \/>GUACHALLA LARA GINA MARY<br \/>GUTIERREZ GIBAJA JESSICA<br \/>GUTIERREZ HERRERA YESSICA<br \/>GUTIERREZ LEON VERONICA<br \/>IRIARTE IBA\u00d1EZ DANIELA FERNANDA<br \/>JORDAN LEDEZMA VANESSA<br \/>JUSTINIANO GRILLO LUCIO HERN\u00c1N<br \/>LA HERA LEMA JAIME<br \/>LAND TODESCO MARIA GIOVANA<br \/>LIJERON ARIAS REMBERT<br \/>LOZA MONTA\u00d1O BRAYAN<br \/>MENDIETA PE\u00d1ALOZA GABRIEL ANDRES<br \/>MERCADO AJUACHO MARCO AURELIO <br \/>MERCADO HURTADO EDWARD RODRIGO<br \/>MOGRO QUISPE BETTY<br \/>MOLLINEDO ZEBALLOS MARIA CLAUDIA<br \/>MOREJON VILLARTE DIEGO ARMANDO<br \/>MURILLO CARRASCO GERARDO<br \/>O\u00d1A GONZALEZ JANUSC INNGON FRANCESCO<br \/>OREFICE MENOZZI ALESSANDRO<br \/>OROS VALLEJOS JUAN PABLO<br \/>ORTUSTE IBA\u00d1EZ CIMAR <br \/>PACHECO CARVAJAL CESAR JAVIER<br \/>PEL\u00c1EZ FLORES CLAUDIA ALEJANDRA<br \/>PE\u00d1ARRIETA CHAGA JORGE EDUARDO<br \/>PEREIRA SUAREZ FERNANDO<br \/>PINTO BAZAN JOS\u00c9 MIGUEL<br \/>PINTO BERRIOS TANIA SUSANA<br \/>PORTUGAL SALVATIERRA MARCELO<br \/>QUIROGA CUELLAR JUAN PABLO<br \/>QUIROGA LOZA NINOSKA KARINA<br \/>REYES GUZMAN JULIO CESAR <br \/>R\u00cdOS ARAMAYO ALBRISI JORGE FERNANDO<br \/>RIVERA CRUZ CLAUDIA ROSARIO<br \/>RODRIGUEZ BLACUD FRANCISCO JOS\u00c9<br \/>ROJAS AYALA FRANZ RODRIGO<br \/>ROMAN ACHA CLAUDIA ALEXANDRA<br \/>ROMERO VELASCO JORGE ALEJANDRO <br \/>RUILOWA MARIACA ALI ELVIO<br \/>RUIZ BAREA FRANZ JAVIER<br \/>RUIZ TRIGO CAMILA<br \/>SAAVEDRA POZO IRACEMA<br \/>SALAUES HURTADO NADIR ANTONIO<br \/>SALGUERO CASTRO LEONARDO JUAN ANGEL<br \/>SANDINO SANTILLAN ALVARO BENJAMIN<br \/>SANDOVAL MORATO KAREN EDITH<br \/>SCHAYMAN PINO ABRAHAM LIMBERT<br \/>SEGALES PERALTA DANIELA<br \/>SERRANO OSENTETTER DAFNE ROSA MAR\u00cdA<br \/>SERRANO ROJAS ALVARO FABIAN<br \/>SI\u00d1ANI DIAZ WILLIAMS REYNALDO<br \/>SOL\u00cdS CLAURE GONZALO<br \/>SOSA FIGUEROA EDMY<br \/>SU\u00c1REZ OYHAMBUR\u00da DARIO LAUTARO<br \/>TORO HASSENTEUFFEL JAVIER LIMBER<br \/>TORO HASSENTEUFFEL JOSE LUIS<br \/>TORREZ VELASCO GERMAN MARCELO<br \/>URIARTE MAYORGA MARCELO HUGO<br \/>VARGAS ARISPE PATRICIA <br \/>VARGAS CARRASCO FABIAN ARTURO<br \/>VELEZ BENITEZ MIGUEL HERIBERTO<br \/>VILLALTA VARGAS JAIME CESAR<br \/>ZABALAGA CESPEDES IVAN PATRICIO<br \/>ZAMBRANA FLORES ROGER<\/p>\t\t\t\t\t\t\t\t<\/div>\n\t\t\t\t<\/div>\n\t\t\t\t\t<\/div>\n\t\t<\/div>\n\t\t\t\t\t<\/div>\n\t\t<\/section>\n\t\t\t\t<\/div>\n\t\t","protected":false},"excerpt":{"rendered":"<p>Sociedad Boliviana de Cirug\u00eda Pl\u00e1stica, Est\u00e9tica y Reconstructiva Sitio Web de laSociedad Miembro Volver Atr\u00e1s Listado de Miembros ACHA VARGAS EDGARAICARDI MIRIAM DEL VALLEANDRADE GAMARRA GABRIELA LOURDESAPONTE DELLIEN PAULAARCIENEGA LLANO ELIGIO ROLANDOARRIARAN CUELLAR ORLANDOARZE GOMEZ WILFOR GUILLERMO AYOROA GORENA EDUARDOBALLIVI\u00c1N RICO JOS\u00c9 LUISBALL\u00d3N T\u00c9LLEZ MARCO ANTONIO BARRERO BLANCO VERONICA BARZOLA MARTINEZ TITO SAIDBOLLWEG ROYO KLAUSBUSTAMANTE [&hellip;]<\/p>\n","protected":false},"author":1,"featured_media":0,"parent":0,"menu_order":0,"comment_status":"closed","ping_status":"closed","template":"","meta":{"ocean_post_layout":"","ocean_both_sidebars_style":"","ocean_both_sidebars_content_width":0,"ocean_both_sidebars_sidebars_width":0,"ocean_sidebar":"","ocean_second_sidebar":"","ocean_disable_margins":"enable","ocean_add_body_class":"","ocean_shortcode_before_top_bar":"","ocean_shortcode_after_top_bar":"","ocean_shortcode_before_header":"","ocean_shortcode_after_header":"","ocean_has_shortcode":"","ocean_shortcode_after_title":"","ocean_shortcode_before_footer_widgets":"","ocean_shortcode_after_footer_widgets":"","ocean_shortcode_before_footer_bottom":"","ocean_shortcode_after_footer_bottom":"","ocean_display_top_bar":"default","ocean_display_header":"default","ocean_header_style":"","ocean_center_header_left_menu":"","ocean_custom_header_template":"","ocean_custom_logo":0,"ocean_custom_retina_logo":0,"ocean_custom_logo_max_width":0,"ocean_custom_logo_tablet_max_width":0,"ocean_custom_logo_mobile_max_width":0,"ocean_custom_logo_max_height":0,"ocean_custom_logo_tablet_max_height":0,"ocean_custom_logo_mobile_max_height":0,"ocean_header_custom_menu":"","ocean_menu_typo_font_family":"","ocean_menu_typo_font_subset":"","ocean_menu_typo_font_size":0,"ocean_menu_typo_font_size_tablet":0,"ocean_menu_typo_font_size_mobile":0,"ocean_menu_typo_font_size_unit":"px","ocean_menu_typo_font_weight":"","ocean_menu_typo_font_weight_tablet":"","ocean_menu_typo_font_weight_mobile":"","ocean_menu_typo_transform":"","ocean_menu_typo_transform_tablet":"","ocean_menu_typo_transform_mobile":"","ocean_menu_typo_line_height":0,"ocean_menu_typo_line_height_tablet":0,"ocean_menu_typo_line_height_mobile":0,"ocean_menu_typo_line_height_unit":"","ocean_menu_typo_spacing":0,"ocean_menu_typo_spacing_tablet":0,"ocean_menu_typo_spacing_mobile":0,"ocean_menu_typo_spacing_unit":"","ocean_menu_link_color":"","ocean_menu_link_color_hover":"","ocean_menu_link_color_active":"","ocean_menu_link_background":"","ocean_menu_link_hover_background":"","ocean_menu_link_active_background":"","ocean_menu_social_links_bg":"","ocean_menu_social_hover_links_bg":"","ocean_menu_social_links_color":"","ocean_menu_social_hover_links_color":"","ocean_disable_title":"default","ocean_disable_heading":"default","ocean_post_title":"","ocean_post_subheading":"","ocean_post_title_style":"","ocean_post_title_background_color":"","ocean_post_title_background":0,"ocean_post_title_bg_image_position":"","ocean_post_title_bg_image_attachment":"","ocean_post_title_bg_image_repeat":"","ocean_post_title_bg_image_size":"","ocean_post_title_height":0,"ocean_post_title_bg_overlay":0.5,"ocean_post_title_bg_overlay_color":"","ocean_disable_breadcrumbs":"default","ocean_breadcrumbs_color":"","ocean_breadcrumbs_separator_color":"","ocean_breadcrumbs_links_color":"","ocean_breadcrumbs_links_hover_color":"","ocean_display_footer_widgets":"default","ocean_display_footer_bottom":"default","ocean_custom_footer_template":"","footnotes":""},"class_list":["post-1418","page","type-page","status-publish","hentry","entry"],"_links":{"self":[{"href":"https:\/\/www.filacp.org\/web\/wp-json\/wp\/v2\/pages\/1418","targetHints":{"allow":["GET"]}}],"collection":[{"href":"https:\/\/www.filacp.org\/web\/wp-json\/wp\/v2\/pages"}],"about":[{"href":"https:\/\/www.filacp.org\/web\/wp-json\/wp\/v2\/types\/page"}],"author":[{"embeddable":true,"href":"https:\/\/www.filacp.org\/web\/wp-json\/wp\/v2\/users\/1"}],"replies":[{"embeddable":true,"href":"https:\/\/www.filacp.org\/web\/wp-json\/wp\/v2\/comments?post=1418"}],"version-history":[{"count":0,"href":"https:\/\/www.filacp.org\/web\/wp-json\/wp\/v2\/pages\/1418\/revisions"}],"wp:attachment":[{"href":"https:\/\/www.filacp.org\/web\/wp-json\/wp\/v2\/media?parent=1418"}],"curies":[{"name":"wp","href":"https:\/\/api.w.org\/{rel}","templated":true}]}}